{"id":4997,"date":"2025-08-17T04:03:47","date_gmt":"2025-08-17T11:03:47","guid":{"rendered":"https:\/\/argographene.com\/?page_id=4997"},"modified":"2025-08-19T13:02:33","modified_gmt":"2025-08-19T20:02:33","slug":"nachrichten-2","status":"publish","type":"page","link":"https:\/\/argographene.com\/de\/nachrichten-2\/","title":{"rendered":"Nachrichten"},"content":{"rendered":"\n  <div class=\"banner has-hover\" id=\"banner-503440\">\n          <div class=\"banner-inner fill\">\n        <div class=\"banner-bg fill\" >\n            <img loading=\"lazy\" decoding=\"async\" width=\"1020\" height=\"574\" src=\"https:\/\/argographene.com\/wp-content\/uploads\/2025\/08\/iStock-2159558261.jpg\" class=\"bg attachment-large size-large\" alt=\"\" \/>                                    \n                    <\/div>\n\t\t\n        <div class=\"banner-layers container\">\n            <div class=\"fill banner-link\"><\/div>            \n   <div id=\"text-box-1384833219\" class=\"text-box banner-layer x10 md-x15 lg-x0 y35 md-y35 lg-y30 res-text\">\n                                <div class=\"text-box-content text dark\">\n              \n              <div class=\"text-inner text-center\">\n                  \n\t<div id=\"text-3047026716\" class=\"text\">\n\t\t\n<h1>NEWS<\/h1>\n\t\t\n<style>\n#text-3047026716 {\n  font-size: 1rem;\n  text-align: left;\n  color: rgb(255,255,255);\n}\n#text-3047026716 > * {\n  color: rgb(255,255,255);\n}\n@media (min-width:550px) {\n  #text-3047026716 {\n    font-size: 0.95rem;\n  }\n}\n@media (min-width:850px) {\n  #text-3047026716 {\n    font-size: 1.3rem;\n  }\n}\n<\/style>\n\t<\/div>\n\t\n              <\/div>\n           <\/div>\n                            \n<style>\n#text-box-1384833219 {\n  width: 77%;\n}\n#text-box-1384833219 .text-box-content {\n  font-size: 100%;\n}\n@media (min-width:550px) {\n  #text-box-1384833219 {\n    width: 64%;\n  }\n}\n@media (min-width:850px) {\n  #text-box-1384833219 {\n    width: 41%;\n  }\n}\n<\/style>\n    <\/div>\n \n        <\/div>\n      <\/div>\n\n            \n<style>\n#banner-503440 {\n  padding-top: 300px;\n}\n#banner-503440 .banner-bg img {\n  object-position: 49% 51%;\n}\n@media (min-width:550px) {\n  #banner-503440 {\n    padding-top: 400px;\n  }\n}\n@media (min-width:850px) {\n  #banner-503440 {\n    padding-top: 600px;\n  }\n}\n<\/style>\n  <\/div>\n\n\n\n\t<section class=\"section\" id=\"section_295812636\">\n\t\t<div class=\"section-bg fill\" >\n\t\t\t\t\t\t\t\t\t\n\t\t\t\n\n\t\t<\/div>\n\n\t\t\n\n\t\t<div class=\"section-content relative\">\n\t\t\t\n<div class=\"row row-collapse align-center\"  id=\"row-133171827\">\n\n\t<div id=\"col-1835518567\" class=\"col medium-11 small-12 large-12\"  >\n\t\t\t\t<div class=\"col-inner text-center\"  >\n\t\t\t\n\t\t\t\n\n  \n    <div id=\"row-996932752\" class=\"row large-columns-2 medium-columns- small-columns-1 has-shadow row-box-shadow-2 row-masonry\" data-packery-options='{\"itemSelector\": \".col\", \"gutter\": 0, \"presentageWidth\" : true}'>\n\n  <div class=\"col post-item\" >\n\t\t\t<div class=\"col-inner\">\n\t\t\t\t<div class=\"box box-normal box-text-bottom box-blog-post has-hover\">\n            \t\t\t\t\t<div class=\"box-image\" >\n  \t\t\t\t\t\t<div class=\"image-cover\" style=\"padding-top:180px;\">\n\t\t\t\t\t\t\t<a href=\"https:\/\/argographene.com\/de\/blog\/news\/was-ist-chitin-und-warum-braucht-der-boden-es\/\" class=\"plain\" aria-label=\"Was ist Chitin? Und warum braucht der Boden es?\">\n\t\t\t\t\t\t\t\t<img loading=\"lazy\" decoding=\"async\" width=\"616\" height=\"400\" src=\"https:\/\/argographene.com\/wp-content\/uploads\/2022\/05\/Chitin-616x400.png\" class=\"attachment-medium size-medium wp-post-image\" alt=\"\" srcset=\"https:\/\/argographene.com\/wp-content\/uploads\/2022\/05\/Chitin-616x400.png 616w, https:\/\/argographene.com\/wp-content\/uploads\/2022\/05\/Chitin-510x331.png 510w, https:\/\/argographene.com\/wp-content\/uploads\/2022\/05\/Chitin-768x499.png 768w, https:\/\/argographene.com\/wp-content\/uploads\/2022\/05\/Chitin-600x390.png 600w, https:\/\/argographene.com\/wp-content\/uploads\/2022\/05\/Chitin.png 850w\" sizes=\"auto, (max-width: 616px) 100vw, 616px\" \/>\t\t\t\t\t\t\t<\/a>\n  \t\t\t\t\t\t\t  \t\t\t\t\t\t\t  \t\t\t\t\t\t<\/div>\n  \t\t\t\t\t\t  \t\t\t\t\t<\/div>\n          \t\t\t\t\t<div class=\"box-text text-center\" >\n\t\t\t\t\t<div class=\"box-text-inner blog-post-inner\">\n\n\t\t\t\t\t\n\t\t\t\t\t\t\t\t\t\t\t<p class=\"cat-label tag-label is-xxsmall op-7 uppercase\">\n\t\t\t\t\tNews NEWS Nicht kategorisiert \t\t\t\t\t<\/p>\n\t\t\t\t\t\t\t\t\t\t<h5 class=\"post-title is-large \">\n\t\t\t\t\t\t<a href=\"https:\/\/argographene.com\/de\/blog\/news\/was-ist-chitin-und-warum-braucht-der-boden-es\/\" class=\"plain\">Was ist Chitin? Und warum braucht der Boden es?<\/a>\n\t\t\t\t\t<\/h5>\n\t\t\t\t\t\t\t\t\t\t<div class=\"is-divider\"><\/div>\n\t\t\t\t\t\t\t\t\t\t<p class=\"from_the_blog_excerpt \">\n\t\t\t\t\t\tEine faserige Substanz, die sowohl K\u00e4fer als auch Pilze sch\u00fctzt. Sie funktioniert \u00e4hnlich wie ein [...]\t\t\t\t\t<\/p>\n\t\t\t\t\t                    \n\t\t\t\t\t\n\t\t\t\t\t\n\t\t\t\t\t<\/div>\n\t\t\t\t\t<\/div>\n\t\t\t\t\t\t\t\t\t\t\t\t\t\t\t\t<div class=\"badge absolute top post-date badge-outline\">\n\t\t\t\t\t\t\t<div class=\"badge-inner\">\n\t\t\t\t\t\t\t\t<span class=\"post-date-day\">05<\/span><br>\n\t\t\t\t\t\t\t\t<span class=\"post-date-month is-xsmall\">Mai<\/span>\n\t\t\t\t\t\t\t<\/div>\n\t\t\t\t\t\t<\/div>\n\t\t\t\t\t\t\t\t\t<\/div>\n\t\t\t<\/div>\n\t\t<\/div><\/div>\n\t\t<\/div>\n\t\t\t\t\t<\/div>\n\n\t\n<\/div>\n\t\t<\/div>\n\n\t\t\n<style>\n#section_295812636 {\n  padding-top: 30px;\n  padding-bottom: 30px;\n  margin-bottom: 40px;\n}\n<\/style>\n\t<\/section>\n\t\n","protected":false},"excerpt":{"rendered":"","protected":false},"author":20,"featured_media":0,"parent":0,"menu_order":0,"comment_status":"closed","ping_status":"closed","template":"page-blank.php","meta":{"footnotes":""},"class_list":["post-4997","page","type-page","status-publish","hentry"],"_links":{"self":[{"href":"https:\/\/argographene.com\/de\/wp-json\/wp\/v2\/pages\/4997","targetHints":{"allow":["GET"]}}],"collection":[{"href":"https:\/\/argographene.com\/de\/wp-json\/wp\/v2\/pages"}],"about":[{"href":"https:\/\/argographene.com\/de\/wp-json\/wp\/v2\/types\/page"}],"author":[{"embeddable":true,"href":"https:\/\/argographene.com\/de\/wp-json\/wp\/v2\/users\/20"}],"replies":[{"embeddable":true,"href":"https:\/\/argographene.com\/de\/wp-json\/wp\/v2\/comments?post=4997"}],"version-history":[{"count":7,"href":"https:\/\/argographene.com\/de\/wp-json\/wp\/v2\/pages\/4997\/revisions"}],"predecessor-version":[{"id":5133,"href":"https:\/\/argographene.com\/de\/wp-json\/wp\/v2\/pages\/4997\/revisions\/5133"}],"wp:attachment":[{"href":"https:\/\/argographene.com\/de\/wp-json\/wp\/v2\/media?parent=4997"}],"curies":[{"name":"wp","href":"https:\/\/api.w.org\/{rel}","templated":true}]}}