{"id":4569,"date":"2025-08-12T08:07:34","date_gmt":"2025-08-12T15:07:34","guid":{"rendered":"https:\/\/argographene.com\/graphen-landwirtschaft\/"},"modified":"2025-08-19T12:37:47","modified_gmt":"2025-08-19T19:37:47","slug":"graphen-landwirtschaft","status":"publish","type":"page","link":"https:\/\/argographene.com\/de\/graphen-landwirtschaft\/","title":{"rendered":"Graphen Landwirtschaft"},"content":{"rendered":"\n  <div class=\"banner has-hover has-parallax\" id=\"banner-1253137386\">\n          <div class=\"banner-inner fill\">\n        <div class=\"banner-bg fill\" data-parallax=\"-3\" data-parallax-container=\".banner\" data-parallax-background>\n            <img loading=\"lazy\" decoding=\"async\" width=\"1080\" height=\"685\" src=\"https:\/\/argographene.com\/wp-content\/uploads\/2025\/07\/Graphene-in-Agriculture.jpg\" class=\"bg attachment-original size-original\" alt=\"Graphene in Agriculture\" \/>                                    \n                    <\/div>\n\t\t\n        <div class=\"banner-layers container\">\n            <div class=\"fill banner-link\"><\/div>            \n   <div id=\"text-box-1219616881\" class=\"text-box banner-layer x50 md-x50 lg-x95 y15 md-y25 lg-y25 res-text\">\n                                <div class=\"text-box-content text dark\">\n              \n              <div class=\"text-inner text-center\">\n                  \n\t<div id=\"text-2171685052\" class=\"text\">\n\t\t\n<p class=\"uppercase\"><span style=\"font-family: monteserratbold; font-size: 100%;\">L\u00f6sungen<\/span><\/p>\n\t\t\n<style>\n#text-2171685052 {\n  font-size: 0.75rem;\n  text-align: left;\n  color: rgb(255,255,255);\n}\n#text-2171685052 > * {\n  color: rgb(255,255,255);\n}\n@media (min-width:550px) {\n  #text-2171685052 {\n    font-size: 0.75rem;\n    text-align: left;\n  }\n}\n@media (min-width:850px) {\n  #text-2171685052 {\n    font-size: 1rem;\n  }\n}\n<\/style>\n\t<\/div>\n\t\n\t<div id=\"text-3544963188\" class=\"text\">\n\t\t\n<h1>  Graphen Landwirtschaft<\/h1>\n\t\t\n<style>\n#text-3544963188 {\n  font-size: 0.95rem;\n  text-align: left;\n  color: rgb(255,255,255);\n}\n#text-3544963188 > * {\n  color: rgb(255,255,255);\n}\n@media (min-width:550px) {\n  #text-3544963188 {\n    font-size: 1rem;\n  }\n}\n@media (min-width:850px) {\n  #text-3544963188 {\n    font-size: 1.3rem;\n  }\n}\n<\/style>\n\t<\/div>\n\t\n<div class=\"text-center\"><div class=\"is-divider divider clearfix\" style=\"margin-top:0px;margin-bottom:0px;max-width:1300px;height:1px;background-color:rgb(255, 255, 255);\"><\/div><\/div>\n\t<div id=\"text-968337411\" class=\"text\">\n\t\t\n<p style=\"margin: 0;\"><b>Die Zukunft mit fortschrittlichen Nanomaterialien ern\u00e4hren.<br \/><\/b><\/p>\n\t\t\n<style>\n#text-968337411 {\n  font-size: 1.2rem;\n  text-align: left;\n}\n@media (min-width:850px) {\n  #text-968337411 {\n    font-size: 1.7rem;\n  }\n}\n<\/style>\n\t<\/div>\n\t\n\t<div id=\"gap-252242923\" class=\"gap-element clearfix hidden\" style=\"display:block; height:auto;\">\n\t\t\n<style>\n#gap-252242923 {\n  padding-top: 30px;\n}\n<\/style>\n\t<\/div>\n\t\n\t<div id=\"gap-249470535\" class=\"gap-element clearfix show-for-small\" style=\"display:block; height:auto;\">\n\t\t\n<style>\n#gap-249470535 {\n  padding-top: 30px;\n}\n<\/style>\n\t<\/div>\n\t\n              <\/div>\n           <\/div>\n                            \n<style>\n#text-box-1219616881 {\n  width: 86%;\n}\n#text-box-1219616881 .text-box-content {\n  font-size: 100%;\n}\n@media (min-width:550px) {\n  #text-box-1219616881 {\n    width: 79%;\n  }\n}\n@media (min-width:850px) {\n  #text-box-1219616881 {\n    width: 92%;\n  }\n}\n<\/style>\n    <\/div>\n \n        <\/div>\n      <\/div>\n\n            \n<style>\n#banner-1253137386 {\n  padding-top: 400px;\n}\n#banner-1253137386 .banner-bg img {\n  object-position: 69% 58%;\n}\n@media (min-width:550px) {\n  #banner-1253137386 {\n    padding-top: 400px;\n  }\n}\n@media (min-width:850px) {\n  #banner-1253137386 {\n    padding-top: 600px;\n  }\n}\n<\/style>\n  <\/div>\n\n\n\n\t<section class=\"section\" id=\"section_1228010567\">\n\t\t<div class=\"section-bg fill\" >\n\t\t\t\t\t\t\t\t\t\n\t\t\t\n\t<div class=\"is-border\"\n\t\tstyle=\"border-width:0px 0px 0px 0px;\">\n\t<\/div>\n\n\t\t<\/div>\n\n\t\t\n\n\t\t<div class=\"section-content relative\">\n\t\t\t\n<div class=\"row row-large align-center\" style=\"max-width:1200px\" id=\"row-867386064\">\n\n\t<div id=\"col-71741475\" class=\"col medium-10 small-12 large-10\"  >\n\t\t\t\t<div class=\"col-inner\"  >\n\t\t\t\n\t\t\t\n\t<div id=\"text-1538947821\" class=\"text\">\n\t\t\n<p>Da der weltweite Nahrungsmittelbedarf steigt und die Anbaufl\u00e4chen immer knapper werden, muss sich die Landwirtschaft weiterentwickeln, um mit weniger Ressourcen eine h\u00f6here Produktivit\u00e4t zu erzielen. Die mit Graphen angereicherten Agrartechnologiel\u00f6sungen von Argo bringen Innovationen im Bereich der Nanomaterialien auf das Feld und verbessern die Effizienz, Widerstandsf\u00e4higkeit und Nachhaltigkeit in jeder Phase der Pflanzenproduktion. <\/p>\n\t\t\n<style>\n#text-1538947821 {\n  font-size: 1.2rem;\n  line-height: 2;\n}\n<\/style>\n\t<\/div>\n\t\n\t<div id=\"gap-1811356961\" class=\"gap-element clearfix show-for-medium\" style=\"display:block; height:auto;\">\n\t\t\n<style>\n#gap-1811356961 {\n  padding-top: 50px;\n}\n@media (min-width:850px) {\n  #gap-1811356961 {\n    padding-top: 30px;\n  }\n}\n<\/style>\n\t<\/div>\n\t\n\t\t<\/div>\n\t\t\t\t\n<style>\n#col-71741475 > .col-inner {\n  padding: 20px 20px 20px 20px;\n}\n<\/style>\n\t<\/div>\n\n\t\n\n\t<div id=\"col-231958741\" class=\"col small-12 large-12\"  >\n\t\t\t\t<div class=\"col-inner\"  >\n\t\t\t\n\t\t\t\n\n\t\t<\/div>\n\t\t\t\t\t<\/div>\n\n\t\n<\/div>\n<div class=\"row row-large align-middle align-center\" style=\"max-width:1200px\" id=\"row-1328161505\">\n\n\t<div id=\"col-2097364215\" class=\"col medium-10 small-12 large-10\"  >\n\t\t\t\t<div class=\"col-inner\"  >\n\t\t\t\n\t\t\t\n<div class=\"container section-title-container\" ><h3 class=\"section-title section-title-normal\"><b><\/b><span class=\"section-title-main\" style=\"font-size:125%;color:rgb(0, 0, 0);\">Wichtige Vorteile<\/span><b><\/b><\/h3><\/div>\n\t<div id=\"text-2434415709\" class=\"text\">\n\t\t\n<ul>\n<li style=\"font-weight: 400;\" aria-level=\"1\"><span style=\"font-size: 120%;\"><b>Bodenverbesserung<\/b><\/span><span style=\"font-weight: 400;\"> <br \/>Mit Graphen versetzte Bodenhilfsstoffe verbessern die Struktur, die Porosit\u00e4t und die mikrobielle Aktivit\u00e4t und helfen so, Feuchtigkeit zu speichern und den N\u00e4hrstoffaustausch zu optimieren.<br \/> <\/span> <\/li>\n<\/ul>\n\t\t\n<style>\n#text-2434415709 {\n  font-size: 1.2rem;\n  line-height: 2;\n}\n<\/style>\n\t<\/div>\n\t\n\t<div id=\"text-2181722375\" class=\"text\">\n\t\t\n<ul>\n<li style=\"font-weight: 400;\" aria-level=\"1\"><span style=\"font-size: 120%;\"><b>Intelligente D\u00fcngemittel<\/b><\/span><span style=\"font-weight: 400;\"> <br \/>Die gro\u00dfe Oberfl\u00e4che und die kontrollierte Freisetzung von Graphen erm\u00f6glichen langsam dispergierende D\u00fcngemittel, die den Abfluss und die Auswaschung von N\u00e4hrstoffen minimieren.\n<p> <\/span><\/li>\n<\/ul>\n\t\t\n<style>\n#text-2181722375 {\n  font-size: 1.2rem;\n  line-height: 2;\n}\n<\/style>\n\t<\/div>\n\t\n\t<div id=\"text-2319663146\" class=\"text\">\n\t\t\n<ul>\n<li style=\"font-weight: 400;\" aria-level=\"1\"><span style=\"font-size: 120%;\"><b>Leistung von Saatgut<\/b><\/span><span style=\"font-weight: 400;\"> <br \/>Graphen-Beschichtungen verbessern die Hydratation des Saatguts, die Keimungsrate und die Wurzelst\u00e4rke, was zu einem st\u00e4rkeren Wachstum der Pflanzen in der Fr\u00fchphase f\u00fchrt.\n<p> <\/span><\/li>\n<\/ul>\n\t\t\n<style>\n#text-2319663146 {\n  font-size: 1.2rem;\n  line-height: 2;\n}\n<\/style>\n\t<\/div>\n\t\n\t<div id=\"text-3454956232\" class=\"text\">\n\t\t\n<ul>\n<li style=\"font-weight: 400;\" aria-level=\"1\"><span style=\"font-size: 120%;\"><b>Schutz der Kulturpflanzen<\/b><\/span><span style=\"font-weight: 400;\"> <br \/> Seine antimikrobiellen Eigenschaften bilden eine nat\u00fcrliche Barriere gegen Krankheitserreger und verringern den Bedarf an synthetischen Pestiziden und Fungiziden.\n<p> <\/span><\/li>\n<\/ul>\n\t\t\n<style>\n#text-3454956232 {\n  font-size: 1.2rem;\n  line-height: 2;\n}\n<\/style>\n\t<\/div>\n\t\n\t<div id=\"text-3412928504\" class=\"text\">\n\t\t\n<ul>\n<li style=\"font-weight: 400;\" aria-level=\"1\"><span style=\"font-size: 120%;\"><b>Pr\u00e4zise \u00dcberwachung<\/b><\/span><span style=\"font-weight: 400;\"> <br \/>Nanosensoren auf Graphenbasis k\u00f6nnen in B\u00f6den und Pflanzen integriert werden, um Echtzeitdaten \u00fcber den pH-Wert, die Feuchtigkeit und den N\u00e4hrstoffgehalt zu liefern und den Landwirten damit verwertbare Erkenntnisse zu liefern.\n<p> <\/span><\/li>\n<\/ul>\n\t\t\n<style>\n#text-3412928504 {\n  font-size: 1.2rem;\n  line-height: 2;\n}\n<\/style>\n\t<\/div>\n\t\n\t<div id=\"gap-960807683\" class=\"gap-element clearfix show-for-medium\" style=\"display:block; height:auto;\">\n\t\t\n<style>\n#gap-960807683 {\n  padding-top: 50px;\n}\n@media (min-width:850px) {\n  #gap-960807683 {\n    padding-top: 30px;\n  }\n}\n<\/style>\n\t<\/div>\n\t\n\t\t<\/div>\n\t\t\t\t\n<style>\n#col-2097364215 > .col-inner {\n  padding: 20px 20px 20px 20px;\n}\n<\/style>\n\t<\/div>\n\n\t\n\n<style>\n#row-1328161505 > .col > .col-inner {\n  padding: 0px 20px 0px 20px;\n}\n@media (min-width:550px) {\n  #row-1328161505 > .col > .col-inner {\n    padding: 0px 0px 0px 0px;\n  }\n}\n@media (min-width:850px) {\n  #row-1328161505 > .col > .col-inner {\n    padding: 50px 0px 50px 0px;\n  }\n}\n<\/style>\n<\/div>\n\t\t<\/div>\n\n\t\t\n<style>\n#section_1228010567 {\n  padding-top: 50px;\n  padding-bottom: 50px;\n  background-color: rgb(244, 244, 244);\n}\n@media (min-width:550px) {\n  #section_1228010567 {\n    padding-top: 100px;\n    padding-bottom: 100px;\n  }\n}\n<\/style>\n\t<\/section>\n\t\n\n\t<section class=\"section\" id=\"section_2073393422\">\n\t\t<div class=\"section-bg fill\" >\n\t\t\t\t\t\t\t\t\t\n\t\t\t\n\t<div class=\"is-border\"\n\t\tstyle=\"border-width:0px 0px 0px 0px;\">\n\t<\/div>\n\n\t\t<\/div>\n\n\t\t\n\n\t\t<div class=\"section-content relative\">\n\t\t\t\n<div class=\"row row-large align-middle align-center\" style=\"max-width:1200px\" id=\"row-434311789\">\n\n\t<div id=\"col-2026008020\" class=\"col medium-10 small-12 large-10\"  >\n\t\t\t\t<div class=\"col-inner\"  >\n\t\t\t\n\t\t\t\n<div class=\"container section-title-container\" ><h3 class=\"section-title section-title-normal\"><b><\/b><span class=\"section-title-main\" style=\"font-size:125%;color:rgb(0, 0, 0);\">Anwendungen<\/span><b><\/b><\/h3><\/div>\n\t<div id=\"text-409383124\" class=\"text\">\n\t\t\n<ul>\n<li style=\"font-weight: 400;\" aria-level=\"1\"><strong><strong><span style=\"font-size: 120%;\">Hochwertiger Anbau und Spezialkulturen (z.B. Obst, Gem\u00fcse, Weinbau)<\/span><\/strong><\/strong><\/li>\n<li style=\"font-weight: 400;\" aria-level=\"1\"><strong><span style=\"font-size: 120%;\">Nachhaltige und regenerative Anbaumethoden<br \/><\/span><\/strong><\/li>\n<li style=\"font-weight: 400;\" aria-level=\"1\"><strong><span style=\"font-size: 120%;\">Biologisch vertr\u00e4gliche Bodenverbesserer und N\u00e4hrstoffzufuhrsysteme<br \/><\/span><\/strong><\/li>\n<li style=\"font-weight: 400;\" aria-level=\"1\"><strong><span style=\"font-size: 120%;\">Plattformen f\u00fcr die intelligente Landwirtschaft mit Echtzeit-Sensortechnologie<\/span><\/strong><strong><span style=\"font-size: 120%;\"><br \/><\/span><\/strong><\/li>\n<\/ul>\n\t\t\n<style>\n#text-409383124 {\n  font-size: 1.2rem;\n  line-height: 2;\n  color: #000000;\n}\n#text-409383124 > * {\n  color: #000000;\n}\n<\/style>\n\t<\/div>\n\t\n\t<div id=\"gap-1301657564\" class=\"gap-element clearfix show-for-medium\" style=\"display:block; height:auto;\">\n\t\t\n<style>\n#gap-1301657564 {\n  padding-top: 50px;\n}\n@media (min-width:850px) {\n  #gap-1301657564 {\n    padding-top: 30px;\n  }\n}\n<\/style>\n\t<\/div>\n\t\n\t\t<\/div>\n\t\t\t\t\n<style>\n#col-2026008020 > .col-inner {\n  padding: 20px 20px 20px 20px;\n}\n@media (min-width:550px) {\n  #col-2026008020 > .col-inner {\n    padding: 50px 0px 50px 0px;\n  }\n}\n<\/style>\n\t<\/div>\n\n\t\n<\/div>\n\t\t<\/div>\n\n\t\t\n<style>\n#section_2073393422 {\n  padding-top: 50px;\n  padding-bottom: 50px;\n  background-color: rgb(255,255,255);\n}\n@media (min-width:550px) {\n  #section_2073393422 {\n    padding-top: 50px;\n    padding-bottom: 50px;\n  }\n}\n<\/style>\n\t<\/section>\n\t\n","protected":false},"excerpt":{"rendered":"","protected":false},"author":7,"featured_media":0,"parent":0,"menu_order":0,"comment_status":"closed","ping_status":"closed","template":"page-blank.php","meta":{"footnotes":""},"class_list":["post-4569","page","type-page","status-publish","hentry"],"_links":{"self":[{"href":"https:\/\/argographene.com\/de\/wp-json\/wp\/v2\/pages\/4569","targetHints":{"allow":["GET"]}}],"collection":[{"href":"https:\/\/argographene.com\/de\/wp-json\/wp\/v2\/pages"}],"about":[{"href":"https:\/\/argographene.com\/de\/wp-json\/wp\/v2\/types\/page"}],"author":[{"embeddable":true,"href":"https:\/\/argographene.com\/de\/wp-json\/wp\/v2\/users\/7"}],"replies":[{"embeddable":true,"href":"https:\/\/argographene.com\/de\/wp-json\/wp\/v2\/comments?post=4569"}],"version-history":[{"count":7,"href":"https:\/\/argographene.com\/de\/wp-json\/wp\/v2\/pages\/4569\/revisions"}],"predecessor-version":[{"id":5120,"href":"https:\/\/argographene.com\/de\/wp-json\/wp\/v2\/pages\/4569\/revisions\/5120"}],"wp:attachment":[{"href":"https:\/\/argographene.com\/de\/wp-json\/wp\/v2\/media?parent=4569"}],"curies":[{"name":"wp","href":"https:\/\/api.w.org\/{rel}","templated":true}]}}