{"id":4526,"date":"2025-08-12T07:12:55","date_gmt":"2025-08-12T14:12:55","guid":{"rendered":"https:\/\/argographene.com\/graphen-beton\/"},"modified":"2025-08-19T12:33:26","modified_gmt":"2025-08-19T19:33:26","slug":"graphen-beton","status":"publish","type":"page","link":"https:\/\/argographene.com\/de\/graphen-beton\/","title":{"rendered":"Graphen-Beton"},"content":{"rendered":"\n  <div class=\"banner has-hover has-parallax\" id=\"banner-2112018695\">\n          <div class=\"banner-inner fill\">\n        <div class=\"banner-bg fill\" data-parallax=\"-3\" data-parallax-container=\".banner\" data-parallax-background>\n            <img loading=\"lazy\" decoding=\"async\" width=\"1020\" height=\"476\" src=\"https:\/\/argographene.com\/wp-content\/uploads\/2025\/06\/concrete-1400x654.jpg\" class=\"bg attachment-large size-large\" alt=\"concrete\" \/>                        <div class=\"overlay\"><\/div>            \n                    <\/div>\n\t\t\n        <div class=\"banner-layers container\">\n            <div class=\"fill banner-link\"><\/div>            \n   <div id=\"text-box-605306294\" class=\"text-box banner-layer x50 md-x50 lg-x95 y15 md-y25 lg-y25 res-text\">\n                                <div class=\"text-box-content text dark\">\n              \n              <div class=\"text-inner text-center\">\n                  \n\t<div id=\"text-2596394923\" class=\"text\">\n\t\t\n<p class=\"uppercase\"><span style=\"font-family: monteserratbold; font-size: 100%;\">L\u00f6sungen<\/span><\/p>\n\t\t\n<style>\n#text-2596394923 {\n  font-size: 0.75rem;\n  text-align: left;\n  color: rgb(255,255,255);\n}\n#text-2596394923 > * {\n  color: rgb(255,255,255);\n}\n@media (min-width:550px) {\n  #text-2596394923 {\n    font-size: 0.75rem;\n    text-align: left;\n  }\n}\n@media (min-width:850px) {\n  #text-2596394923 {\n    font-size: 1rem;\n  }\n}\n<\/style>\n\t<\/div>\n\t\n\t<div id=\"text-2433704718\" class=\"text\">\n\t\t\n<h1>  Graphen-Beton<br \/><\/h1>\n\t\t\n<style>\n#text-2433704718 {\n  font-size: 1rem;\n  text-align: left;\n  color: rgb(255,255,255);\n}\n#text-2433704718 > * {\n  color: rgb(255,255,255);\n}\n@media (min-width:550px) {\n  #text-2433704718 {\n    font-size: 1rem;\n  }\n}\n@media (min-width:850px) {\n  #text-2433704718 {\n    font-size: 1.3rem;\n  }\n}\n<\/style>\n\t<\/div>\n\t\n<div class=\"text-center\"><div class=\"is-divider divider clearfix\" style=\"margin-top:0px;margin-bottom:0px;max-width:1300px;height:1px;background-color:rgb(255, 255, 255);\"><\/div><\/div>\n\t<div id=\"text-2091637007\" class=\"text\">\n\t\t\n<p style=\"margin: 0;\"><b>Das meistverwendete Baumaterial der Welt neu erfinden.<\/b><\/p>\n\t\t\n<style>\n#text-2091637007 {\n  font-size: 1.2rem;\n  text-align: left;\n}\n@media (min-width:850px) {\n  #text-2091637007 {\n    font-size: 1.7rem;\n  }\n}\n<\/style>\n\t<\/div>\n\t\n\t<div id=\"gap-1787690559\" class=\"gap-element clearfix hidden\" style=\"display:block; height:auto;\">\n\t\t\n<style>\n#gap-1787690559 {\n  padding-top: 30px;\n}\n<\/style>\n\t<\/div>\n\t\n\t<div id=\"gap-2046397875\" class=\"gap-element clearfix show-for-small\" style=\"display:block; height:auto;\">\n\t\t\n<style>\n#gap-2046397875 {\n  padding-top: 30px;\n}\n<\/style>\n\t<\/div>\n\t\n              <\/div>\n           <\/div>\n                            \n<style>\n#text-box-605306294 {\n  width: 76%;\n}\n#text-box-605306294 .text-box-content {\n  font-size: 100%;\n}\n@media (min-width:550px) {\n  #text-box-605306294 {\n    width: 79%;\n  }\n}\n@media (min-width:850px) {\n  #text-box-605306294 {\n    width: 92%;\n  }\n}\n<\/style>\n    <\/div>\n \n        <\/div>\n      <\/div>\n\n            \n<style>\n#banner-2112018695 {\n  padding-top: 400px;\n}\n#banner-2112018695 .overlay {\n  background-color: rgba(0, 0, 0, 0.343);\n}\n#banner-2112018695 .banner-bg img {\n  object-position: 29% 6%;\n}\n@media (min-width:550px) {\n  #banner-2112018695 {\n    padding-top: 400px;\n  }\n}\n@media (min-width:850px) {\n  #banner-2112018695 {\n    padding-top: 600px;\n  }\n}\n<\/style>\n  <\/div>\n\n\n\n\t<section class=\"section\" id=\"section_239109029\">\n\t\t<div class=\"section-bg fill\" >\n\t\t\t\t\t\t\t\t\t\n\t\t\t\n\t<div class=\"is-border\"\n\t\tstyle=\"border-width:0px 0px 0px 0px;\">\n\t<\/div>\n\n\t\t<\/div>\n\n\t\t\n\n\t\t<div class=\"section-content relative\">\n\t\t\t\n<div class=\"row row-large align-center\" style=\"max-width:1200px\" id=\"row-601687930\">\n\n\t<div id=\"col-704008711\" class=\"col medium-10 small-12 large-10\"  >\n\t\t\t\t<div class=\"col-inner\"  >\n\t\t\t\n\t\t\t\n\t<div id=\"text-3282694557\" class=\"text\">\n\t\t\n<p>Beton ist das Fundament der modernen Zivilisation - er wird f\u00fcr alles verwendet, von Br\u00fccken und Geb\u00e4uden bis hin zu Tunneln und D\u00e4mmen. Aber er ist auch einer der gr\u00f6\u00dften Verursacher globaler CO\u2082-Emissionen, da er stark auf Zement angewiesen ist. Der mit Graphen angereicherte Beton von Argo bietet eine bahnbrechende L\u00f6sung, die die Leistung drastisch verbessert und gleichzeitig die Umweltbelastung reduziert.  <\/p>\n\t\t\n<style>\n#text-3282694557 {\n  font-size: 1.2rem;\n  line-height: 2;\n}\n<\/style>\n\t<\/div>\n\t\n\t<div id=\"gap-1771488824\" class=\"gap-element clearfix show-for-medium\" style=\"display:block; height:auto;\">\n\t\t\n<style>\n#gap-1771488824 {\n  padding-top: 50px;\n}\n@media (min-width:850px) {\n  #gap-1771488824 {\n    padding-top: 30px;\n  }\n}\n<\/style>\n\t<\/div>\n\t\n\t\t<\/div>\n\t\t\t\t\n<style>\n#col-704008711 > .col-inner {\n  padding: 20px 20px 20px 20px;\n}\n<\/style>\n\t<\/div>\n\n\t\n\n\t<div id=\"col-1161306611\" class=\"col small-12 large-12\"  >\n\t\t\t\t<div class=\"col-inner\"  >\n\t\t\t\n\t\t\t\n\n\t\t<\/div>\n\t\t\t\t\t<\/div>\n\n\t\n<\/div>\n<div class=\"row row-large align-middle align-center\" style=\"max-width:1200px\" id=\"row-1311981950\">\n\n\t<div id=\"col-704397771\" class=\"col medium-10 small-12 large-10\"  >\n\t\t\t\t<div class=\"col-inner\"  >\n\t\t\t\n\t\t\t\n<div class=\"container section-title-container\" ><h3 class=\"section-title section-title-normal\"><b><\/b><span class=\"section-title-main\" style=\"font-size:125%;color:rgb(0, 0, 0);\">Wichtige Vorteile<\/span><b><\/b><\/h3><\/div>\n\t<div id=\"text-183943244\" class=\"text\">\n\t\t\n<ul>\n<li style=\"font-weight: 400;\" aria-level=\"1\"><span style=\"font-size: 120%;\"><b>Zementreduzierung<\/b><\/span><span style=\"font-weight: 400;\"> <br \/>Verwenden Sie bis zu 50% weniger Zement bei gleichbleibender oder h\u00f6herer struktureller Festigkeit.<br \/> <\/span> <\/li>\n<\/ul>\n\t\t\n<style>\n#text-183943244 {\n  font-size: 1.2rem;\n  line-height: 2;\n}\n<\/style>\n\t<\/div>\n\t\n\t<div id=\"text-192355253\" class=\"text\">\n\t\t\n<ul>\n<li style=\"font-weight: 400;\" aria-level=\"1\"><span style=\"font-size: 120%;\"><b>Mechanische Leistung<\/b><\/span><span style=\"font-weight: 400;\"> <br \/>Erzielen Sie eine 44%ige Steigerung der Druckfestigkeit und verbesserte Zug- und Biegeeigenschaften.\n<p> <\/span><\/li>\n<\/ul>\n\t\t\n<style>\n#text-192355253 {\n  font-size: 1.2rem;\n  line-height: 2;\n}\n<\/style>\n\t<\/div>\n\t\n\t<div id=\"text-2985830609\" class=\"text\">\n\t\t\n<ul>\n<li style=\"font-weight: 400;\" aria-level=\"1\"><span style=\"font-size: 120%;\"><b>Schnellere Aush\u00e4rtung<\/b><\/span><span style=\"font-weight: 400;\"> <br \/>Beschleunigt die Hydratation und den fr\u00fchen Festigkeitszuwachs, wodurch die Schalungszeit und Verz\u00f6gerungen auf der Baustelle reduziert werden.\n<p> <\/span><\/li>\n<\/ul>\n\t\t\n<style>\n#text-2985830609 {\n  font-size: 1.2rem;\n  line-height: 2;\n}\n<\/style>\n\t<\/div>\n\t\n\t<div id=\"text-166616188\" class=\"text\">\n\t\t\n<ul>\n<li style=\"font-weight: 400;\" aria-level=\"1\"><span style=\"font-size: 120%;\"><b>Stahl-Optimierung<\/b><\/span><span style=\"font-weight: 400;\"> <br \/>Verbesserte strukturelle Eigenschaften reduzieren den Bedarf an dichter Stahlbewehrung, was sowohl Kosten als auch Emissionen spart.\n<p> <\/span><\/li>\n<\/ul>\n\t\t\n<style>\n#text-166616188 {\n  font-size: 1.2rem;\n  line-height: 2;\n}\n<\/style>\n\t<\/div>\n\t\n\t<div id=\"text-2186789277\" class=\"text\">\n\t\t\n<ul>\n<li style=\"font-weight: 400;\" aria-level=\"1\"><span style=\"font-size: 120%;\"><b>Kohlenstoffauswirkung<\/b><\/span><span style=\"font-weight: 400;\"> <br \/>Senkt den CO\u2082-Aussto\u00df erheblich, indem es sowohl den Zementgehalt als auch den Materialverbrauch insgesamt reduziert.\n<p> <\/span><\/li>\n<\/ul>\n\t\t\n<style>\n#text-2186789277 {\n  font-size: 1.2rem;\n  line-height: 2;\n}\n<\/style>\n\t<\/div>\n\t\n\t<div id=\"gap-487749330\" class=\"gap-element clearfix show-for-medium\" style=\"display:block; height:auto;\">\n\t\t\n<style>\n#gap-487749330 {\n  padding-top: 50px;\n}\n@media (min-width:850px) {\n  #gap-487749330 {\n    padding-top: 30px;\n  }\n}\n<\/style>\n\t<\/div>\n\t\n\t\t<\/div>\n\t\t\t\t\n<style>\n#col-704397771 > .col-inner {\n  padding: 20px 20px 20px 20px;\n}\n<\/style>\n\t<\/div>\n\n\t\n\n<style>\n#row-1311981950 > .col > .col-inner {\n  padding: 0px 20px 0px 20px;\n}\n@media (min-width:550px) {\n  #row-1311981950 > .col > .col-inner {\n    padding: 0px 0px 0px 0px;\n  }\n}\n@media (min-width:850px) {\n  #row-1311981950 > .col > .col-inner {\n    padding: 50px 0px 50px 0px;\n  }\n}\n<\/style>\n<\/div>\n\t\t<\/div>\n\n\t\t\n<style>\n#section_239109029 {\n  padding-top: 50px;\n  padding-bottom: 50px;\n  background-color: rgb(244, 244, 244);\n}\n@media (min-width:550px) {\n  #section_239109029 {\n    padding-top: 100px;\n    padding-bottom: 100px;\n  }\n}\n<\/style>\n\t<\/section>\n\t\n\n\t<section class=\"section\" id=\"section_1179342088\">\n\t\t<div class=\"section-bg fill\" >\n\t\t\t\t\t\t\t\t\t\n\t\t\t\n\t<div class=\"is-border\"\n\t\tstyle=\"border-width:0px 0px 0px 0px;\">\n\t<\/div>\n\n\t\t<\/div>\n\n\t\t\n\n\t\t<div class=\"section-content relative\">\n\t\t\t\n<div class=\"row row-large align-middle align-center\" style=\"max-width:1200px\" id=\"row-1760639732\">\n\n\t<div id=\"col-1428906418\" class=\"col medium-10 small-12 large-10\"  >\n\t\t\t\t<div class=\"col-inner\"  >\n\t\t\t\n\t\t\t\n<div class=\"container section-title-container\" ><h3 class=\"section-title section-title-normal\"><b><\/b><span class=\"section-title-main\" style=\"font-size:125%;color:rgb(0, 0, 0);\">Anwendungen<\/span><b><\/b><\/h3><\/div>\n\t<div id=\"text-172348181\" class=\"text\">\n\t\t\n<ul>\n<li style=\"font-weight: 400;\" aria-level=\"1\"><strong><span style=\"font-size: 120%;\">Gewerbliche und industrielle Fertigmischungen<\/span><\/strong><\/li>\n<li style=\"font-weight: 400;\" aria-level=\"1\"><strong><span style=\"font-size: 120%;\">Hersteller von Fertigteilen und Modulbau<\/span><\/strong><\/li>\n<li style=\"font-weight: 400;\" aria-level=\"1\"><strong><span style=\"font-size: 120%;\">Infrastruktur- und \u00f6ffentliche Bauprojekte, die LEED- oder ESG-konform sein sollen<\/span><\/strong><\/li>\n<li style=\"font-weight: 400;\" aria-level=\"1\"><strong><span style=\"font-size: 120%;\">Abgelegene oder klimatisch empfindliche Geb\u00e4ude, die eine optimierte Aush\u00e4rtung und Materialeffizienz erfordern<\/span><\/strong><\/li>\n<\/ul>\n\t\t\n<style>\n#text-172348181 {\n  font-size: 1.2rem;\n  line-height: 2;\n  color: #000000;\n}\n#text-172348181 > * {\n  color: #000000;\n}\n<\/style>\n\t<\/div>\n\t\n\t<div id=\"gap-1394674601\" class=\"gap-element clearfix show-for-medium\" style=\"display:block; height:auto;\">\n\t\t\n<style>\n#gap-1394674601 {\n  padding-top: 50px;\n}\n@media (min-width:850px) {\n  #gap-1394674601 {\n    padding-top: 30px;\n  }\n}\n<\/style>\n\t<\/div>\n\t\n\t\t<\/div>\n\t\t\t\t\n<style>\n#col-1428906418 > .col-inner {\n  padding: 20px 20px 20px 20px;\n}\n<\/style>\n\t<\/div>\n\n\t\n<\/div>\n\t\t<\/div>\n\n\t\t\n<style>\n#section_1179342088 {\n  padding-top: 50px;\n  padding-bottom: 50px;\n  background-color: rgb(255,255,255);\n}\n@media (min-width:550px) {\n  #section_1179342088 {\n    padding-top: 50px;\n    padding-bottom: 50px;\n  }\n}\n<\/style>\n\t<\/section>\n\t\n","protected":false},"excerpt":{"rendered":"","protected":false},"author":7,"featured_media":0,"parent":0,"menu_order":0,"comment_status":"closed","ping_status":"closed","template":"page-blank.php","meta":{"footnotes":""},"class_list":["post-4526","page","type-page","status-publish","hentry"],"_links":{"self":[{"href":"https:\/\/argographene.com\/de\/wp-json\/wp\/v2\/pages\/4526","targetHints":{"allow":["GET"]}}],"collection":[{"href":"https:\/\/argographene.com\/de\/wp-json\/wp\/v2\/pages"}],"about":[{"href":"https:\/\/argographene.com\/de\/wp-json\/wp\/v2\/types\/page"}],"author":[{"embeddable":true,"href":"https:\/\/argographene.com\/de\/wp-json\/wp\/v2\/users\/7"}],"replies":[{"embeddable":true,"href":"https:\/\/argographene.com\/de\/wp-json\/wp\/v2\/comments?post=4526"}],"version-history":[{"count":13,"href":"https:\/\/argographene.com\/de\/wp-json\/wp\/v2\/pages\/4526\/revisions"}],"predecessor-version":[{"id":5116,"href":"https:\/\/argographene.com\/de\/wp-json\/wp\/v2\/pages\/4526\/revisions\/5116"}],"wp:attachment":[{"href":"https:\/\/argographene.com\/de\/wp-json\/wp\/v2\/media?parent=4526"}],"curies":[{"name":"wp","href":"https:\/\/api.w.org\/{rel}","templated":true}]}}