{"id":4511,"date":"2025-08-12T04:28:13","date_gmt":"2025-08-12T11:28:13","guid":{"rendered":"https:\/\/argographene.com\/technologie\/"},"modified":"2025-08-20T00:58:33","modified_gmt":"2025-08-20T07:58:33","slug":"technologie","status":"publish","type":"page","link":"https:\/\/argographene.com\/de\/technologie\/","title":{"rendered":"Technologie"},"content":{"rendered":"\n\t<section class=\"section\" id=\"section_1181099335\">\n\t\t<div class=\"section-bg fill\" >\n\t\t\t\t\t\t\t\t\t\n\t\t\t\n\n\t\t<\/div>\n\n\t\t\n\n\t\t<div class=\"section-content relative\">\n\t\t\t\n<div class=\"row row-collapse row-full-width align-center\"  id=\"row-1620046051\">\n\n\t<div id=\"col-1338236519\" class=\"col small-12 large-12\"  >\n\t\t\t\t<div class=\"col-inner text-left\"  >\n\t\t\t\n\t\t\t\n<div class=\"slider-wrapper relative\" id=\"slider-1276860552\" >\n    <div class=\"slider slider-nav-circle slider-nav-large slider-nav-light slider-style-normal\"\n        data-flickity-options='{\n            \"cellAlign\": \"center\",\n            \"imagesLoaded\": true,\n            \"lazyLoad\": 1,\n            \"freeScroll\": true,\n            \"wrapAround\": true,\n            \"autoPlay\": 6000,\n            \"pauseAutoPlayOnHover\" : true,\n            \"prevNextButtons\": false,\n            \"contain\" : true,\n            \"adaptiveHeight\" : true,\n            \"dragThreshold\" : 10,\n            \"percentPosition\": true,\n            \"pageDots\": true,\n            \"rightToLeft\": false,\n            \"draggable\": true,\n            \"selectedAttraction\": 0.1,\n            \"parallax\" : 0,\n            \"friction\": 0.6        }'\n        >\n        \n\n  <div class=\"banner has-hover has-video\" id=\"banner-1330152610\">\n          <div class=\"banner-inner fill\">\n        <div class=\"banner-bg fill\" >\n                        \t<div class=\"video-overlay no-click fill visible\"><\/div>\n\t<video class=\"video-bg fill visible\" preload playsinline autoplay muted loop>\n\t\t<source src=\"https:\/\/argographene.com\/wp-content\/uploads\/2025\/08\/iStock-1489163629.mp4\" type=\"video\/mp4\">\t<\/video>\n            <div class=\"overlay\"><\/div>            \n                    <\/div>\n\t\t\n        <div class=\"banner-layers container\">\n            <div class=\"fill banner-link\"><\/div>            \n   <div id=\"text-box-856012429\" class=\"text-box banner-layer x50 md-x50 lg-x50 y70 md-y70 lg-y50 res-text\">\n                                <div class=\"text-box-content text dark\">\n              \n              <div class=\"text-inner text-left\">\n                  \n\t<div id=\"text-2486650457\" class=\"text\">\n\t\t\n<h2 class=\"uppercase lead\">Technologie<\/p>\n<h2>\n\t\t\n<style>\n#text-2486650457 {\n  font-size: 0.75rem;\n  line-height: 0.75;\n  text-align: ...e.\n;\n}\n@media (min-width:550px) {\n  #text-2486650457 {\n    font-size: 1rem;\n    line-height: 0.75;\n    text-align: left;\n  }\n}\n@media (min-width:850px) {\n  #text-2486650457 {\n    font-size: 1rem;\n    line-height: 1;\n  }\n}\n<\/style>\n\t<\/div>\n\t\n              <\/div>\n           <\/div>\n                            \n<style>\n#text-box-856012429 {\n  margin: 0px 0px 0px 0px;\n  width: 97%;\n}\n#text-box-856012429 .text-inner {\n  padding: 0px 10px 0px 10px;\n}\n#text-box-856012429 .text-box-content {\n  font-size: 100%;\n}\n@media (min-width:550px) {\n  #text-box-856012429 .text-inner {\n    padding: 0px 0px 0px 0px;\n  }\n  #text-box-856012429 {\n    width: 86%;\n  }\n}\n@media (min-width:850px) {\n  #text-box-856012429 {\n    width: 61%;\n  }\n}\n<\/style>\n    <\/div>\n \n        <\/div>\n      <\/div>\n\n            \n<style>\n#banner-1330152610 {\n  padding-top: 300px;\n}\n#banner-1330152610 .overlay {\n  background-color: rgba(0, 0, 0, 0.308);\n}\n@media (min-width:550px) {\n  #banner-1330152610 {\n    padding-top: 400px;\n  }\n  #banner-1330152610 .overlay {\n    background-color: rgba(0, 0, 0, 0.349);\n  }\n}\n@media (min-width:850px) {\n  #banner-1330152610 {\n    padding-top: 600px;\n  }\n}\n<\/style>\n  <\/div>\n\n\n     <\/div>\n\n     <div class=\"loading-spin dark large centered\"><\/div>\n\n\t<\/div>\n\n\n\t\t<\/div>\n\t\t\t\t\n<style>\n#col-1338236519 > .col-inner {\n  padding: 0px 0px 0px 0px;\n  margin: -103px 0px 0px 0px;\n}\n@media (min-width:550px) {\n  #col-1338236519 > .col-inner {\n    margin: -100px 0px 0px 0px;\n  }\n}\n@media (min-width:850px) {\n  #col-1338236519 > .col-inner {\n    margin: 0px 0px 0px 0px;\n  }\n}\n<\/style>\n\t<\/div>\n\n\t\n\n<style>\n#row-1620046051 > .col > .col-inner {\n  padding: 0px 0px 0px 0px;\n}\n<\/style>\n<\/div>\n\t\t<\/div>\n\n\t\t\n<style>\n#section_1181099335 {\n  padding-top: 10px;\n  padding-bottom: 10px;\n}\n@media (min-width:550px) {\n  #section_1181099335 {\n    padding-top: 0px;\n    padding-bottom: 0px;\n  }\n}\n<\/style>\n\t<\/section>\n\t\n\n\t<section class=\"section\" id=\"section_523879909\">\n\t\t<div class=\"section-bg fill\" >\n\t\t\t\t\t\t\t\t\t\n\t\t\t\n\t<div class=\"is-border\"\n\t\tstyle=\"border-width:0px 0px 0px 0px;\">\n\t<\/div>\n\n\t\t<\/div>\n\n\t\t\n\n\t\t<div class=\"section-content relative\">\n\t\t\t\n<div class=\"row row-large align-center\"  id=\"row-724470628\">\n\n\t<div id=\"col-1251726460\" class=\"col medium-12 small-12 large-12\"  >\n\t\t\t\t<div class=\"col-inner\"  >\n\t\t\t\n\t\t\t\n<div id=\"what-is-graphene\"><\/div>\n<div class=\"container section-title-container\" ><h2 class=\"section-title section-title-normal\"><b><\/b><span class=\"section-title-main\" style=\"font-size:125%;\">Was ist Graphen?<\/span><b><\/b><\/h2><\/div>\n\t<div id=\"text-3584667528\" class=\"text\">\n\t\t\n<p>Graphen ist eine einzelne Schicht aus Kohlenstoffatomen, die in einem zweidimensionalen Wabengitter angeordnet sind - nur ein Atom dick, aber 200 Mal st\u00e4rker als Stahl. Es ist das leichteste, d\u00fcnnste und leitf\u00e4higste Material, das die Wissenschaft kennt. <\/p>\n<p>Graphen, das 2004 isoliert und mit dem Nobelpreis f\u00fcr Physik ausgezeichnet wurde, erm\u00f6glicht heute eine Materialrevolution in allen Branchen der Welt. Seine einzigartige Kombination aus Festigkeit, Leitf\u00e4higkeit, Flexibilit\u00e4t und Undurchl\u00e4ssigkeit macht es zu einem idealen Zusatzstoff f\u00fcr strukturelle Materialien wie Beton und Asphalt und zu einem leistungsstarken Werkzeug f\u00fcr Innovationen, die auf Nachhaltigkeit ausgerichtet sind. <\/p>\n<p>Vom Standpunkt der Kommerzialisierung aus betrachtet, stellt Graphen eine einmalige Gelegenheit dar, ein bahnbrechendes Material mit Anwendungen in Billionen-Dollar-M\u00e4rkten wie Infrastruktur, Landwirtschaft und saubere Technologie zu vermarkten.<\/p>\n\t\t\n<style>\n#text-3584667528 {\n  font-size: 1.2rem;\n  line-height: 2;\n}\n<\/style>\n\t<\/div>\n\t\n\t\t<\/div>\n\t\t\t\t\n<style>\n#col-1251726460 > .col-inner {\n  padding: 20px 20px 20px 20px;\n}\n@media (min-width:550px) {\n  #col-1251726460 > .col-inner {\n    padding: 20px 50px 20px 50px;\n  }\n}\n<\/style>\n\t<\/div>\n\n\t\n\n\t<div id=\"col-653809901\" class=\"col medium-12 small-12 large-12\"  >\n\t\t\t\t<div class=\"col-inner\"  >\n\t\t\t\n\t\t\t\n<div id=\"key-properties-of-graphen\"><\/div>\n<div class=\"container section-title-container\" ><h2 class=\"section-title section-title-bold\"><b><\/b><span class=\"section-title-main\" style=\"font-size:115%;\">Wichtige Eigenschaften von Graphen<\/span><b><\/b><\/h2><\/div>\n<div class=\"row row-collapse row-full-width row-divided hide-for-small\"  id=\"row-95156332\">\n\n\t<div id=\"col-466379628\" class=\"col medium-3 small-4 large-3\"  >\n\t\t\t\t<div class=\"col-inner\"  >\n\t\t\t\n\t<div class=\"is-border\"\n\t\tstyle=\"border-color:rgba(0, 0, 0, 0.273);border-width:0px 0px 0px 0px;\">\n\t<\/div>\n\t\t\t\n\t\t<\/div>\n\t\t\t\t\t<\/div>\n\n\t\n\n\t<div id=\"col-71362181\" class=\"col medium-9 small-8 large-8\"  >\n\t\t\t\t<div class=\"col-inner\"  >\n\t\t\t\n\t<div class=\"is-border\"\n\t\tstyle=\"border-color:rgba(0, 0, 0, 0.273);border-width:0px 0px 0px 0px;\">\n\t<\/div>\n\t\t\t\n\t\t<\/div>\n\t\t\t\t\t<\/div>\n\n\t\n<\/div>\n<div class=\"row row-collapse row-full-width align-middle row-divided\"  id=\"row-991495434\">\n\n\t<div id=\"col-632585906\" class=\"col medium-3 small-12 large-3\"  >\n\t\t\t\t<div class=\"col-inner\"  >\n\t\t\t\n\t\t\t\n\t<div id=\"text-1388140151\" class=\"text\">\n\t\t\n<p><b>Super St\u00e4rke<\/b><\/p>\n\t\t\n<style>\n#text-1388140151 {\n  font-size: 1.8rem;\n  text-align: left;\n  color: #429ab8;\n}\n#text-1388140151 > * {\n  color: #429ab8;\n}\n@media (min-width:550px) {\n  #text-1388140151 {\n    font-size: 1.2rem;\n  }\n}\n<\/style>\n\t<\/div>\n\t\n\t\t<\/div>\n\t\t\t\t\t<\/div>\n\n\t\n\n\t<div id=\"col-578271629\" class=\"col medium-8 small-12 large-8\"  >\n\t\t\t\t<div class=\"col-inner\"  >\n\t\t\t\n\t\t\t\n\t<div id=\"text-2095805261\" class=\"text\">\n\t\t\n<p><b>200 Mal st\u00e4rker als Stahl und gleichzeitig unglaublich leicht<\/p>\n<p><\/b><\/p>\n\t\t\n<style>\n#text-2095805261 {\n  font-size: 1.2rem;\n  text-align: left;\n}\n<\/style>\n\t<\/div>\n\t\n\t\t<\/div>\n\t\t\t\t\n<style>\n#col-578271629 > .col-inner {\n  padding: 0px 0px 0px 0px;\n  margin: 0px 0px 0px 10px;\n}\n@media (min-width:550px) {\n  #col-578271629 > .col-inner {\n    margin: 0px 0px 0px 50px;\n  }\n}\n<\/style>\n\t<\/div>\n\n\t\n\n<style>\n#row-991495434 > .col > .col-inner {\n  padding: 10px 0px 0px 0px;\n}\n<\/style>\n<\/div>\n<div class=\"row row-collapse row-full-width align-middle row-divided\"  id=\"row-1903114702\">\n\n\t<div id=\"col-1141503313\" class=\"col medium-3 small-12 large-3\"  >\n\t\t\t\t<div class=\"col-inner\"  >\n\t\t\t\n\t\t\t\n\t<div id=\"text-2969314059\" class=\"text\">\n\t\t\n<p><b>Hohe Leitf\u00e4higkeit<\/p>\n<p><\/b><\/p>\n\t\t\n<style>\n#text-2969314059 {\n  font-size: 1.8rem;\n  text-align: left;\n  color: #429ab8;\n}\n#text-2969314059 > * {\n  color: #429ab8;\n}\n@media (min-width:550px) {\n  #text-2969314059 {\n    font-size: 1.2rem;\n  }\n}\n<\/style>\n\t<\/div>\n\t\n\t\t<\/div>\n\t\t\t\t\t<\/div>\n\n\t\n\n\t<div id=\"col-683872144\" class=\"col medium-8 small-12 large-8\"  >\n\t\t\t\t<div class=\"col-inner\"  >\n\t\t\t\n\t\t\t\n\t<div id=\"text-2491168741\" class=\"text\">\n\t\t\n<p><b>Ausgezeichneter W\u00e4rme- und Stromleiter - ideal f\u00fcr intelligente Materialien<\/p>\n<p><\/b><\/p>\n\t\t\n<style>\n#text-2491168741 {\n  font-size: 1.2rem;\n  text-align: left;\n}\n<\/style>\n\t<\/div>\n\t\n\t\t<\/div>\n\t\t\t\t\n<style>\n#col-683872144 > .col-inner {\n  padding: 0px 0px 0px 0px;\n  margin: 0px 0px 0px 10px;\n}\n@media (min-width:550px) {\n  #col-683872144 > .col-inner {\n    margin: 0px 0px 0px 50px;\n  }\n}\n<\/style>\n\t<\/div>\n\n\t\n\n<style>\n#row-1903114702 > .col > .col-inner {\n  padding: 10px 0px 0px 0px;\n}\n<\/style>\n<\/div>\n<div class=\"row row-collapse row-full-width align-middle row-divided\"  id=\"row-1043663011\">\n\n\t<div id=\"col-1122117847\" class=\"col medium-3 small-12 large-3\"  >\n\t\t\t\t<div class=\"col-inner\"  >\n\t\t\t\n\t\t\t\n\t<div id=\"text-3483914214\" class=\"text\">\n\t\t\n<p><b>Undurchl\u00e4ssigkeit<\/b><\/p>\n\t\t\n<style>\n#text-3483914214 {\n  font-size: 1.8rem;\n  text-align: left;\n  color: #429ab8;\n}\n#text-3483914214 > * {\n  color: #429ab8;\n}\n@media (min-width:550px) {\n  #text-3483914214 {\n    font-size: 1.2rem;\n  }\n}\n<\/style>\n\t<\/div>\n\t\n\t\t<\/div>\n\t\t\t\t\t<\/div>\n\n\t\n\n\t<div id=\"col-1687311105\" class=\"col medium-8 small-12 large-8\"  >\n\t\t\t\t<div class=\"col-inner\"  >\n\t\t\t\n\t\t\t\n\t<div id=\"text-4154230367\" class=\"text\">\n\t\t\n<p><b>Blockiert selbst die kleinsten Gasmolek\u00fcle - perfekt f\u00fcr Beschichtungen und Verbundstoffe<br \/><\/b><\/p>\n\t\t\n<style>\n#text-4154230367 {\n  font-size: 1.2rem;\n  text-align: left;\n}\n<\/style>\n\t<\/div>\n\t\n\t\t<\/div>\n\t\t\t\t\n<style>\n#col-1687311105 > .col-inner {\n  padding: 0px 0px 0px 0px;\n  margin: 0px 0px 0px 10px;\n}\n@media (min-width:550px) {\n  #col-1687311105 > .col-inner {\n    margin: 0px 0px 0px 50px;\n  }\n}\n<\/style>\n\t<\/div>\n\n\t\n\n<style>\n#row-1043663011 > .col > .col-inner {\n  padding: 10px 0px 0px 0px;\n}\n<\/style>\n<\/div>\n<div class=\"row row-collapse row-full-width align-middle row-divided\"  id=\"row-1827534098\">\n\n\t<div id=\"col-143218792\" class=\"col medium-3 small-12 large-3\"  >\n\t\t\t\t<div class=\"col-inner\"  >\n\t\t\t\n\t\t\t\n\t<div id=\"text-2304320088\" class=\"text\">\n\t\t\n<p><b>Flexibilit\u00e4t &amp; Transparenz<\/b><\/p>\n\t\t\n<style>\n#text-2304320088 {\n  font-size: 1.8rem;\n  text-align: left;\n  color: #429ab8;\n}\n#text-2304320088 > * {\n  color: #429ab8;\n}\n@media (min-width:550px) {\n  #text-2304320088 {\n    font-size: 1.2rem;\n  }\n}\n<\/style>\n\t<\/div>\n\t\n\t\t<\/div>\n\t\t\t\t\t<\/div>\n\n\t\n\n\t<div id=\"col-2099390412\" class=\"col medium-8 small-12 large-8\"  >\n\t\t\t\t<div class=\"col-inner\"  >\n\t\t\t\n\t\t\t\n\t<div id=\"text-840536597\" class=\"text\">\n\t\t\n<p><b>Flexibel, dehnbar und nahezu unsichtbar - f\u00fcr Anwendungen der n\u00e4chsten Generation<\/p>\n<p><\/b><\/p>\n\t\t\n<style>\n#text-840536597 {\n  font-size: 1.2rem;\n  text-align: left;\n}\n<\/style>\n\t<\/div>\n\t\n\t\t<\/div>\n\t\t\t\t\n<style>\n#col-2099390412 > .col-inner {\n  padding: 0px 0px 0px 0px;\n  margin: 0px 0px 0px 10px;\n}\n@media (min-width:550px) {\n  #col-2099390412 > .col-inner {\n    margin: 0px 0px 0px 50px;\n  }\n}\n<\/style>\n\t<\/div>\n\n\t\n\n<style>\n#row-1827534098 > .col > .col-inner {\n  padding: 10px 0px 0px 0px;\n}\n<\/style>\n<\/div>\n\t\t<\/div>\n\t\t\t\t\n<style>\n#col-653809901 > .col-inner {\n  padding: 20px 20px 20px 20px;\n  margin: 0px 0px 50px 0px;\n}\n@media (min-width:550px) {\n  #col-653809901 > .col-inner {\n    padding: 20px 50px 20px 50px;\n  }\n}\n<\/style>\n\t<\/div>\n\n\t\n\n<style>\n#row-724470628 > .col > .col-inner {\n  padding: 50px 20px 0px 20px;\n}\n@media (min-width:550px) {\n  #row-724470628 > .col > .col-inner {\n    padding: 50px 50px 0px 50px;\n  }\n}\n@media (min-width:850px) {\n  #row-724470628 > .col > .col-inner {\n    padding: 50px 0px 0px 0px;\n  }\n}\n<\/style>\n<\/div>\n<div id=\"why-It-matters-for-materials\"><\/div>\n\n  <div class=\"banner has-hover\" id=\"banner-538841354\">\n          <div class=\"banner-inner fill\">\n        <div class=\"banner-bg fill\" >\n            <img loading=\"lazy\" decoding=\"async\" width=\"1020\" height=\"281\" src=\"https:\/\/argographene.com\/wp-content\/uploads\/2025\/05\/2383984425-1400x385.jpg\" class=\"bg attachment-large size-large\" alt=\"\" \/>                        <div class=\"overlay\"><\/div>            \n                    <\/div>\n\t\t\n        <div class=\"banner-layers container\">\n            <div class=\"fill banner-link\"><\/div>            \n   <div id=\"text-box-376278099\" class=\"text-box banner-layer x50 md-x50 lg-x50 y50 md-y5 lg-y50 res-text\">\n                                <div class=\"text-box-content text dark\">\n              \n              <div class=\"text-inner text-left\">\n                  \n\t<div id=\"text-2590909161\" class=\"text\">\n\t\t\n<h2>Warum es f\u00fcr Materialien wichtig ist<\/p>\n<\/h2>\n\t\t\n<style>\n#text-2590909161 {\n  font-size: 1rem;\n  text-align: left;\n}\n@media (min-width:550px) {\n  #text-2590909161 {\n    font-size: 1.2rem;\n    text-align: center;\n  }\n}\n@media (min-width:850px) {\n  #text-2590909161 {\n    text-align: left;\n  }\n}\n<\/style>\n\t<\/div>\n\t\n\t<div id=\"text-2579668145\" class=\"text\">\n\t\t\n<p>Bei der Verwendung als Zusatzstoff in herk\u00f6mmlichen Materialien wie Beton, Asphalt und Erde dient Graphen als leistungsstarker Leistungsverst\u00e4rker, der neue technische und \u00f6kologische Werte freisetzt:<\/p>\n\t\t\n<style>\n#text-2579668145 {\n  font-size: 1.2rem;\n  line-height: 2;\n}\n@media (min-width:850px) {\n  #text-2579668145 {\n    font-size: 1.2rem;\n  }\n}\n<\/style>\n\t<\/div>\n\t\n\t<div id=\"gap-1560548527\" class=\"gap-element clearfix\" style=\"display:block; height:auto;\">\n\t\t\n<style>\n#gap-1560548527 {\n  padding-top: 50px;\n}\n@media (min-width:550px) {\n  #gap-1560548527 {\n    padding-top: 50px;\n  }\n}\n<\/style>\n\t<\/div>\n\t\n<div class=\"row align-equal align-center\"  id=\"row-1869449409\">\n\n\t<div id=\"col-289794999\" class=\"col medium-6 small-12 large-4\"  data-animate=\"fadeInUp\">\n\t\t\t\t<div class=\"col-inner text-center\"  >\n\t\t\t\n\t<div class=\"is-border\"\n\t\tstyle=\"border-width:1px 1px 1px 1px;\">\n\t<\/div>\n\t\t\t\n<h3><b>Strukturelle Effizienz<\/b><\/h3>\n\t<div id=\"gap-1517756333\" class=\"gap-element clearfix\" style=\"display:block; height:auto;\">\n\t\t\n<style>\n#gap-1517756333 {\n  padding-top: 30px;\n}\n<\/style>\n\t<\/div>\n\t\n\t<div id=\"text-2407981989\" class=\"text\">\n\t\t\n<p>Graphen erh\u00f6ht die Druck- und Biegefestigkeit und erm\u00f6glicht so d\u00fcnnere und leichtere Strukturelemente ohne Leistungseinbu\u00dfen.<\/p>\n\t\t\n<style>\n#text-2407981989 {\n  font-size: 1.2rem;\n  text-align: left;\n}\n<\/style>\n\t<\/div>\n\t\n\t\t<\/div>\n\t\t\t\t\n<style>\n#col-289794999 > .col-inner {\n  padding: 30px 30px 50px 30px;\n}\n<\/style>\n\t<\/div>\n\n\t\n\n\t<div id=\"col-1017733446\" class=\"col medium-6 small-12 large-4\"  data-animate=\"fadeInUp\">\n\t\t\t\t<div class=\"col-inner text-center\"  >\n\t\t\t\n\t<div class=\"is-border\"\n\t\tstyle=\"border-width:1px 1px 1px 1px;\">\n\t<\/div>\n\t\t\t\n<h3><b>Material Reduktion<\/b><\/h3>\n\t<div id=\"gap-394639875\" class=\"gap-element clearfix\" style=\"display:block; height:auto;\">\n\t\t\n<style>\n#gap-394639875 {\n  padding-top: 30px;\n}\n<\/style>\n\t<\/div>\n\t\n\t<div id=\"text-2810593144\" class=\"text\">\n\t\t\n<p>Da bis zu 50 % weniger Zement ben\u00f6tigt wird, k\u00f6nnen Bauherren den Materialverbrauch und die CO\u2082-Emissionen pro Kubikmeter Beton drastisch senken.<\/p>\n\t\t\n<style>\n#text-2810593144 {\n  font-size: 1.2rem;\n  text-align: left;\n}\n<\/style>\n\t<\/div>\n\t\n\t\t<\/div>\n\t\t\t\t\n<style>\n#col-1017733446 > .col-inner {\n  padding: 30px 30px 50px 30px;\n  margin: 0px 0px 0px 0px;\n}\n<\/style>\n\t<\/div>\n\n\t\n\n\t<div id=\"col-952775267\" class=\"col medium-6 small-12 large-4\"  data-animate=\"fadeInUp\">\n\t\t\t\t<div class=\"col-inner text-center\"  >\n\t\t\t\n\t<div class=\"is-border\"\n\t\tstyle=\"border-width:1px 1px 1px 1px;\">\n\t<\/div>\n\t\t\t\n<h3><b>Schnellere Arbeitsabl\u00e4ufe<\/b><\/h3>\n\t<div id=\"gap-348559372\" class=\"gap-element clearfix\" style=\"display:block; height:auto;\">\n\t\t\n<style>\n#gap-348559372 {\n  padding-top: 30px;\n}\n<\/style>\n\t<\/div>\n\t\n\t<div id=\"text-1811408365\" class=\"text\">\n\t\t\n<p>Graphen beschleunigt die Aush\u00e4rtung und erm\u00f6glicht so eine schnellere Entformung und eine schnellere Bauabfolge - das spart Zeit und Arbeitskosten auf der Baustelle.<br \/>.<\/p>\n\t\t\n<style>\n#text-1811408365 {\n  font-size: 1.2rem;\n  text-align: left;\n}\n<\/style>\n\t<\/div>\n\t\n\t\t<\/div>\n\t\t\t\t\n<style>\n#col-952775267 > .col-inner {\n  padding: 30px 30px 50px 30px;\n}\n<\/style>\n\t<\/div>\n\n\t\n\n\t<div id=\"col-754248142\" class=\"col medium-6 small-12 large-4\"  data-animate=\"fadeInUp\">\n\t\t\t\t<div class=\"col-inner text-center\"  >\n\t\t\t\n\t<div class=\"is-border\"\n\t\tstyle=\"border-width:1px 1px 1px 1px;\">\n\t<\/div>\n\t\t\t\n<h3><b>Langlebigkeit der Infrastruktur<\/b><\/h3>\n\t<div id=\"gap-2087370025\" class=\"gap-element clearfix\" style=\"display:block; height:auto;\">\n\t\t\n<style>\n#gap-2087370025 {\n  padding-top: 30px;\n}\n<\/style>\n\t<\/div>\n\t\n\t<div id=\"text-3075397344\" class=\"text\">\n\t\t\n<p>In Asphalt verbessert Graphen die Erm\u00fcdungsfestigkeit, verhindert Spurrillen und Risse und verl\u00e4ngert die Lebensdauer des Belags selbst bei starkem Verkehr.\n<\/p>\n\t\t\n<style>\n#text-3075397344 {\n  font-size: 1.2rem;\n  text-align: left;\n}\n<\/style>\n\t<\/div>\n\t\n\t\t<\/div>\n\t\t\t\t\n<style>\n#col-754248142 > .col-inner {\n  padding: 30px 30px 50px 30px;\n}\n<\/style>\n\t<\/div>\n\n\t\n\n\t<div id=\"col-1500699171\" class=\"col medium-6 small-12 large-4\"  data-animate=\"fadeInUp\">\n\t\t\t\t<div class=\"col-inner text-center\"  >\n\t\t\t\n\t<div class=\"is-border\"\n\t\tstyle=\"border-width:1px 1px 1px 1px;\">\n\t<\/div>\n\t\t\t\n<h3><b>Landwirtschaftliche Auswirkungen<\/b><\/h3>\n\t<div id=\"gap-843431617\" class=\"gap-element clearfix\" style=\"display:block; height:auto;\">\n\t\t\n<style>\n#gap-843431617 {\n  padding-top: 30px;\n}\n<\/style>\n\t<\/div>\n\t\n\t<div id=\"text-1113485636\" class=\"text\">\n\t\t\n<p>In B\u00f6den und D\u00fcngemitteln steigert Graphen die Wasserr\u00fcckhaltung, die N\u00e4hrstoffeffizienz und die Vitalit\u00e4t der Pflanzen und reduziert gleichzeitig den Abfluss von Chemikalien.<\/p>\n\t\t\n<style>\n#text-1113485636 {\n  font-size: 1.2rem;\n  text-align: left;\n}\n<\/style>\n\t<\/div>\n\t\n\t\t<\/div>\n\t\t\t\t\n<style>\n#col-1500699171 > .col-inner {\n  padding: 30px 30px 50px 30px;\n}\n<\/style>\n\t<\/div>\n\n\t\n<\/div>\n\t<div id=\"gap-809940254\" class=\"gap-element clearfix\" style=\"display:block; height:auto;\">\n\t\t\n<style>\n#gap-809940254 {\n  padding-top: 30px;\n}\n@media (min-width:550px) {\n  #gap-809940254 {\n    padding-top: 50px;\n  }\n}\n<\/style>\n\t<\/div>\n\t\n\t<div id=\"text-2361568366\" class=\"text\">\n\t\t\n<p>Durch die Einbettung von Graphen auf molekularer Ebene verwandeln die L\u00f6sungen von Argo herk\u00f6mmliche Materialien in intelligentere, widerstandsf\u00e4higere und nachhaltigere Bausteine f\u00fcr die Zukunft.<\/p>\n\t\t\n<style>\n#text-2361568366 {\n  font-size: 1.2rem;\n  line-height: 2;\n}\n<\/style>\n\t<\/div>\n\t\n              <\/div>\n           <\/div>\n                            \n<style>\n#text-box-376278099 {\n  width: 86%;\n}\n#text-box-376278099 .text-box-content {\n  font-size: 104%;\n}\n@media (min-width:550px) {\n  #text-box-376278099 {\n    width: 92%;\n  }\n}\n@media (min-width:850px) {\n  #text-box-376278099 {\n    width: 100%;\n  }\n}\n<\/style>\n    <\/div>\n \n        <\/div>\n      <\/div>\n\n            \n<style>\n#banner-538841354 {\n  padding-top: 2700px;\n}\n#banner-538841354 .overlay {\n  background-color: rgba(77, 120, 136, 0.709);\n}\n@media (min-width:550px) {\n  #banner-538841354 {\n    padding-top: 1800px;\n  }\n}\n@media (min-width:850px) {\n  #banner-538841354 {\n    padding-top: 1466px;\n  }\n}\n<\/style>\n  <\/div>\n\n\n<div class=\"row row-large align-center\"  id=\"row-1138217913\">\n\n\t<div id=\"col-201710769\" class=\"col medium-12 small-12 large-12\"  >\n\t\t\t\t<div class=\"col-inner\"  >\n\t\t\t\n\t\t\t\n<div id=\"our-focus\"><\/div>\n<div class=\"container section-title-container\" ><h2 class=\"section-title section-title-bold\"><b><\/b><span class=\"section-title-main\" style=\"font-size:115%;\">Unser Fokus<\/span><b><\/b><\/h2><\/div>\n\t<div id=\"text-3075241400\" class=\"text\">\n\t\t\n<ul>\n<li><span style=\"font-size: 120%; color: #429ab8;\"><b><span style=\"color: ##429ab8;\">Handelsfertige Formulierungen f\u00fcr Beton und Asphalt<\/span><br \/><\/b><\/span><span style=\"font-weight: 400;\">Wir liefern mit Graphen angereicherte Additive f\u00fcr Transportbetonwerke und Infrastrukturprojekte. Diese Formulierungen verbessern die Festigkeit, Abbindezeit und Haltbarkeit und reduzieren gleichzeitig den Kohlenstoff-Fu\u00dfabdruck von Zement und bitumenbasierten Materialien.\n<p><\/span><\/li>\n<li style=\"font-weight: 400;\" aria-level=\"1\"><span style=\"font-size: 120%;\"><b><span style=\"color: #429ab8;\">Fortschrittliche Zusatzstoffe f\u00fcr Boden- und Pflanzengesundheit<\/span><br \/><\/b><\/span><span style=\"font-weight: 400;\">Unsere Agrartechnologiel\u00f6sungen verbessern die Wasserr\u00fcckhaltung, die N\u00e4hrstoffeffizienz und die Vitalit\u00e4t der Pflanzen, indem sie die einzigartigen physikalischen und chemischen Eigenschaften von Graphen nutzen. Dazu geh\u00f6ren Saatgutbeschichtungen, Bodenverbesserungsmittel und intelligent freisetzende D\u00fcngerplattformen.\n<p><\/span><\/li>\n<li style=\"font-weight: 400;\" aria-level=\"1\"><span style=\"font-size: 120%; color: #429ab8;\"><b>Laufende F&amp;E f\u00fcr nano-aktivierte Materialien und intelligente Sensoren<br \/><\/b><\/span><span style=\"font-weight: 400;\"><span style=\"font-weight: 400;\">Wir investieren aktiv in Forschung und Entwicklung, um neue Graphen-f\u00e4hige Beschichtungen, Verbundwerkstoffe und Pr\u00e4zisionssensoren zu entwickeln, die das klimagerechte Bauen, die Landwirtschaft und die industrielle \u00dcberwachung unterst\u00fctzen.<\/span><\/span>\n<\/p>\n<\/li>\n<\/ul>\n\t\t\n<style>\n#text-3075241400 {\n  font-size: 1.2rem;\n  line-height: 2;\n}\n<\/style>\n\t<\/div>\n\t\n\t<div id=\"gap-1813015552\" class=\"gap-element clearfix\" style=\"display:block; height:auto;\">\n\t\t\n<style>\n#gap-1813015552 {\n  padding-top: 30px;\n}\n<\/style>\n\t<\/div>\n\t\n<div class=\"row align-center\"  id=\"row-1509791534\">\n\n\t<div id=\"col-411227208\" class=\"col medium-6 small-12 large-6\"  >\n\t\t\t\t<div class=\"col-inner\"  >\n\t\t\t\n\t\t\t\n<a href=\"https:\/\/argographene.com\/de\/#our-solution\" class=\"button primary expand\"  style=\"border-radius:99px;padding:10px 0px 10px 0px;\">\n\t\t<span>L\u00f6sungen ansehen<\/span>\n\t<i class=\"icon-angle-right\" aria-hidden=\"true\" ><\/i><\/a>\n\n\t\t<\/div>\n\t\t\t\t\t<\/div>\n\n\t\n<\/div>\n\t\t<\/div>\n\t\t\t\t\n<style>\n#col-201710769 > .col-inner {\n  padding: 20px 20px 20px 20px;\n  margin: 0px 0px 50px 0px;\n}\n@media (min-width:550px) {\n  #col-201710769 > .col-inner {\n    padding: 20px 50px 20px 50px;\n  }\n}\n@media (min-width:850px) {\n  #col-201710769 > .col-inner {\n    margin: 0px 0px 50px 0px;\n  }\n}\n<\/style>\n\t<\/div>\n\n\t\n\n<style>\n#row-1138217913 > .col > .col-inner {\n  padding: 50px 20px 0px 20px;\n}\n@media (min-width:550px) {\n  #row-1138217913 > .col > .col-inner {\n    padding: 50px 50px 0px 50px;\n  }\n}\n@media (min-width:850px) {\n  #row-1138217913 > .col > .col-inner {\n    padding: 50px 0px 0px 0px;\n  }\n}\n<\/style>\n<\/div>\n\t\t<\/div>\n\n\t\t\n<style>\n#section_523879909 {\n  padding-top: 20px;\n  padding-bottom: 20px;\n  background-color: rgb(255,255,255);\n}\n@media (min-width:550px) {\n  #section_523879909 {\n    padding-top: 0px;\n    padding-bottom: 0px;\n  }\n}\n<\/style>\n\t<\/section>\n\t\n","protected":false},"excerpt":{"rendered":"","protected":false},"author":7,"featured_media":0,"parent":0,"menu_order":0,"comment_status":"closed","ping_status":"closed","template":"page-blank.php","meta":{"footnotes":""},"class_list":["post-4511","page","type-page","status-publish","hentry"],"_links":{"self":[{"href":"https:\/\/argographene.com\/de\/wp-json\/wp\/v2\/pages\/4511","targetHints":{"allow":["GET"]}}],"collection":[{"href":"https:\/\/argographene.com\/de\/wp-json\/wp\/v2\/pages"}],"about":[{"href":"https:\/\/argographene.com\/de\/wp-json\/wp\/v2\/types\/page"}],"author":[{"embeddable":true,"href":"https:\/\/argographene.com\/de\/wp-json\/wp\/v2\/users\/7"}],"replies":[{"embeddable":true,"href":"https:\/\/argographene.com\/de\/wp-json\/wp\/v2\/comments?post=4511"}],"version-history":[{"count":11,"href":"https:\/\/argographene.com\/de\/wp-json\/wp\/v2\/pages\/4511\/revisions"}],"predecessor-version":[{"id":5158,"href":"https:\/\/argographene.com\/de\/wp-json\/wp\/v2\/pages\/4511\/revisions\/5158"}],"wp:attachment":[{"href":"https:\/\/argographene.com\/de\/wp-json\/wp\/v2\/media?parent=4511"}],"curies":[{"name":"wp","href":"https:\/\/api.w.org\/{rel}","templated":true}]}}