{"id":4455,"date":"2025-08-12T03:28:04","date_gmt":"2025-08-12T10:28:04","guid":{"rendered":"https:\/\/argographene.com\/ueber\/unsere-werte\/"},"modified":"2025-08-12T03:32:52","modified_gmt":"2025-08-12T10:32:52","slug":"unsere-werte","status":"publish","type":"page","link":"https:\/\/argographene.com\/de\/unsere-werte\/","title":{"rendered":"Unsere Werte"},"content":{"rendered":"\n\t<section class=\"section\" id=\"section_46917441\">\n\t\t<div class=\"section-bg fill\" >\n\t\t\t\t\t\t\t\t\t\n\t\t\t\n\n\t\t<\/div>\n\n\t\t\n\n\t\t<div class=\"section-content relative\">\n\t\t\t\n<div class=\"row row-small align-center\"  id=\"row-1226039593\">\n\n\t<div id=\"col-689396458\" class=\"col small-12 large-12\"  >\n\t\t\t\t<div class=\"col-inner\" style=\"background-color:rgb(255,255,255);\" >\n\t\t\t\n\t\t\t\n\t<div id=\"text-3232362206\" class=\"text\">\n\t\t\n<h1 class=\"uppercase\" data-line-height=\"m\">Unsere Werte  <br \/><\/h1>\n\t\t\n<style>\n#text-3232362206 {\n  font-size: 0.75rem;\n  text-align: left;\n}\n@media (min-width:550px) {\n  #text-3232362206 {\n    font-size: 1rem;\n  }\n}\n@media (min-width:850px) {\n  #text-3232362206 {\n    font-size: 1rem;\n  }\n}\n<\/style>\n\t<\/div>\n\t\n\t\t<\/div>\n\t\t\t\t\n<style>\n#col-689396458 > .col-inner {\n  padding: 0px 10px 0px 10px;\n  margin: 0px 0px 0px 0px;\n  border-radius: 10px;\n}\n@media (min-width:550px) {\n  #col-689396458 > .col-inner {\n    padding: 50px 20px 20px 20px;\n    margin: 0px 0px 0px 0px;\n  }\n}\n@media (min-width:850px) {\n  #col-689396458 > .col-inner {\n    padding: 50px 40px 20px 40px;\n    margin: 0px 0px 0px 0px;\n  }\n}\n<\/style>\n\t<\/div>\n\n\t\n\n\t<div id=\"col-559578217\" class=\"col medium-6 small-12 large-6\"  >\n\t\t\t\t<div class=\"col-inner\" style=\"background-color:rgb(255,255,255);\" >\n\t\t\t\n\t<div class=\"is-border\"\n\t\tstyle=\"border-color:rgba(0, 0, 0, 0.738);border-radius:10px;border-width:3px 3px 3px 3px;\">\n\t<\/div>\n\t\t\t\n\t<div id=\"text-1014408173\" class=\"text\">\n\t\t\n<h2><span style=\"font-size: 130%;\">Innovation<\/span><\/h2>\n\t\t\n<style>\n#text-1014408173 {\n  font-size: 1rem;\n  color: rgb(0,0,0);\n}\n#text-1014408173 > * {\n  color: rgb(0,0,0);\n}\n@media (min-width:550px) {\n  #text-1014408173 {\n    font-size: 1.1rem;\n  }\n}\n@media (min-width:850px) {\n  #text-1014408173 {\n    font-size: 1.2rem;\n  }\n}\n<\/style>\n\t<\/div>\n\t\n\t<div id=\"gap-2063260438\" class=\"gap-element clearfix\" style=\"display:block; height:auto;\">\n\t\t\n<style>\n#gap-2063260438 {\n  padding-top: 30px;\n}\n<\/style>\n\t<\/div>\n\t\n\t<div id=\"text-2779634376\" class=\"text\">\n\t\t\n<p>Wir sind Pioniere auf dem Gebiet der angewandten Nanomaterialien und verschieben die wissenschaftlichen und technischen Grenzen, um leistungsstarke und kohlenstoffarme Alternativen zu schaffen.\n<\/p>\n\t\t\n<style>\n#text-2779634376 {\n  font-size: 1rem;\n  color: rgb(0,0,0);\n}\n#text-2779634376 > * {\n  color: rgb(0,0,0);\n}\n@media (min-width:550px) {\n  #text-2779634376 {\n    font-size: 1.1rem;\n  }\n}\n@media (min-width:850px) {\n  #text-2779634376 {\n    font-size: 1.2rem;\n  }\n}\n<\/style>\n\t<\/div>\n\t\n\t<div id=\"gap-140998523\" class=\"gap-element clearfix hide-for-small\" style=\"display:block; height:auto;\">\n\t\t\n<style>\n#gap-140998523 {\n  padding-top: 20px;\n}\n<\/style>\n\t<\/div>\n\t\n\t\t<\/div>\n\t\t\t\t\n<style>\n#col-559578217 > .col-inner {\n  padding: 50px 10px 50px 15px;\n  margin: 0px 0px 0px 0px;\n  border-radius: 10px;\n}\n@media (min-width:550px) {\n  #col-559578217 > .col-inner {\n    padding: 50px 20px 20px 20px;\n    margin: 0px 0px 0px 0px;\n  }\n}\n@media (min-width:850px) {\n  #col-559578217 > .col-inner {\n    padding: 50px 40px 20px 40px;\n    margin: 0px 0px 0px 0px;\n  }\n}\n<\/style>\n\t<\/div>\n\n\t\n\n\t<div id=\"col-821323759\" class=\"col medium-6 small-12 large-6\"  >\n\t\t\t\t<div class=\"col-inner\" style=\"background-color:rgb(255,255,255);\" >\n\t\t\t\n\t<div class=\"is-border\"\n\t\tstyle=\"border-color:rgba(0, 0, 0, 0.738);border-radius:10px;border-width:3px 3px 3px 3px;\">\n\t<\/div>\n\t\t\t\n\t<div id=\"text-360788599\" class=\"text\">\n\t\t\n<h2><span style=\"font-size: 130%;\">Nachhaltigkeit<\/span><\/h2>\n\t\t\n<style>\n#text-360788599 {\n  font-size: 1rem;\n  color: rgb(0,0,0);\n}\n#text-360788599 > * {\n  color: rgb(0,0,0);\n}\n@media (min-width:550px) {\n  #text-360788599 {\n    font-size: 1.1rem;\n  }\n}\n@media (min-width:850px) {\n  #text-360788599 {\n    font-size: 1.2rem;\n  }\n}\n<\/style>\n\t<\/div>\n\t\n\t<div id=\"gap-477306550\" class=\"gap-element clearfix\" style=\"display:block; height:auto;\">\n\t\t\n<style>\n#gap-477306550 {\n  padding-top: 30px;\n}\n<\/style>\n\t<\/div>\n\t\n\t<div id=\"text-876309292\" class=\"text\">\n\t\t\n<p>Die Auswirkungen auf die Umwelt stehen im Mittelpunkt unseres Produktdesigns. Wir reduzieren Abfall, Emissionen und die Abh\u00e4ngigkeit von Ressourcen und erm\u00f6glichen gleichzeitig klimaresistente Systeme.\n<\/p>\n\t\t\n<style>\n#text-876309292 {\n  font-size: 1rem;\n  color: rgb(0,0,0);\n}\n#text-876309292 > * {\n  color: rgb(0,0,0);\n}\n@media (min-width:550px) {\n  #text-876309292 {\n    font-size: 1.1rem;\n  }\n}\n@media (min-width:850px) {\n  #text-876309292 {\n    font-size: 1.2rem;\n  }\n}\n<\/style>\n\t<\/div>\n\t\n\t<div id=\"gap-2080914742\" class=\"gap-element clearfix hide-for-small\" style=\"display:block; height:auto;\">\n\t\t\n<style>\n#gap-2080914742 {\n  padding-top: 20px;\n}\n<\/style>\n\t<\/div>\n\t\n\t\t<\/div>\n\t\t\t\t\n<style>\n#col-821323759 > .col-inner {\n  padding: 50px 10px 50px 15px;\n  margin: 0px 0px 0px 0px;\n  border-radius: 10px;\n}\n@media (min-width:550px) {\n  #col-821323759 > .col-inner {\n    padding: 50px 20px 20px 20px;\n    margin: 0px 0px 0px 0px;\n  }\n}\n@media (min-width:850px) {\n  #col-821323759 > .col-inner {\n    padding: 50px 40px 20px 40px;\n    margin: 0px 0px 0px 0px;\n  }\n}\n<\/style>\n\t<\/div>\n\n\t\n\n\t<div id=\"col-1232297146\" class=\"col medium-6 small-12 large-6\"  >\n\t\t\t\t<div class=\"col-inner\" style=\"background-color:rgb(255,255,255);\" >\n\t\t\t\n\t<div class=\"is-border\"\n\t\tstyle=\"border-color:rgba(0, 0, 0, 0.738);border-radius:10px;border-width:3px 3px 3px 3px;\">\n\t<\/div>\n\t\t\t\n\t<div id=\"text-3114234958\" class=\"text\">\n\t\t\n<h2><span style=\"font-size: 130%;\">Integrit\u00e4t<\/span><\/h2>\n\t\t\n<style>\n#text-3114234958 {\n  font-size: 1rem;\n  color: rgb(0,0,0);\n}\n#text-3114234958 > * {\n  color: rgb(0,0,0);\n}\n@media (min-width:550px) {\n  #text-3114234958 {\n    font-size: 1.1rem;\n  }\n}\n@media (min-width:850px) {\n  #text-3114234958 {\n    font-size: 1.2rem;\n  }\n}\n<\/style>\n\t<\/div>\n\t\n\t<div id=\"gap-1135313980\" class=\"gap-element clearfix\" style=\"display:block; height:auto;\">\n\t\t\n<style>\n#gap-1135313980 {\n  padding-top: 30px;\n}\n<\/style>\n\t<\/div>\n\t\n\t<div id=\"text-2656433207\" class=\"text\">\n\t\t\n<p>Wir f\u00fchren unsere Gesch\u00e4fte mit Blick auf Transparenz, Verantwortlichkeit und den langfristigen Wert f\u00fcr unsere Stakeholder.\n<\/p>\n\t\t\n<style>\n#text-2656433207 {\n  font-size: 1rem;\n  color: rgb(0,0,0);\n}\n#text-2656433207 > * {\n  color: rgb(0,0,0);\n}\n@media (min-width:550px) {\n  #text-2656433207 {\n    font-size: 1.1rem;\n  }\n}\n@media (min-width:850px) {\n  #text-2656433207 {\n    font-size: 1.2rem;\n  }\n}\n<\/style>\n\t<\/div>\n\t\n\t<div id=\"gap-76827731\" class=\"gap-element clearfix hide-for-small\" style=\"display:block; height:auto;\">\n\t\t\n<style>\n#gap-76827731 {\n  padding-top: 20px;\n}\n<\/style>\n\t<\/div>\n\t\n\t\t<\/div>\n\t\t\t\t\n<style>\n#col-1232297146 > .col-inner {\n  padding: 50px 10px 50px 15px;\n  margin: 0px 0px 0px 0px;\n  border-radius: 10px;\n}\n@media (min-width:550px) {\n  #col-1232297146 > .col-inner {\n    padding: 50px 20px 20px 20px;\n    margin: 0px 0px 0px 0px;\n  }\n}\n@media (min-width:850px) {\n  #col-1232297146 > .col-inner {\n    padding: 50px 40px 20px 40px;\n    margin: 0px 0px 0px 0px;\n  }\n}\n<\/style>\n\t<\/div>\n\n\t\n\n\t<div id=\"col-1727191540\" class=\"col medium-6 small-12 large-6\"  >\n\t\t\t\t<div class=\"col-inner\" style=\"background-color:rgb(255,255,255);\" >\n\t\t\t\n\t<div class=\"is-border\"\n\t\tstyle=\"border-color:rgba(0, 0, 0, 0.738);border-radius:10px;border-width:3px 3px 3px 3px;\">\n\t<\/div>\n\t\t\t\n\t<div id=\"text-3610472325\" class=\"text\">\n\t\t\n<h2><span style=\"font-size: 130%;\">Zusammenarbeit<br \/><\/span><\/h2>\n\t\t\n<style>\n#text-3610472325 {\n  font-size: 1rem;\n  color: rgb(0,0,0);\n}\n#text-3610472325 > * {\n  color: rgb(0,0,0);\n}\n@media (min-width:550px) {\n  #text-3610472325 {\n    font-size: 1.1rem;\n  }\n}\n@media (min-width:850px) {\n  #text-3610472325 {\n    font-size: 1.2rem;\n  }\n}\n<\/style>\n\t<\/div>\n\t\n\t<div id=\"gap-1389664628\" class=\"gap-element clearfix\" style=\"display:block; height:auto;\">\n\t\t\n<style>\n#gap-1389664628 {\n  padding-top: 30px;\n}\n<\/style>\n\t<\/div>\n\t\n\t<div id=\"text-2740150915\" class=\"text\">\n\t\t\n<p>Wir entwickeln gemeinsam, investieren gemeinsam und lernen gemeinsam. Unsere St\u00e4rke liegt in globalen Partnerschaften mit Forschern, Ingenieuren und Branchenf\u00fchrern.\n<\/p>\n\t\t\n<style>\n#text-2740150915 {\n  font-size: 1rem;\n  color: rgb(0,0,0);\n}\n#text-2740150915 > * {\n  color: rgb(0,0,0);\n}\n@media (min-width:550px) {\n  #text-2740150915 {\n    font-size: 1.1rem;\n  }\n}\n@media (min-width:850px) {\n  #text-2740150915 {\n    font-size: 1.2rem;\n  }\n}\n<\/style>\n\t<\/div>\n\t\n\t<div id=\"gap-1514777\" class=\"gap-element clearfix hide-for-small\" style=\"display:block; height:auto;\">\n\t\t\n<style>\n#gap-1514777 {\n  padding-top: 20px;\n}\n<\/style>\n\t<\/div>\n\t\n\t\t<\/div>\n\t\t\t\t\n<style>\n#col-1727191540 > .col-inner {\n  padding: 50px 10px 50px 15px;\n  margin: 0px 0px 0px 0px;\n  border-radius: 10px;\n}\n@media (min-width:550px) {\n  #col-1727191540 > .col-inner {\n    padding: 50px 20px 20px 20px;\n    margin: 0px 0px 0px 0px;\n  }\n}\n@media (min-width:850px) {\n  #col-1727191540 > .col-inner {\n    padding: 50px 40px 20px 40px;\n    margin: 0px 0px 0px 0px;\n  }\n}\n<\/style>\n\t<\/div>\n\n\t\n<\/div>\n\t\t<\/div>\n\n\t\t\n<style>\n#section_46917441 {\n  padding-top: 0px;\n  padding-bottom: 0px;\n}\n@media (min-width:550px) {\n  #section_46917441 {\n    padding-top: 30px;\n    padding-bottom: 30px;\n  }\n}\n<\/style>\n\t<\/section>\n\t\n","protected":false},"excerpt":{"rendered":"","protected":false},"author":7,"featured_media":0,"parent":0,"menu_order":0,"comment_status":"closed","ping_status":"closed","template":"","meta":{"footnotes":""},"class_list":["post-4455","page","type-page","status-publish","hentry"],"_links":{"self":[{"href":"https:\/\/argographene.com\/de\/wp-json\/wp\/v2\/pages\/4455","targetHints":{"allow":["GET"]}}],"collection":[{"href":"https:\/\/argographene.com\/de\/wp-json\/wp\/v2\/pages"}],"about":[{"href":"https:\/\/argographene.com\/de\/wp-json\/wp\/v2\/types\/page"}],"author":[{"embeddable":true,"href":"https:\/\/argographene.com\/de\/wp-json\/wp\/v2\/users\/7"}],"replies":[{"embeddable":true,"href":"https:\/\/argographene.com\/de\/wp-json\/wp\/v2\/comments?post=4455"}],"version-history":[{"count":1,"href":"https:\/\/argographene.com\/de\/wp-json\/wp\/v2\/pages\/4455\/revisions"}],"predecessor-version":[{"id":4458,"href":"https:\/\/argographene.com\/de\/wp-json\/wp\/v2\/pages\/4455\/revisions\/4458"}],"wp:attachment":[{"href":"https:\/\/argographene.com\/de\/wp-json\/wp\/v2\/media?parent=4455"}],"curies":[{"name":"wp","href":"https:\/\/api.w.org\/{rel}","templated":true}]}}