{"id":4035,"date":"2025-05-27T11:24:31","date_gmt":"2025-05-27T18:24:31","guid":{"rendered":"https:\/\/argographene.com\/graphen-industrie-marktwert\/"},"modified":"2025-07-08T12:23:14","modified_gmt":"2025-07-08T19:23:14","slug":"graphen-industrie-marktwert","status":"publish","type":"page","link":"https:\/\/argographene.com\/de\/graphen-industrie-marktwert\/","title":{"rendered":"Graphen Industrie Marktwert"},"content":{"rendered":"\n  <div class=\"banner has-hover\" id=\"banner-190872807\">\n          <div class=\"banner-inner fill\">\n        <div class=\"banner-bg fill\" >\n            <img loading=\"lazy\" decoding=\"async\" width=\"1020\" height=\"574\" src=\"https:\/\/argographene.com\/wp-content\/uploads\/2025\/05\/1571972029-1400x788.jpg\" class=\"bg attachment-large size-large\" alt=\"\" \/>                                    \n                    <\/div>\n\t\t\n        <div class=\"banner-layers container\">\n            <div class=\"fill banner-link\"><\/div>            \n   <div id=\"text-box-169004800\" class=\"text-box banner-layer x90 md-x15 lg-x100 y5 md-y10 lg-y10 res-text\">\n                                <div class=\"text-box-content text dark\">\n              \n              <div class=\"text-inner text-center\">\n                  \n\t<div id=\"text-1295418067\" class=\"text\">\n\t\t\n<h1>Graphen Industrie Marktwert<br \/><\/h1>\n\t\t\n<style>\n#text-1295418067 {\n  font-size: 1rem;\n  text-align: left;\n  color: rgb(30, 30, 30);\n}\n#text-1295418067 > * {\n  color: rgb(30, 30, 30);\n}\n@media (min-width:550px) {\n  #text-1295418067 {\n    font-size: 0.95rem;\n  }\n}\n@media (min-width:850px) {\n  #text-1295418067 {\n    font-size: 1.3rem;\n  }\n}\n<\/style>\n\t<\/div>\n\t\n<div class=\"text-center\"><div class=\"is-divider divider clearfix\" style=\"max-width:1300px;height:1px;background-color:rgb(30, 30, 30);\"><\/div><\/div>\n\t<div id=\"text-4115067565\" class=\"text\">\n\t\t\n<h2>Die Graphen-Industrie erf\u00e4hrt aufgrund ihrer weitreichenden Anwendungen ein explosives Wachstum:<br \/><\/h2>\n\t\t\n<style>\n#text-4115067565 {\n  font-size: 0.75rem;\n  line-height: 0.75;\n  text-align: left;\n  color: rgb(30, 30, 30);\n}\n#text-4115067565 > * {\n  color: rgb(30, 30, 30);\n}\n@media (min-width:550px) {\n  #text-4115067565 {\n    font-size: 0.75rem;\n    text-align: left;\n  }\n}\n@media (min-width:850px) {\n  #text-4115067565 {\n    font-size: 0.75rem;\n  }\n}\n<\/style>\n\t<\/div>\n\t\n\t<div id=\"gap-2135812279\" class=\"gap-element clearfix\" style=\"display:block; height:auto;\">\n\t\t\n<style>\n#gap-2135812279 {\n  padding-top: 30px;\n}\n@media (min-width:850px) {\n  #gap-2135812279 {\n    padding-top: 30px;\n  }\n}\n<\/style>\n\t<\/div>\n\t\n\t<div id=\"text-1924826736\" class=\"text\">\n\t\t\n<ul>\n<li><strong><span style=\"font-size: 120%;\">Aktuelles Wachstum<br \/><\/span><span style=\"font-size: 80%;\">Der globale Graphenmarkt wird voraussichtlich von 1,32 Milliarden USD im Jahr 2024 auf 1,62 Milliarden USD im Jahr 2025 wachsen, was einer CAGR von 22,8% entspricht.<\/span><\/strong><\/li>\n<li style=\"font-weight: 400;\" aria-level=\"1\"><strong><span style=\"font-size: 120%;\">Zukunftsaussichten<br \/><\/span><span style=\"font-size: 80%;\">Es wird erwartet, dass der Markt bis 2029 ein Volumen von 2,94 Mrd. USD erreichen wird, mit einem Wachstum von 24,0% CAGR, angetrieben durch Innovationen in den Bereichen Elektronik, Bauwesen und Gesundheitswesen.<\/span><\/strong><\/li>\n<\/ul>\n\t\t\n<style>\n#text-1924826736 {\n  font-size: 1.2rem;\n  line-height: 2;\n  text-align: left;\n}\n@media (min-width:850px) {\n  #text-1924826736 {\n    font-size: 1.4rem;\n  }\n}\n<\/style>\n\t<\/div>\n\t\n\t<div id=\"gap-1827406677\" class=\"gap-element clearfix\" style=\"display:block; height:auto;\">\n\t\t\n<style>\n#gap-1827406677 {\n  padding-top: 30px;\n}\n@media (min-width:850px) {\n  #gap-1827406677 {\n    padding-top: 30px;\n  }\n}\n<\/style>\n\t<\/div>\n\t\n<div class=\"text-center\"><div class=\"is-divider divider clearfix\" style=\"max-width:1300px;height:1px;background-color:rgb(30, 30, 30);\"><\/div><\/div>\n\t<div id=\"text-1084291869\" class=\"text\">\n\t\t\n<p><span style=\"font-size: 100%;\">Dieser Aufw\u00e4rtstrend spiegelt die weltweit steigende Nachfrage nach Graphen-basierten Technologien wider und unterstreicht die Rolle von Argo Graphene Solutions in diesem sich entwickelnden Marktsegment.<\/span><\/p>\n\t\t\n<style>\n#text-1084291869 {\n  font-size: 1.2rem;\n  text-align: left;\n  color: #1e1e1e;\n}\n#text-1084291869 > * {\n  color: #1e1e1e;\n}\n@media (min-width:550px) {\n  #text-1084291869 {\n    font-size: 1rem;\n  }\n}\n@media (min-width:850px) {\n  #text-1084291869 {\n    font-size: 1.2rem;\n  }\n}\n<\/style>\n\t<\/div>\n\t\n              <\/div>\n           <\/div>\n                            \n<style>\n#text-box-169004800 {\n  width: 77%;\n}\n#text-box-169004800 .text-box-content {\n  font-size: 100%;\n}\n@media (min-width:550px) {\n  #text-box-169004800 {\n    width: 64%;\n  }\n}\n@media (min-width:850px) {\n  #text-box-169004800 {\n    width: 68%;\n  }\n}\n<\/style>\n    <\/div>\n \n        <\/div>\n      <\/div>\n\n            \n<style>\n#banner-190872807 {\n  padding-top: 1365px;\n}\n#banner-190872807 .banner-bg img {\n  object-position: 49% 51%;\n}\n@media (min-width:550px) {\n  #banner-190872807 {\n    padding-top: 1100px;\n  }\n}\n@media (min-width:850px) {\n  #banner-190872807 {\n    padding-top: 1136px;\n  }\n}\n<\/style>\n  <\/div>\n\n\n\n\t<section class=\"section\" id=\"section_1816616286\">\n\t\t<div class=\"section-bg fill\" >\n\t\t\t\t\t\t\t\t\t\n\t\t\t\n\t<div class=\"is-border\"\n\t\tstyle=\"border-width:0px 0px 0px 0px;\">\n\t<\/div>\n\n\t\t<\/div>\n\n\t\t\n\n\t\t<div class=\"section-content relative\">\n\t\t\t\n<div class=\"row row-large align-middle align-center\" style=\"max-width:1200px\" id=\"row-138346549\">\n\n\t<div id=\"col-981312643\" class=\"col medium-12 small-12 large-12\"  >\n\t\t\t\t<div class=\"col-inner\"  >\n\t\t\t\n\t\t\t\n<div class=\"container section-title-container\" ><h2 class=\"section-title section-title-normal\"><b><\/b><span class=\"section-title-main\" style=\"font-size:125%;\">Globaler Graphen-Markt \u00dcberblick<\/span><b><\/b><\/h2><\/div>\n\t<div id=\"text-3003624713\" class=\"text\">\n\t\t\n<ul>\n<li><span style=\"font-size: 120%;\"><b>IMARC-Gruppe<\/b><\/span><span style=\"font-weight: 400;\"><span style=\"font-size: 120%;\">:<\/span> <\/span> <br \/>Der weltweite Graphenmarkt wurde <b>im Jahr 2024<\/b>auf <b>290 Millionen USD<\/b>gesch\u00e4tzt <span style=\"font-weight: 400;\"> und wird <\/span><b>bis 2033<\/b> voraussichtlich <b>7,82 Milliarden USD<\/b> erreichen <span style=\"font-weight: 400;\">, mit einer <\/span><b>CAGR von 39,01%<\/b><span style=\"font-weight: 400;\"> im Zeitraum 2025-2033.<a href=\"https:\/\/blog.libero.it\/wp\/analyst\/2025\/02\/20\/graphene-market-share-growth-and-demand-forecast-2025-2033\/\" target=\"blank\" class=\"button primary is-outline is-xxsmall rounded-button\" rel=\"noopener\">\n\t\t<span>Mehr lesen  &gt;<\/span>\n\t<\/a>\n<\/span><\/li>\n<li><span style=\"font-size: 120%;\"><b>Polaris Marktforschung<\/b><\/span><span style=\"font-weight: 400;\"><span style=\"font-size: 120%;\">:<\/span> <br \/>Gesch\u00e4tzt auf <\/span><b>260,53 Millionen USD im Jahr 2024<\/b><span style=\"font-weight: 400;\">wird der Markt voraussichtlich auf <\/span><b>2,86 Milliarden USD bis 2032<\/b><span style=\"font-weight: 400;\">mit einer <\/span><b>CAGR von 34,9%<\/b><span style=\"font-weight: 400;\"><span style=\"font-weight: 400;\">. <\/span><\/span><a href=\"https:\/\/www.polarismarketresearch.com\/industry-analysis\/graphene-market\" target=\"blank\" class=\"button primary is-outline is-xxsmall rounded-button\" rel=\"noopener\">\n\t\t<span>Mehr lesen  &gt;<\/span>\n\t<\/a>\n<\/li>\n<li><span style=\"font-size: 120%;\"><b>Markt.us<\/b><\/span><span style=\"font-weight: 400;\">: <br \/>Die Marktgr\u00f6\u00dfe wird voraussichtlich von <\/span><b>1,31 Milliarden USD im Jahr 2024<\/b><span style=\"font-weight: 400;\"> auf <\/span><b>9,86 Milliarden USD bis 2034<\/b><span style=\"font-weight: 400;\">und verzeichnet dabei eine <\/span><b><b>CAGR von 22,6%. <\/b><\/b> <span style=\"font-weight: 400;\"><a href=\"https:\/\/market.us\/report\/graphene-market\/\" target=\"blank\" class=\"button primary is-outline is-xxsmall rounded-button\" rel=\"noopener\">\n\t\t<span>Mehr lesen  &gt;<\/span>\n\t<\/a>\n<\/span><\/li>\n<li><span style=\"font-size: 120%;\"><b>Vorrangige Forschung<\/b><\/span><span style=\"font-weight: 400;\"><span style=\"font-size: 120%;\">:<\/span> <br \/>Prognosen gehen von einem Wachstum von <\/span><b>598,29 Millionen USD im Jahr 2025<\/b><span style=\"font-weight: 400;\"> auf <\/span><b>6,98 Milliarden USD bis 2034<\/b><span style=\"font-weight: 400;\">mit einer <\/span><b>CAGR von 31,7%<\/b><span style=\"font-weight: 400;\">. <\/span> <span style=\"font-weight: 400;\"><a href=\"https:\/\/www.precedenceresearch.com\/graphene-market\" target=\"blank\" class=\"button primary is-outline is-xxsmall rounded-button\" rel=\"noopener\">\n\t\t<span>Mehr lesen  &gt;<\/span>\n\t<\/a>\n<\/span><\/li>\n<\/ul>\n\t\t\n<style>\n#text-3003624713 {\n  font-size: 1.2rem;\n  line-height: 2;\n}\n<\/style>\n\t<\/div>\n\t\n\t\t<\/div>\n\t\t\t\t\n<style>\n#col-981312643 > .col-inner {\n  padding: 20px 10px 20px 10px;\n}\n@media (min-width:550px) {\n  #col-981312643 > .col-inner {\n    padding: 20px 50px 20px 50px;\n  }\n}\n<\/style>\n\t<\/div>\n\n\t\n\n\t<div id=\"col-421365487\" class=\"col medium-12 small-12 large-12\"  >\n\t\t\t\t<div class=\"col-inner\"  >\n\t\t\t\n\t\t\t\n<div class=\"container section-title-container\" ><h3 class=\"section-title section-title-bold\"><b><\/b><span class=\"section-title-main\" style=\"font-size:115%;\">Segment-spezifische Einblicke<\/span><b><\/b><\/h3><\/div>\n\t<div id=\"text-3789501653\" class=\"text\">\n\t\t\n<ul>\n<li style=\"font-weight: 400;\" aria-level=\"1\"><span style=\"font-size: 120%;\"><b>Graphen Elektronik<\/b><\/span><span style=\"font-weight: 400;\"><span style=\"font-size: 120%;\">:<\/span> <br \/>Der Markt wird sich voraussichtlich von <\/span><b>1,36 Milliarden USD im Jahr 2024<\/b><span style=\"font-weight: 400;\"> auf <\/span><b>1,8 Milliarden USD im Jahr 2025<\/b><span style=\"font-weight: 400;\">mit einer <\/span><b>CAGR von 33,0%<\/b><span style=\"font-weight: 400;\">. <\/span> <span style=\"font-weight: 400;\"> <a href=\"https:\/\/blog.tbrc.info\/2025\/03\/graphene-electronics-market-statistics-2\/\" target=\"blank\" class=\"button primary is-outline is-xxsmall rounded-button\" rel=\"noopener\">\n\t\t<span>Mehr lesen  &gt;<\/span>\n\t<\/a>\n<\/span><span style=\"font-weight: 400;\">\n<p><\/span><\/li>\n<li style=\"font-weight: 400;\" aria-level=\"1\"><span style=\"font-weight: 400;\"><span style=\"font-size: 120%;\"><b style=\"color: #555555;\">Materialien auf Graphen-Basis<\/b><\/span><span style=\"font-weight: 400;\"><span style=\"font-size: 120%;\">:<\/span> <br \/>Gesch\u00e4tzt auf <\/span><b style=\"color: #555555;\">1,9 Milliarden USD im Jahr 2023<\/b><span style=\"font-weight: 400;\">Dieses Segment unterstreicht die wachsende Bedeutung von Graphen in verschiedenen Endverbraucherindustrien.<\/span>    <\/span><span style=\"font-weight: 400;\"><a href=\"https:\/\/www.marketresearchfuture.com\/reports\/graphene-based-material-market-32386\" target=\"blank\" class=\"button primary is-outline is-xxsmall rounded-button\" rel=\"noopener\">\n\t\t<span>Mehr lesen  &gt;<\/span>\n\t<\/a>\n<\/span><\/li>\n<\/ul>\n\t\t\n<style>\n#text-3789501653 {\n  font-size: 1.2rem;\n  line-height: 2;\n}\n<\/style>\n\t<\/div>\n\t\n\t\t<\/div>\n\t\t\t\t\n<style>\n#col-421365487 > .col-inner {\n  padding: 20px 20px 20px 20px;\n}\n@media (min-width:550px) {\n  #col-421365487 > .col-inner {\n    padding: 20px 50px 20px 50px;\n  }\n}\n<\/style>\n\t<\/div>\n\n\t\n\n\t<div id=\"col-2051399092\" class=\"col medium-12 small-12 large-12\"  >\n\t\t\t\t<div class=\"col-inner\"  >\n\t\t\t\n\t\t\t\n<div class=\"container section-title-container\" ><h3 class=\"section-title section-title-bold\"><b><\/b><span class=\"section-title-main\" style=\"font-size:115%;\">Regionale H\u00f6hepunkte<\/span><b><\/b><\/h3><\/div>\n\t<div id=\"text-3345936920\" class=\"text\">\n\t\t\n<ul>\n<li style=\"font-weight: 400;\" aria-level=\"1\"><span style=\"font-size: 120%;\"><b>Asien-Pazifik<\/b><\/span><span style=\"font-weight: 400;\"><span style=\"font-size: 120%;\">:<\/span> <br \/>Derzeit dominiert der Weltmarkt, angetrieben durch ein robustes industrielles Wachstum und erhebliche Investitionen in Forschung und Entwicklung.<\/span>    <span style=\"font-weight: 400;\"><a href=\"https:\/\/www.imarcgroup.com\/graphene-market\" target=\"blank\" class=\"button primary is-outline is-xxsmall rounded-button\" rel=\"noopener\">\n\t\t<span>Mehr lesen  &gt;<\/span>\n\t<\/a>\n<\/span><span style=\"font-weight: 400;\">\n<p><\/span><\/li>\n<li><span style=\"font-size: 120%;\"><b>Nord-Amerika<\/b><\/span><span style=\"font-weight: 400;\"><span style=\"font-size: 120%;\">:<\/span> <\/span> <br \/>Es wird erwartet, dass der Graphenmarkt in den USA von <b>50 Millionen USD im Jahr 2024<\/b><span style=\"font-weight: 400;\"> auf <\/span><b>850 Millionen USD im Jahr 2035<\/b>wachsen wird <span style=\"font-weight: 400;\">, bei einer <\/span><b>CAGR von ca. 29,4%<\/b><span style=\"font-weight: 400;\">. <a href=\"https:\/\/www.marketresearchfuture.com\/reports\/us-graphene-market-13937\" target=\"blank\" class=\"button primary is-outline is-xxsmall rounded-button\" rel=\"noopener\">\n\t\t<span>Mehr lesen  &gt;<\/span>\n\t<\/a>\n<\/span><\/li>\n<\/ul>\n\t\t\n<style>\n#text-3345936920 {\n  font-size: 1.3rem;\n  line-height: 2;\n}\n<\/style>\n\t<\/div>\n\t\n\t\t<\/div>\n\t\t\t\t\n<style>\n#col-2051399092 > .col-inner {\n  padding: 20px 20px 20px 20px;\n}\n@media (min-width:550px) {\n  #col-2051399092 > .col-inner {\n    padding: 20px 50px 20px 50px;\n  }\n}\n<\/style>\n\t<\/div>\n\n\t\n\n\t<div id=\"col-1278163667\" class=\"col medium-12 small-12 large-12\"  >\n\t\t\t\t<div class=\"col-inner\"  >\n\t\t\t\n\t\t\t\n<div class=\"container section-title-container\" ><h3 class=\"section-title section-title-bold\"><b><\/b><span class=\"section-title-main\" style=\"font-size:115%;\">Die wichtigsten Wachstumstreiber<\/span><b><\/b><\/h3><\/div>\n\t<div id=\"text-699138863\" class=\"text\">\n\t\t\n<ul>\n<li style=\"font-weight: 400;\" aria-level=\"1\"><span style=\"font-size: 120%;\"><b>Technologische Fortschritte<\/b><\/span><span style=\"font-weight: 400;\"><span style=\"font-size: 120%;\">:<\/span> <br \/>Lebendige B\u00f6den in der Produktionstechnik machen Graphen f\u00fcr kommerzielle Anwendungen leichter zug\u00e4nglich.<\/span>    <span style=\"font-weight: 400;\"><a href=\"https:\/\/blog.libero.it\/wp\/analyst\/2025\/02\/20\/graphene-market-share-growth-and-demand-forecast-2025-2033\/\" target=\"blank\" class=\"button primary is-outline is-xxsmall rounded-button\" rel=\"noopener\">\n\t\t<span>Mehr lesen  &gt;<\/span>\n\t<\/a>\n<\/span><\/li>\n<li style=\"font-weight: 400;\" aria-level=\"1\"><span style=\"font-size: 120%;\"><b>Vielf\u00e4ltige Anwendungen<\/b><\/span><span style=\"font-weight: 400;\"><span style=\"font-size: 120%;\">:<\/span> <br \/>Die steigende Nachfrage in den Bereichen Elektronik, Energiespeicherung, Luft- und Raumfahrt, Automobil und Gesundheitswesen treibt das Marktwachstum voran. <\/span> <span style=\"font-weight: 400;\"><a href=\"https:\/\/blog.tbrc.info\/2024\/10\/graphene-markets-growth\/\" target=\"blank\" class=\"button primary is-outline is-xxsmall rounded-button\" rel=\"noopener\">\n\t\t<span>Mehr lesen  &gt;<\/span>\n\t<\/a>\n<\/span><\/li>\n<li><span style=\"font-size: 120%;\"><b>Nachhaltigkeit Trends<\/b><\/span><span style=\"font-weight: 400;\"><span style=\"font-size: 120%;\">:<\/span> <br \/>Die Entwicklung nachhaltiger Produkte auf Graphenbasis steht im Einklang mit den weltweiten Bem\u00fchungen zum Umweltschutz.<\/span>    <span style=\"font-weight: 400;\"><a href=\"https:\/\/blog.tbrc.info\/2024\/10\/graphene-markets-growth\/\" target=\"blank\" class=\"button primary is-outline is-xxsmall rounded-button\" rel=\"noopener\">\n\t\t<span>Mehr lesen  &gt;<\/span>\n\t<\/a>\n<\/span><span style=\"font-weight: 400;\"><br \/><\/span><\/li>\n<\/ul>\n\t\t\n<style>\n#text-699138863 {\n  font-size: 1.2rem;\n  line-height: 2;\n}\n<\/style>\n\t<\/div>\n\t\n\t<div id=\"gap-1047952112\" class=\"gap-element clearfix\" style=\"display:block; height:auto;\">\n\t\t\n<style>\n#gap-1047952112 {\n  padding-top: 100px;\n}\n<\/style>\n\t<\/div>\n\t\n\t\t<\/div>\n\t\t\t\t\n<style>\n#col-1278163667 > .col-inner {\n  padding: 20px 20px 20px 20px;\n}\n@media (min-width:550px) {\n  #col-1278163667 > .col-inner {\n    padding: 20px 50px 20px 50px;\n  }\n}\n<\/style>\n\t<\/div>\n\n\t\n\n<style>\n#row-138346549 > .col > .col-inner {\n  padding: 100px 20px 0px 20px;\n}\n@media (min-width:550px) {\n  #row-138346549 > .col > .col-inner {\n    padding: 100px 50px 0px 50px;\n  }\n}\n@media (min-width:850px) {\n  #row-138346549 > .col > .col-inner {\n    padding: 100px 0px 0px 0px;\n  }\n}\n<\/style>\n<\/div>\n\n  <div class=\"banner has-hover\" id=\"banner-486076035\">\n          <div class=\"banner-inner fill\">\n        <div class=\"banner-bg fill\" >\n            <img loading=\"lazy\" decoding=\"async\" width=\"1020\" height=\"281\" src=\"https:\/\/argographene.com\/wp-content\/uploads\/2025\/05\/2383984425-1400x385.jpg\" class=\"bg attachment-large size-large\" alt=\"\" \/>                        <div class=\"overlay\"><\/div>            \n                    <\/div>\n\t\t\n        <div class=\"banner-layers container\">\n            <div class=\"fill banner-link\"><\/div>            \n   <div id=\"text-box-767455430\" class=\"text-box banner-layer x95 md-x50 lg-x50 y10 md-y50 lg-y15 res-text\">\n                                <div class=\"text-box-content text dark\">\n              \n              <div class=\"text-inner text-left\">\n                  \n\t<div id=\"text-1613384070\" class=\"text\">\n\t\t\n<h2>Seien Sie Teil der Graphen-Revolution<\/p>\n<\/h2>\n\t\t\n<style>\n#text-1613384070 {\n  font-size: 1rem;\n  text-align: left;\n}\n@media (min-width:550px) {\n  #text-1613384070 {\n    font-size: 1.2rem;\n    text-align: center;\n  }\n}\n@media (min-width:850px) {\n  #text-1613384070 {\n    text-align: left;\n  }\n}\n<\/style>\n\t<\/div>\n\t\n\t<div id=\"gap-1886600461\" class=\"gap-element clearfix\" style=\"display:block; height:auto;\">\n\t\t\n<style>\n#gap-1886600461 {\n  padding-top: 50px;\n}\n@media (min-width:550px) {\n  #gap-1886600461 {\n    padding-top: 30px;\n  }\n}\n<\/style>\n\t<\/div>\n\t\n\t<div id=\"text-2222135593\" class=\"text\">\n\t\t\n<p><strong>Die Graphen-Industrie wird in den n\u00e4chsten zehn Jahren ein betr\u00e4chtliches Wachstum verzeichnen, das durch die vielf\u00e4ltigen Anwendungsm\u00f6glichkeiten und die laufenden technologischen Fortschritte angeheizt wird. Akteure aus verschiedenen Sektoren investieren zunehmend in die Graphenforschung und -vermarktung und signalisieren damit eine vielversprechende Zukunft f\u00fcr dieses revolution\u00e4re Material. <\/strong><\/p>\n<p><strong>Setzen Sie sich mit uns in Verbindung, um Kooperations-, Investitions- oder Innovationsm\u00f6glichkeiten in der Graphen-Industrie zu erkunden.<\/strong><\/p>\n\t\t\n<style>\n#text-2222135593 {\n  font-size: 1rem;\n  line-height: 2;\n  text-align: left;\n}\n@media (min-width:550px) {\n  #text-2222135593 {\n    font-size: 1.25rem;\n  }\n}\n@media (min-width:850px) {\n  #text-2222135593 {\n    text-align: left;\n  }\n}\n<\/style>\n\t<\/div>\n\t\n\t<div id=\"gap-341270603\" class=\"gap-element clearfix\" style=\"display:block; height:auto;\">\n\t\t\n<style>\n#gap-341270603 {\n  padding-top: 50px;\n}\n@media (min-width:550px) {\n  #gap-341270603 {\n    padding-top: 30px;\n  }\n}\n<\/style>\n\t<\/div>\n\t\n<a class=\"button primary hide-for-medium\"  style=\"border-radius:10px;padding:5px 40px 5px 40px;\">\n\t\t<span>Kontaktieren Sie uns<\/span>\n\t<\/a>\n\n<a class=\"button primary expand show-for-medium\"  style=\"border-radius:10px;padding:5px 0px 5px 0px;\">\n\t\t<span>Kontaktieren Sie uns<\/span>\n\t<\/a>\n\n              <\/div>\n           <\/div>\n                            \n<style>\n#text-box-767455430 {\n  width: 86%;\n}\n#text-box-767455430 .text-box-content {\n  font-size: 104%;\n}\n@media (min-width:550px) {\n  #text-box-767455430 {\n    width: 80%;\n  }\n}\n@media (min-width:850px) {\n  #text-box-767455430 {\n    width: 100%;\n  }\n}\n<\/style>\n    <\/div>\n \n        <\/div>\n      <\/div>\n\n            \n<style>\n#banner-486076035 {\n  padding-top: 981px;\n}\n#banner-486076035 .overlay {\n  background-color: rgba(77, 120, 136, 0.709);\n}\n@media (min-width:550px) {\n  #banner-486076035 {\n    padding-top: 842px;\n  }\n}\n@media (min-width:850px) {\n  #banner-486076035 {\n    padding-top: 633px;\n  }\n}\n<\/style>\n  <\/div>\n\n\n\t\t<\/div>\n\n\t\t\n<style>\n#section_1816616286 {\n  padding-top: 20px;\n  padding-bottom: 20px;\n  background-color: rgb(255,255,255);\n}\n@media (min-width:550px) {\n  #section_1816616286 {\n    padding-top: 0px;\n    padding-bottom: 0px;\n  }\n}\n<\/style>\n\t<\/section>\n\t\n","protected":false},"excerpt":{"rendered":"","protected":false},"author":7,"featured_media":0,"parent":0,"menu_order":0,"comment_status":"closed","ping_status":"closed","template":"page-blank.php","meta":{"footnotes":""},"class_list":["post-4035","page","type-page","status-publish","hentry"],"_links":{"self":[{"href":"https:\/\/argographene.com\/de\/wp-json\/wp\/v2\/pages\/4035","targetHints":{"allow":["GET"]}}],"collection":[{"href":"https:\/\/argographene.com\/de\/wp-json\/wp\/v2\/pages"}],"about":[{"href":"https:\/\/argographene.com\/de\/wp-json\/wp\/v2\/types\/page"}],"author":[{"embeddable":true,"href":"https:\/\/argographene.com\/de\/wp-json\/wp\/v2\/users\/7"}],"replies":[{"embeddable":true,"href":"https:\/\/argographene.com\/de\/wp-json\/wp\/v2\/comments?post=4035"}],"version-history":[{"count":14,"href":"https:\/\/argographene.com\/de\/wp-json\/wp\/v2\/pages\/4035\/revisions"}],"predecessor-version":[{"id":4343,"href":"https:\/\/argographene.com\/de\/wp-json\/wp\/v2\/pages\/4035\/revisions\/4343"}],"wp:attachment":[{"href":"https:\/\/argographene.com\/de\/wp-json\/wp\/v2\/media?parent=4035"}],"curies":[{"name":"wp","href":"https:\/\/api.w.org\/{rel}","templated":true}]}}