{"id":4017,"date":"2025-06-02T16:03:36","date_gmt":"2025-06-02T23:03:36","guid":{"rendered":"https:\/\/argographene.com\/graphen-in-der-landwirtschaft\/"},"modified":"2025-06-03T13:09:44","modified_gmt":"2025-06-03T20:09:44","slug":"graphen-in-der-landwirtschaft","status":"publish","type":"page","link":"https:\/\/argographene.com\/de\/graphen-in-der-landwirtschaft\/","title":{"rendered":"Graphen in der Landwirtschaft"},"content":{"rendered":"\n\t<section class=\"section\" id=\"section_1704821487\">\n\t\t<div class=\"section-bg fill\" >\n\t\t\t<img loading=\"lazy\" decoding=\"async\" width=\"1080\" height=\"685\" src=\"https:\/\/argographene.com\/wp-content\/uploads\/2024\/07\/Argo-living-soil-Discover-the-Benefits.png\" class=\"bg attachment- size-\" alt=\"\" \/>\t\t\t\t\t\t<div class=\"section-bg-overlay absolute fill\"><\/div>\n\t\t\t\n\t<div class=\"is-border\"\n\t\tstyle=\"border-width:0px 0px 0px 0px;\">\n\t<\/div>\n\n\t\t<\/div>\n\n\t\t\n\n\t\t<div class=\"section-content relative\">\n\t\t\t\n<div id=\"graphene-in-agriculture\"><\/div>\n<div class=\"row row-large align-middle align-center\" style=\"max-width:1200px\" id=\"row-483400914\">\n\n\t<div id=\"col-2069485432\" class=\"col medium-10 small-12 large-12\"  >\n\t\t\t\t<div class=\"col-inner\"  >\n\t\t\t\n\t\t\t\n\n  <div class=\"banner has-hover\" id=\"banner-916907814\">\n          <div class=\"banner-inner fill\">\n        <div class=\"banner-bg fill\" >\n                                                \n                    <\/div>\n\t\t\n        <div class=\"banner-layers container\">\n            <div class=\"fill banner-link\"><\/div>            \n   <div id=\"text-box-1959014136\" class=\"text-box banner-layer x50 md-x50 lg-x50 y50 md-y50 lg-y50 res-text\">\n                                <div class=\"text-box-content text dark\">\n              \n              <div class=\"text-inner text-center\">\n                  \n<div class=\"row\"  id=\"row-403301652\">\n\n\t<div id=\"col-429018136\" class=\"col small-12 large-12\"  >\n\t\t\t\t<div class=\"col-inner\"  >\n\t\t\t\n\t\t\t\n\t<div id=\"text-1196414316\" class=\"text\">\n\t\t\n<h2>Graphen <br \/>in der Landwirtschaft<\/span><\/h2>\n\t\t\n<style>\n#text-1196414316 {\n  font-size: 1.1rem;\n  text-align: left;\n  color: rgb(255,255,255);\n}\n#text-1196414316 > * {\n  color: rgb(255,255,255);\n}\n@media (min-width:550px) {\n  #text-1196414316 {\n    font-size: 1.5rem;\n    text-align: left;\n  }\n}\n@media (min-width:850px) {\n  #text-1196414316 {\n    font-size: 2rem;\n  }\n}\n<\/style>\n\t<\/div>\n\t\n\t<div id=\"text-2058037021\" class=\"text\">\n\t\t\n<p>Nachhaltiges Wachstum durch fortschrittliche Nanomaterialien erschlie\u00dfen<\/p>\n\t\t\n<style>\n#text-2058037021 {\n  font-size: 1.3rem;\n  line-height: 1.45;\n  text-align: left;\n  color: rgb(255,255,255);\n}\n#text-2058037021 > * {\n  color: rgb(255,255,255);\n}\n@media (min-width:550px) {\n  #text-2058037021 {\n    font-size: 1.45rem;\n  }\n}\n@media (min-width:850px) {\n  #text-2058037021 {\n    font-size: 2rem;\n  }\n}\n<\/style>\n\t<\/div>\n\t\n\t\t<\/div>\n\t\t\t\t\t<\/div>\n\n\t\n<\/div>\n              <\/div>\n           <\/div>\n                            \n<style>\n#text-box-1959014136 {\n  width: 100%;\n}\n#text-box-1959014136 .text-box-content {\n  font-size: 100%;\n}\n<\/style>\n    <\/div>\n \n        <\/div>\n      <\/div>\n\n            \n<style>\n#banner-916907814 {\n  padding-top: 500px;\n  background-color: rgba(0, 0, 0, 0);\n}\n<\/style>\n  <\/div>\n\n\n\t\t<\/div>\n\t\t\t\t\n<style>\n#col-2069485432 > .col-inner {\n  padding: 20px 20px 20px 20px;\n}\n@media (min-width:550px) {\n  #col-2069485432 > .col-inner {\n    padding: 20px 0px 20px 20px;\n  }\n}\n@media (min-width:850px) {\n  #col-2069485432 > .col-inner {\n    padding: 20px 50px 20px 0px;\n  }\n}\n<\/style>\n\t<\/div>\n\n\t\n<\/div>\n\t\t<\/div>\n\n\t\t\n<style>\n#section_1704821487 {\n  padding-top: 20px;\n  padding-bottom: 20px;\n  background-color: rgb(255,255,255);\n}\n#section_1704821487 .section-bg-overlay {\n  background-color: rgba(15, 66, 42, 0.587);\n}\n#section_1704821487 .section-bg img {\n  object-position: 100% 65%;\n}\n@media (min-width:550px) {\n  #section_1704821487 {\n    padding-top: 50px;\n    padding-bottom: 50px;\n  }\n}\n<\/style>\n\t<\/section>\n\t\n\n\t<section class=\"section\" id=\"section_1108878735\">\n\t\t<div class=\"section-bg fill\" >\n\t\t\t\t\t\t\t\t\t\n\t\t\t\n\t<div class=\"is-border\"\n\t\tstyle=\"border-width:0px 0px 0px 0px;\">\n\t<\/div>\n\n\t\t<\/div>\n\n\t\t\n\n\t\t<div class=\"section-content relative\">\n\t\t\t\n<div class=\"row row-large align-middle align-center\" style=\"max-width:1200px\" id=\"row-222068306\">\n\n\t<div id=\"col-1785920554\" class=\"col medium-10 small-12 large-6\"  >\n\t\t\t\t<div class=\"col-inner\"  >\n\t\t\t\n\t\t\t\n<div class=\"container section-title-container\" ><h3 class=\"section-title section-title-normal\"><b><\/b><span class=\"section-title-main\" style=\"font-size:125%;color:rgb(0, 0, 0);\">Verbesserte Leistung des Bodens<\/span><b><\/b><\/h3><\/div>\n\t<div id=\"text-4214970627\" class=\"text\">\n\t\t\n<p>Mit Graphen versetzte Bodenhilfsstoffe verbessern die Wasserr\u00fcckhaltung, die N\u00e4hrstoffverf\u00fcgbarkeit und die Bodenstruktur - f\u00fcr ges\u00fcndere Ernten mit weniger Ressourcen.<\/p>\n\t\t\n<style>\n#text-4214970627 {\n  font-size: 1.2rem;\n  line-height: 2;\n}\n<\/style>\n\t<\/div>\n\t\n\t\t<\/div>\n\t\t\t\t\n<style>\n#col-1785920554 > .col-inner {\n  padding: 20px 20px 20px 20px;\n}\n<\/style>\n\t<\/div>\n\n\t\n\n\t<div id=\"col-1871623708\" class=\"col hide-for-medium medium-10 small-11 large-6\"  >\n\t\t\t\t<div class=\"col-inner text-center\"  >\n\t\t\t\n\t\t\t\n\t<div class=\"img has-hover x md-x lg-x y md-y lg-y\" id=\"image_557324138\">\n\t\t\t\t\t\t\t\t<div class=\"img-inner dark\" >\n\t\t\t<img loading=\"lazy\" decoding=\"async\" width=\"490\" height=\"490\" src=\"https:\/\/argographene.com\/wp-content\/uploads\/2024\/06\/Invest-Image1.png\" class=\"attachment-large size-large\" alt=\"\" srcset=\"https:\/\/argographene.com\/wp-content\/uploads\/2024\/06\/Invest-Image1.png 490w, https:\/\/argographene.com\/wp-content\/uploads\/2024\/06\/Invest-Image1-400x400.png 400w, https:\/\/argographene.com\/wp-content\/uploads\/2024\/06\/Invest-Image1-280x280.png 280w\" sizes=\"auto, (max-width: 490px) 100vw, 490px\" \/>\t\t\t\t\t\t\n\t\t\t\t\t<\/div>\n\t\t\t\t\t\t\t\t\n<style>\n#image_557324138 {\n  width: 72%;\n}\n<\/style>\n\t<\/div>\n\t\n\t\t<\/div>\n\t\t\t\t\n<style>\n#col-1871623708 > .col-inner {\n  padding: 0px 0px 0px 0px;\n}\n@media (min-width:550px) {\n  #col-1871623708 > .col-inner {\n    padding: 0px 20px 0px 0px;\n  }\n}\n<\/style>\n\t<\/div>\n\n\t\n<\/div>\n<div class=\"row row-large align-middle align-center\" style=\"max-width:1200px\" id=\"row-1022202622\">\n\n\t<div id=\"col-1354015383\" class=\"col medium-10 small-11 large-6\"  >\n\t\t\t\t<div class=\"col-inner text-center\"  >\n\t\t\t\n\t\t\t\n\t<div class=\"img has-hover x md-x lg-x y md-y lg-y\" id=\"image_400991122\">\n\t\t\t\t\t\t\t\t<div class=\"img-inner dark\" >\n\t\t\t<img loading=\"lazy\" decoding=\"async\" width=\"565\" height=\"800\" src=\"https:\/\/argographene.com\/wp-content\/uploads\/2024\/06\/Argo-Soils-Biochar-565x800.png\" class=\"attachment-large size-large\" alt=\"\" srcset=\"https:\/\/argographene.com\/wp-content\/uploads\/2024\/06\/Argo-Soils-Biochar-565x800.png 565w, https:\/\/argographene.com\/wp-content\/uploads\/2024\/06\/Argo-Soils-Biochar-283x400.png 283w, https:\/\/argographene.com\/wp-content\/uploads\/2024\/06\/Argo-Soils-Biochar-768x1087.png 768w, https:\/\/argographene.com\/wp-content\/uploads\/2024\/06\/Argo-Soils-Biochar.png 804w\" sizes=\"auto, (max-width: 565px) 100vw, 565px\" \/>\t\t\t\t\t\t\n\t\t\t\t\t<\/div>\n\t\t\t\t\t\t\t\t\n<style>\n#image_400991122 {\n  width: 57%;\n}\n<\/style>\n\t<\/div>\n\t\n\t\t<\/div>\n\t\t\t\t\t<\/div>\n\n\t\n\n\t<div id=\"col-1300871866\" class=\"col medium-10 small-12 large-6\"  >\n\t\t\t\t<div class=\"col-inner\"  >\n\t\t\t\n\t\t\t\n<div class=\"container section-title-container\" ><h3 class=\"section-title section-title-normal\"><b><\/b><span class=\"section-title-main\" style=\"font-size:125%;color:rgb(0, 0, 0);\">Intelligente, kontrolliert freisetzende D\u00fcngemittel<\/span><b><\/b><\/h3><\/div>\n\t<div id=\"text-1382772802\" class=\"text\">\n\t\t\n<p>Dank seiner gro\u00dfen Oberfl\u00e4che und molekularen Stabilit\u00e4t erm\u00f6glicht Graphen D\u00fcngemittel, die N\u00e4hrstoffe allm\u00e4hlich freisetzen. Dies f\u00f6rdert die Aufnahme durch die Pflanzen und minimiert gleichzeitig den Abfluss und die Verschwendung. <\/p>\n\t\t\n<style>\n#text-1382772802 {\n  font-size: 1.2rem;\n  line-height: 2;\n  color: rgb(0,0,0);\n}\n#text-1382772802 > * {\n  color: rgb(0,0,0);\n}\n<\/style>\n\t<\/div>\n\t\n\t<div id=\"gap-899681388\" class=\"gap-element clearfix\" style=\"display:block; height:auto;\">\n\t\t\n<style>\n#gap-899681388 {\n  padding-top: 50px;\n}\n<\/style>\n\t<\/div>\n\t\n<div class=\"container section-title-container\" ><h3 class=\"section-title section-title-normal\"><b><\/b><span class=\"section-title-main\" style=\"font-size:125%;color:rgb(0, 0, 0);\">Schnellere Keimung &amp; kr\u00e4ftigeres Wachstum<\/span><b><\/b><\/h3><\/div>\n\t<div id=\"text-3052549362\" class=\"text\">\n\t\t\n<p>Beschichtungen auf Graphenbasis beschleunigen nachweislich die Keimung von Saatgut, f\u00f6rdern die Wurzelentwicklung und erh\u00f6hen die Biomasse - und verbessern so die Leistung der Pflanzen von Anfang an.<\/p>\n\t\t\n<style>\n#text-3052549362 {\n  font-size: 1.2rem;\n  line-height: 2;\n}\n<\/style>\n\t<\/div>\n\t\n\t<div id=\"gap-1490080044\" class=\"gap-element clearfix show-for-medium\" style=\"display:block; height:auto;\">\n\t\t\n<style>\n#gap-1490080044 {\n  padding-top: 30px;\n}\n@media (min-width:550px) {\n  #gap-1490080044 {\n    padding-top: 50px;\n  }\n}\n@media (min-width:850px) {\n  #gap-1490080044 {\n    padding-top: 30px;\n  }\n}\n<\/style>\n\t<\/div>\n\t\n\t\t<\/div>\n\t\t\t\t\n<style>\n#col-1300871866 > .col-inner {\n  padding: 20px 20px 20px 20px;\n}\n<\/style>\n\t<\/div>\n\n\t\n\n<style>\n#row-1022202622 > .col > .col-inner {\n  padding: 0px 20px 0px 20px;\n}\n@media (min-width:550px) {\n  #row-1022202622 > .col > .col-inner {\n    padding: 0px 0px 0px 0px;\n  }\n}\n@media (min-width:850px) {\n  #row-1022202622 > .col > .col-inner {\n    padding: 50px 0px 100px 0px;\n  }\n}\n<\/style>\n<\/div>\n<div class=\"row row-large align-middle align-center\" style=\"max-width:1200px\" id=\"row-1191592298\">\n\n\t<div id=\"col-1189709966\" class=\"col medium-10 small-12 large-6\"  >\n\t\t\t\t<div class=\"col-inner\"  >\n\t\t\t\n\t\t\t\n<div class=\"container section-title-container\" ><h3 class=\"section-title section-title-normal\"><b><\/b><span class=\"section-title-main\" style=\"font-size:125%;color:rgb(0, 0, 0);\">Nat\u00fcrlicher Pflanzenschutz<\/span><b><\/b><\/h3><\/div>\n\t<div id=\"text-1057165847\" class=\"text\">\n\t\t\n<p>Graphen weist antimikrobielle Eigenschaften auf, die dazu beitragen, Nutzpflanzen vor krankheitsverursachenden Erregern zu sch\u00fctzen und eine sicherere, chemiearme Alternative f\u00fcr die Sch\u00e4dlings- und Krankheitsbek\u00e4mpfung zu bieten.<\/p>\n\t\t\n<style>\n#text-1057165847 {\n  font-size: 1.2rem;\n  line-height: 2;\n  color: rgb(0,0,0);\n}\n#text-1057165847 > * {\n  color: rgb(0,0,0);\n}\n<\/style>\n\t<\/div>\n\t\n\t<div id=\"gap-551543755\" class=\"gap-element clearfix hide-for-small\" style=\"display:block; height:auto;\">\n\t\t\n<style>\n#gap-551543755 {\n  padding-top: 30px;\n}\n<\/style>\n\t<\/div>\n\t\n\t\t<\/div>\n\t\t\t\t\n<style>\n#col-1189709966 > .col-inner {\n  padding: 20px 20px 20px 20px;\n}\n<\/style>\n\t<\/div>\n\n\t\n\n\t<div id=\"col-556796644\" class=\"col hide-for-medium medium-10 small-11 large-6\"  >\n\t\t\t\t<div class=\"col-inner text-center\"  >\n\t\t\t\n\t\t\t\n\t<div class=\"img has-hover x md-x lg-x y md-y lg-y\" id=\"image_784289039\">\n\t\t\t\t\t\t\t\t<div class=\"img-inner dark\" >\n\t\t\t<img loading=\"lazy\" decoding=\"async\" width=\"719\" height=\"800\" src=\"https:\/\/argographene.com\/wp-content\/uploads\/2024\/06\/Argo-Soils-Biochar2-719x800.png\" class=\"attachment-large size-large\" alt=\"\" srcset=\"https:\/\/argographene.com\/wp-content\/uploads\/2024\/06\/Argo-Soils-Biochar2-719x800.png 719w, https:\/\/argographene.com\/wp-content\/uploads\/2024\/06\/Argo-Soils-Biochar2-359x400.png 359w, https:\/\/argographene.com\/wp-content\/uploads\/2024\/06\/Argo-Soils-Biochar2-768x855.png 768w, https:\/\/argographene.com\/wp-content\/uploads\/2024\/06\/Argo-Soils-Biochar2.png 1060w\" sizes=\"auto, (max-width: 719px) 100vw, 719px\" \/>\t\t\t\t\t\t\n\t\t\t\t\t<\/div>\n\t\t\t\t\t\t\t\t\n<style>\n#image_784289039 {\n  width: 57%;\n}\n<\/style>\n\t<\/div>\n\t\n\t\t<\/div>\n\t\t\t\t\n<style>\n#col-556796644 > .col-inner {\n  padding: 0px 0px 0px 0px;\n}\n@media (min-width:550px) {\n  #col-556796644 > .col-inner {\n    padding: 0px 20px 0px 0px;\n  }\n}\n<\/style>\n\t<\/div>\n\n\t\n<\/div>\n<div class=\"row row-large align-middle align-center\" style=\"max-width:1200px\" id=\"row-319838913\">\n\n\t<div id=\"col-1143505972\" class=\"col medium-10 small-11 large-6\"  >\n\t\t\t\t<div class=\"col-inner text-center\"  >\n\t\t\t\n\t\t\t\n\t<div class=\"img has-hover x md-x lg-x y md-y lg-y\" id=\"image_1978037351\">\n\t\t\t\t\t\t\t\t<div class=\"img-inner dark\" >\n\t\t\t<img loading=\"lazy\" decoding=\"async\" width=\"490\" height=\"490\" src=\"https:\/\/argographene.com\/wp-content\/uploads\/2024\/06\/Invest-Image5.png\" class=\"attachment-large size-large\" alt=\"\" srcset=\"https:\/\/argographene.com\/wp-content\/uploads\/2024\/06\/Invest-Image5.png 490w, https:\/\/argographene.com\/wp-content\/uploads\/2024\/06\/Invest-Image5-400x400.png 400w, https:\/\/argographene.com\/wp-content\/uploads\/2024\/06\/Invest-Image5-280x280.png 280w\" sizes=\"auto, (max-width: 490px) 100vw, 490px\" \/>\t\t\t\t\t\t\n\t\t\t\t\t<\/div>\n\t\t\t\t\t\t\t\t\n<style>\n#image_1978037351 {\n  width: 65%;\n}\n<\/style>\n\t<\/div>\n\t\n\t\t<\/div>\n\t\t\t\t\t<\/div>\n\n\t\n\n\t<div id=\"col-1691403005\" class=\"col medium-10 small-12 large-6\"  >\n\t\t\t\t<div class=\"col-inner\"  >\n\t\t\t\n\t\t\t\n<div class=\"container section-title-container\" ><h3 class=\"section-title section-title-normal\"><b><\/b><span class=\"section-title-main\" style=\"font-size:125%;color:rgb(0, 0, 0);\">Landwirtschaftliche \u00dcberwachung der n\u00e4chsten Generation<\/span><b><\/b><\/h3><\/div>\n\t<div id=\"text-3697271264\" class=\"text\">\n\t\t\n<p>Graphen ist hoch leitf\u00e4hig und reaktionsschnell und eignet sich daher ideal f\u00fcr Sensoren, die Bodenfeuchtigkeit, N\u00e4hrstoffgehalt und Umweltbedingungen \u00fcberwachen und so die Pr\u00e4zisionslandwirtschaft unterst\u00fctzen.<\/p>\n\t\t\n<style>\n#text-3697271264 {\n  font-size: 1.2rem;\n  line-height: 2;\n}\n<\/style>\n\t<\/div>\n\t\n\t<div id=\"gap-2067727564\" class=\"gap-element clearfix\" style=\"display:block; height:auto;\">\n\t\t\n<style>\n#gap-2067727564 {\n  padding-top: 50px;\n}\n<\/style>\n\t<\/div>\n\t\n<div class=\"container section-title-container\" ><h3 class=\"section-title section-title-normal\"><b><\/b><span class=\"section-title-main\" style=\"font-size:125%;color:rgb(0, 0, 0);\">Umweltfreundlich &amp; skalierbar<\/span><b><\/b><\/h3><\/div>\n\t<div id=\"text-3810471152\" class=\"text\">\n\t\t\n<p>Graphen weist antimikrobielle Eigenschaften auf, die dazu beitragen, Nutzpflanzen vor krankheitsverursachenden Erregern zu sch\u00fctzen und eine sicherere, chemiearme Alternative f\u00fcr die Sch\u00e4dlings- und Krankheitsbek\u00e4mpfung zu bieten.<\/p>\n\t\t\n<style>\n#text-3810471152 {\n  font-size: 1.2rem;\n  line-height: 2;\n  color: rgb(0,0,0);\n}\n#text-3810471152 > * {\n  color: rgb(0,0,0);\n}\n<\/style>\n\t<\/div>\n\t\n\t<div id=\"gap-6647587\" class=\"gap-element clearfix show-for-medium\" style=\"display:block; height:auto;\">\n\t\t\n<style>\n#gap-6647587 {\n  padding-top: 50px;\n}\n@media (min-width:850px) {\n  #gap-6647587 {\n    padding-top: 30px;\n  }\n}\n<\/style>\n\t<\/div>\n\t\n\t\t<\/div>\n\t\t\t\t\n<style>\n#col-1691403005 > .col-inner {\n  padding: 20px 20px 20px 20px;\n}\n<\/style>\n\t<\/div>\n\n\t\n\n<style>\n#row-319838913 > .col > .col-inner {\n  padding: 0px 20px 0px 20px;\n}\n@media (min-width:550px) {\n  #row-319838913 > .col > .col-inner {\n    padding: 0px 0px 0px 0px;\n  }\n}\n@media (min-width:850px) {\n  #row-319838913 > .col > .col-inner {\n    padding: 50px 0px 100px 0px;\n  }\n}\n<\/style>\n<\/div>\n\t\t<\/div>\n\n\t\t\n<style>\n#section_1108878735 {\n  padding-top: 20px;\n  padding-bottom: 20px;\n  background-color: rgb(255,255,255);\n}\n@media (min-width:550px) {\n  #section_1108878735 {\n    padding-top: 50px;\n    padding-bottom: 50px;\n  }\n}\n<\/style>\n\t<\/section>\n\t\n\n","protected":false},"excerpt":{"rendered":"","protected":false},"author":7,"featured_media":0,"parent":0,"menu_order":0,"comment_status":"closed","ping_status":"closed","template":"page-blank.php","meta":{"footnotes":""},"class_list":["post-4017","page","type-page","status-publish","hentry"],"_links":{"self":[{"href":"https:\/\/argographene.com\/de\/wp-json\/wp\/v2\/pages\/4017","targetHints":{"allow":["GET"]}}],"collection":[{"href":"https:\/\/argographene.com\/de\/wp-json\/wp\/v2\/pages"}],"about":[{"href":"https:\/\/argographene.com\/de\/wp-json\/wp\/v2\/types\/page"}],"author":[{"embeddable":true,"href":"https:\/\/argographene.com\/de\/wp-json\/wp\/v2\/users\/7"}],"replies":[{"embeddable":true,"href":"https:\/\/argographene.com\/de\/wp-json\/wp\/v2\/comments?post=4017"}],"version-history":[{"count":12,"href":"https:\/\/argographene.com\/de\/wp-json\/wp\/v2\/pages\/4017\/revisions"}],"predecessor-version":[{"id":4060,"href":"https:\/\/argographene.com\/de\/wp-json\/wp\/v2\/pages\/4017\/revisions\/4060"}],"wp:attachment":[{"href":"https:\/\/argographene.com\/de\/wp-json\/wp\/v2\/media?parent=4017"}],"curies":[{"name":"wp","href":"https:\/\/api.w.org\/{rel}","templated":true}]}}