{"id":3473,"date":"2021-02-25T00:55:29","date_gmt":"2021-02-25T08:55:29","guid":{"rendered":"https:\/\/argographene.com\/kontakt\/"},"modified":"2025-07-07T18:38:22","modified_gmt":"2025-07-08T01:38:22","slug":"kontakt","status":"publish","type":"page","link":"https:\/\/argographene.com\/de\/kontakt\/","title":{"rendered":"Kontakt"},"content":{"rendered":"\n\t<section class=\"section\" id=\"section_1916459298\">\n\t\t<div class=\"section-bg fill\" >\n\t\t\t<img loading=\"lazy\" decoding=\"async\" width=\"1500\" height=\"852\" src=\"https:\/\/argographene.com\/wp-content\/uploads\/2025\/05\/1352953217.jpg\" class=\"bg attachment- size-\" alt=\"\" \/>\t\t\t\t\t\t\n\t\t\t\n\n\t\t<\/div>\n\n\t\t\n\n\t\t<div class=\"section-content relative\">\n\t\t\t\n<div class=\"row row-small align-equal align-center\"  id=\"row-262877259\">\n\n\t<div id=\"col-1092658639\" class=\"col medium-10 small-11 large-10\"  >\n\t\t\t\t<div class=\"col-inner\"  >\n\t\t\t\n\t\t\t\n\t<div id=\"text-1688374497\" class=\"text\">\n\t\t\n<h1 class=\"uppercase\">Gestalten Sie mit uns die Zukunft<\/h1>\n<p>Bei Argo Graphene L\u00f6sungen laden wir Sie ein, Teil der Graphen-Revolution zu werden. Ganz gleich, ob Sie an einer Zusammenarbeit oder einer Investition interessiert sind oder mehr \u00fcber unsere Technologien erfahren m\u00f6chten, setzen Sie sich mit uns in Verbindung, um die M\u00f6glichkeiten zu erkunden. <\/p>\n\t\t\n<style>\n#text-1688374497 {\n  font-size: 1rem;\n  line-height: 1.85;\n  color: rgb(255,255,255);\n}\n#text-1688374497 > * {\n  color: rgb(255,255,255);\n}\n@media (min-width:550px) {\n  #text-1688374497 {\n    font-size: 1.2rem;\n  }\n}\n<\/style>\n\t<\/div>\n\t\n\t\t<\/div>\n\t\t\t\t\n<style>\n#col-1092658639 > .col-inner {\n  padding: 30px 0px 20px 0px;\n}\n<\/style>\n\t<\/div>\n\n\t\n<\/div>\n<div class=\"row row-collapse hide-for-small\"  id=\"row-4175421\">\n\n<\/div>\n\t\t<\/div>\n\n\t\t\n<style>\n#section_1916459298 {\n  padding-top: 50px;\n  padding-bottom: 50px;\n}\n<\/style>\n\t<\/section>\n\t\n<div class=\"row align-center\"  id=\"row-359013197\">\n\n\t<div id=\"col-1320353114\" class=\"col medium-10 small-11 large-10\"  >\n\t\t\t\t<div class=\"col-inner\"  >\n\t\t\t\n\t\t\t\n\n<div class=\"forminator-ui forminator-custom-form forminator-custom-form-2064 forminator-design--default  forminator_ajax\" data-forminator-render=\"0\" data-form=\"forminator-module-2064\" data-uid=\"69f28450c7c54\"><br\/><\/div><form\n\t\t\t\tid=\"forminator-module-2064\"\n\t\t\t\tclass=\"forminator-ui forminator-custom-form forminator-custom-form-2064 forminator-design--default  forminator_ajax\"\n\t\t\t\tmethod=\"post\"\n\t\t\t\tdata-forminator-render=\"0\"\n\t\t\t\tdata-form-id=\"2064\"\n\t\t\t\t data-color-option=\"default\" data-design=\"default\" data-grid=\"open\" style=\"display: none;\"\n\t\t\t\tdata-uid=\"69f28450c7c54\"\n\t\t\t><div role=\"alert\" aria-live=\"polite\" class=\"forminator-response-message forminator-error\" aria-hidden=\"true\"><\/div><div class=\"forminator-row\"><div id=\"name-1\" class=\"forminator-field-name forminator-col forminator-col-12 \"><div class=\"forminator-field\"><label for=\"forminator-field-name-1_69f28450c7c54\" id=\"forminator-field-name-1_69f28450c7c54-label\" class=\"forminator-label\">Name <span class=\"forminator-required\">*<\/span><\/label><input type=\"text\" name=\"name-1\" value=\"\" placeholder=\"\" id=\"forminator-field-name-1_69f28450c7c54\" class=\"forminator-input forminator-name--field\" aria-required=\"true\" autocomplete=\"name\" \/><\/div><\/div><\/div><div class=\"forminator-row\"><div id=\"email-1\" class=\"forminator-field-email forminator-col forminator-col-12 \"><div class=\"forminator-field\"><label for=\"forminator-field-email-1_69f28450c7c54\" id=\"forminator-field-email-1_69f28450c7c54-label\" class=\"forminator-label\">Email <span class=\"forminator-required\">*<\/span><\/label><input type=\"email\" name=\"email-1\" value=\"\" placeholder=\"\" id=\"forminator-field-email-1_69f28450c7c54\" class=\"forminator-input forminator-email--field\" data-required=\"1\" aria-required=\"true\" autocomplete=\"email\" \/><\/div><\/div><\/div><div class=\"forminator-row\"><div id=\"phone-1\" class=\"forminator-field-phone forminator-col forminator-col-12 \"><div class=\"forminator-field\"><label for=\"forminator-field-phone-1_69f28450c7c54\" id=\"forminator-field-phone-1_69f28450c7c54-label\" class=\"forminator-label\">Phone Number <span class=\"forminator-required\">*<\/span><\/label><input type=\"text\" name=\"phone-1\" value=\"\" placeholder=\"\" id=\"forminator-field-phone-1_69f28450c7c54\" class=\"forminator-input forminator-field--phone\" data-required=\"1\" aria-required=\"true\" autocomplete=\"off\" \/><\/div><\/div><\/div><div class=\"forminator-row\"><div id=\"textarea-1\" class=\"forminator-field-textarea forminator-col forminator-col-12 \"><div class=\"forminator-field\"><label for=\"forminator-field-textarea-1_69f28450c7c54\" id=\"forminator-field-textarea-1_69f28450c7c54-label\" class=\"forminator-label\">Text<\/label><textarea name=\"textarea-1\" placeholder=\"\" id=\"forminator-field-textarea-1_69f28450c7c54\" class=\"forminator-textarea\" rows=\"6\" style=\"--forminator-textarea-min-height:140px;\" ><\/textarea><\/div><\/div><\/div><div class=\"forminator-row\" style=\"margin: 0;\"><div id=\"captcha-1\" class=\"forminator-field-captcha  forminator-col-12 \"><div class=\"forminator-captcha-left forminator-g-recaptcha recaptcha-invisible\" data-theme=\"light\" data-badge=\"bottomright\" data-sitekey=\"6LdJknwrAAAAAOx4qgEzp-DZ8n6laz3ZNtg6XCZA\" data-size=\"invisible\"><\/div> <\/div><\/div><input type=\"hidden\" name=\"referer_url\" value=\"\" \/><div class=\"forminator-row forminator-row-last\"><div class=\"forminator-col\"><div class=\"forminator-field\"><button class=\"forminator-button forminator-button-submit\">Send Message<\/button><\/div><\/div><\/div><input type=\"hidden\" id=\"forminator_nonce\" name=\"forminator_nonce\" value=\"34808d7c09\" \/><input type=\"hidden\" name=\"_wp_http_referer\" value=\"\/de\/wp-json\/wp\/v2\/pages\/3473\" \/><input type=\"hidden\" name=\"form_id\" value=\"2064\"><input type=\"hidden\" name=\"page_id\" value=\"3473\"><input type=\"hidden\" name=\"form_type\" value=\"default\"><input type=\"hidden\" name=\"current_url\" value=\"https:\/\/argographene.com\/de\/kontakt\/\"><input type=\"hidden\" name=\"render_id\" value=\"0\"><input type=\"hidden\" name=\"action\" value=\"forminator_submit_form_custom-forms\"><\/form>\n\n\t<div id=\"gap-1858469148\" class=\"gap-element clearfix\" style=\"display:block; height:auto;\">\n\t\t\n<style>\n#gap-1858469148 {\n  padding-top: 60px;\n}\n<\/style>\n\t<\/div>\n\t\n\t\t<\/div>\n\t\t\t\t\n<style>\n#col-1320353114 > .col-inner {\n  padding: 50px 0px 50px 0px;\n}\n<\/style>\n\t<\/div>\n\n\t\n\n<style>\n#row-359013197 > .col > .col-inner {\n  background-color: rgb(255,255,255);\n}\n<\/style>\n<\/div>\n\n","protected":false},"excerpt":{"rendered":"","protected":false},"author":2,"featured_media":0,"parent":0,"menu_order":0,"comment_status":"closed","ping_status":"closed","template":"page-blank.php","meta":{"footnotes":""},"class_list":["post-3473","page","type-page","status-publish","hentry"],"_links":{"self":[{"href":"https:\/\/argographene.com\/de\/wp-json\/wp\/v2\/pages\/3473","targetHints":{"allow":["GET"]}}],"collection":[{"href":"https:\/\/argographene.com\/de\/wp-json\/wp\/v2\/pages"}],"about":[{"href":"https:\/\/argographene.com\/de\/wp-json\/wp\/v2\/types\/page"}],"author":[{"embeddable":true,"href":"https:\/\/argographene.com\/de\/wp-json\/wp\/v2\/users\/2"}],"replies":[{"embeddable":true,"href":"https:\/\/argographene.com\/de\/wp-json\/wp\/v2\/comments?post=3473"}],"version-history":[{"count":16,"href":"https:\/\/argographene.com\/de\/wp-json\/wp\/v2\/pages\/3473\/revisions"}],"predecessor-version":[{"id":4319,"href":"https:\/\/argographene.com\/de\/wp-json\/wp\/v2\/pages\/3473\/revisions\/4319"}],"wp:attachment":[{"href":"https:\/\/argographene.com\/de\/wp-json\/wp\/v2\/media?parent=3473"}],"curies":[{"name":"wp","href":"https:\/\/api.w.org\/{rel}","templated":true}]}}