{"id":3448,"date":"2022-05-24T22:58:24","date_gmt":"2022-05-25T05:58:24","guid":{"rendered":"https:\/\/argographene.com\/allgemeine-geschaeftsbedingungen\/"},"modified":"2025-05-08T16:08:13","modified_gmt":"2025-05-08T23:08:13","slug":"allgemeine-geschaeftsbedingungen","status":"publish","type":"page","link":"https:\/\/argographene.com\/de\/allgemeine-geschaeftsbedingungen\/","title":{"rendered":"Allgemeine Gesch\u00e4ftsbedingungen"},"content":{"rendered":"\n<div class=\"row\"  id=\"row-2054567377\">\n\n\n\t<div id=\"col-1308547214\" class=\"col medium-1 small-12 large-1\"  >\n\t\t\t\t<div class=\"col-inner\"  >\n\t\t\t\n\t\t\t\n\n\n\t\t<\/div>\n\t\t\t\t\t<\/div>\n\n\t\n\n\t<div id=\"col-782555121\" class=\"col medium-10 small-12 large-10\"  >\n\t\t\t\t<div class=\"col-inner\"  >\n\t\t\t\n\t\t\t\n\n<div class=\"shopify-policy__title\">\n<h1 style=\"text-align: center;\"><strong>Bedingungen f\u00fcr den Service<\/strong><\/h1>\n<p> <\/p>\n<\/div>\n<div class=\"shopify-policy__body\">\n<div class=\"rte\">\n<h2><strong>\u00dcBERBLICK<\/strong><\/h2>\n<p>Diese Website wird von Argo Living Soils Corp. betrieben. Auf der gesamten Website beziehen sich die Begriffe &#8222;wir&#8220;, &#8222;uns&#8220; und &#8222;unser&#8220; auf Argo Living Soils. Argo Living Soils bietet Ihnen, dem Benutzer, diese Website einschlie\u00dflich aller auf dieser Website verf\u00fcgbaren Informationen, Tools und Dienstleistungen unter der Bedingung an, dass Sie alle hier genannten Bedingungen, Konditionen, Richtlinien und Hinweise akzeptieren.  <\/p>\n<p>Indem Sie unsere Website besuchen und\/oder etwas bei uns kaufen, nehmen Sie unseren &#8222;Service&#8220; in Anspruch und erkl\u00e4ren sich mit den folgenden Bedingungen (&#8222;Servicebedingungen&#8220;, &#8222;Bedingungen&#8220;) einverstanden, einschlie\u00dflich der zus\u00e4tzlichen Bedingungen und Richtlinien, auf die hier verwiesen wird und\/oder die \u00fcber einen Hyperlink verf\u00fcgbar sind. Diese Nutzungsbedingungen gelten f\u00fcr alle Benutzer der Website, einschlie\u00dflich, aber nicht beschr\u00e4nkt auf Benutzer, die Browser, Verk\u00e4ufer, Kunden, H\u00e4ndler und\/oder Autoren von Inhalten sind. <\/p>\n<p>Bitte lesen Sie diese Nutzungsbedingungen sorgf\u00e4ltig durch, bevor Sie auf unsere Website zugreifen oder sie nutzen. Indem Sie auf die Website zugreifen oder einen Teil davon nutzen, erkl\u00e4ren Sie sich mit diesen Nutzungsbedingungen einverstanden. Wenn Sie nicht mit allen Bedingungen dieser Vereinbarung einverstanden sind, d\u00fcrfen Sie nicht auf die Website zugreifen und keine Dienste nutzen. Wenn diese Servicebedingungen als ein Angebot betrachtet werden, ist die Annahme ausdr\u00fccklich auf diese Servicebedingungen beschr\u00e4nkt.   <\/p>\n<p>Alle neuen Funktionen oder Tools, die dem aktuellen Shop hinzugef\u00fcgt werden, unterliegen ebenfalls den Allgemeinen Gesch\u00e4ftsbedingungen. Sie k\u00f6nnen die aktuellste Version der Allgemeinen Gesch\u00e4ftsbedingungen jederzeit auf dieser Seite einsehen. Wir behalten uns das Recht vor, jeden Teil dieser Nutzungsbedingungen zu aktualisieren, zu \u00e4ndern oder zu ersetzen, indem wir Updates und\/oder \u00c4nderungen auf unserer Website ver\u00f6ffentlichen. Es liegt in Ihrer Verantwortung, diese Seite regelm\u00e4\u00dfig auf \u00c4nderungen zu \u00fcberpr\u00fcfen. Wenn Sie die Website nach der Ver\u00f6ffentlichung von \u00c4nderungen weiterhin nutzen oder darauf zugreifen, erkl\u00e4ren Sie sich mit diesen \u00c4nderungen einverstanden.    <\/p>\n<p>Unser Shop wird von WooCommerce Inc. gehostet. Sie stellen uns die Online-E-Commerce-Plattform zur Verf\u00fcgung, die es uns erm\u00f6glicht, unsere Produkte und Dienstleistungen an Sie zu verkaufen. <br><br><br><br><\/p>\n<p><strong>ABSCHNITT 1 - ONLINE-STORE-BEDINGUNGEN<\/strong><br>Indem Sie diesen Nutzungsbedingungen zustimmen, versichern Sie, dass Sie in dem Land, in dem Sie Ihren Wohnsitz haben, mindestens vollj\u00e4hrig sind, oder dass Sie in dem Land, in dem Sie Ihren Wohnsitz haben, vollj\u00e4hrig sind und uns Ihr Einverst\u00e4ndnis gegeben haben, dass Ihre minderj\u00e4hrigen Angeh\u00f6rigen diese Website nutzen d\u00fcrfen.<br>Sie d\u00fcrfen unsere Produkte nicht f\u00fcr illegale oder unbefugte Zwecke verwenden, und Sie d\u00fcrfen bei der Nutzung des Dienstes nicht gegen Gesetze in Ihrem Land versto\u00dfen (einschlie\u00dflich, aber nicht beschr\u00e4nkt auf Urheberrechtsgesetze).<br>Sie d\u00fcrfen keine W\u00fcrmer oder Viren oder anderen Code zerst\u00f6rerischer Natur \u00fcbertragen.<br>Ein Versto\u00df gegen eine der Bedingungen f\u00fchrt zu einer sofortigen Beendigung Ihrer Dienste.<\/p>\n<p><strong>ABSCHNITT 2 - ALLGEMEINE BEDINGUNGEN<\/strong><br>Wir behalten uns das Recht vor, den Service jederzeit und aus jedem Grund zu verweigern.<br>Sie sind sich bewusst, dass Ihre Inhalte (ohne Kreditkarteninformationen) unverschl\u00fcsselt \u00fcbertragen werden k\u00f6nnen und (a) \u00dcbertragungen \u00fcber verschiedene Netzwerke und (b) \u00c4nderungen zur Anpassung an die technischen Anforderungen der verbindenden Netzwerke oder Ger\u00e4te beinhalten. Kreditkarteninformationen werden bei der \u00dcbertragung \u00fcber Netzwerke immer verschl\u00fcsselt.<br>Sie erkl\u00e4ren sich damit einverstanden, keinen Teil des Dienstes, die Nutzung des Dienstes oder den Zugriff auf den Dienst oder einen Kontakt auf der Website, \u00fcber die der Dienst bereitgestellt wird, ohne unsere ausdr\u00fcckliche schriftliche Genehmigung zu reproduzieren, zu duplizieren, zu kopieren, zu verkaufen, weiterzuverkaufen oder zu verwerten.<br>Die in dieser Vereinbarung verwendeten \u00dcberschriften dienen nur der \u00dcbersichtlichkeit und schr\u00e4nken diese Bedingungen weder ein noch haben sie anderweitige Auswirkungen.   <\/p>\n<p><strong>ABSCHNITT 3 - GENAUIGKEIT, VOLLST\u00c4NDIGKEIT UND AKTUELLKEIT DER INFORMATIONEN<\/strong><br>Wir \u00fcbernehmen keine Verantwortung, wenn die auf dieser Website zur Verf\u00fcgung gestellten Informationen nicht genau, vollst\u00e4ndig oder aktuell sind. Das Material auf dieser Website dient lediglich der allgemeinen Information und sollte nicht als alleinige Grundlage f\u00fcr Entscheidungen herangezogen werden, ohne prim\u00e4re, genauere, vollst\u00e4ndigere oder aktuellere Informationsquellen zu konsultieren. Jegliches Vertrauen in das Material auf dieser Website geschieht auf Ihr eigenes Risiko.<br>Diese Website kann bestimmte historische Informationen enthalten. Historische Informationen sind notwendigerweise nicht aktuell und werden nur zu Ihrer Information bereitgestellt. Wir behalten uns das Recht vor, den Inhalt dieser Website jederzeit zu \u00e4ndern, sind jedoch nicht verpflichtet, die Informationen auf unserer Website zu aktualisieren. Sie erkl\u00e4ren sich damit einverstanden, dass es in Ihrer Verantwortung liegt, \u00c4nderungen auf unserer Website zu verfolgen.     <\/p>\n<p><strong>ABSCHNITT 4 - \u00c4NDERUNGEN DES SERVICE UND DER PREISE<\/strong><br>Die Preise f\u00fcr unsere Produkte k\u00f6nnen ohne Vorank\u00fcndigung ge\u00e4ndert werden.<br>Wir behalten uns das Recht vor, den Service (oder Teile oder Inhalte davon) jederzeit ohne Vorank\u00fcndigung zu \u00e4ndern oder einzustellen.<br>Wir haften weder Ihnen noch Dritten gegen\u00fcber f\u00fcr \u00c4nderungen, Preis\u00e4nderungen, Aussetzungen oder die Einstellung des Service.<\/p>\n<p><strong>ABSCHNITT 5 - PRODUKTE ODER DIENSTLEISTUNGEN (falls zutreffend)<\/strong><br>Bestimmte Produkte oder Dienstleistungen k\u00f6nnen ausschlie\u00dflich online \u00fcber die Website erh\u00e4ltlich sein. Diese Produkte oder Dienstleistungen sind m\u00f6glicherweise nur in begrenzten Mengen verf\u00fcgbar und k\u00f6nnen nur gem\u00e4\u00df unseren R\u00fcckgabebedingungen zur\u00fcckgegeben oder umgetauscht werden.<br>Wir haben uns bem\u00fcht, die Farben und Bilder unserer Produkte, die im Gesch\u00e4ft erscheinen, so genau wie m\u00f6glich darzustellen. Wir k\u00f6nnen jedoch nicht garantieren, dass die Farben auf Ihrem Computermonitor korrekt dargestellt werden.<br>Wir behalten uns das Recht vor, sind jedoch nicht verpflichtet, den Verkauf unserer Produkte oder Dienstleistungen auf bestimmte Personen, geografische Regionen oder L\u00e4nder zu beschr\u00e4nken. Wir k\u00f6nnen dieses Recht von Fall zu Fall aus\u00fcben. Wir behalten uns das Recht vor, die Mengen der von uns angebotenen Produkte oder Dienstleistungen zu begrenzen. Alle Beschreibungen von Produkten oder Produktpreisen k\u00f6nnen jederzeit ohne Vorank\u00fcndigung und nach unserem alleinigen Ermessen ge\u00e4ndert werden. Wir behalten uns das Recht vor, jedes Produkt jederzeit einzustellen. Jedes Angebot f\u00fcr ein Produkt oder eine Dienstleistung, das auf dieser Website gemacht wird, ist dort ung\u00fcltig, wo es verboten ist.<br>Wir garantieren nicht, dass die Qualit\u00e4t der von Ihnen gekauften oder erhaltenen Produkte, Dienstleistungen, Informationen oder anderen Materialien Ihren Erwartungen entspricht oder dass etwaige Fehler im Service korrigiert werden.       <\/p>\n<p><strong>ABSCHNITT 6 - GENAUIGKEIT DER RECHNUNGSSTELLUNGS- UND KONTOINFORMATIONEN<\/strong><br>Wir behalten uns das Recht vor, jede Bestellung, die Sie bei uns aufgeben, abzulehnen. Wir k\u00f6nnen nach unserem alleinigen Ermessen die pro Person, pro Haushalt oder pro Bestellung gekauften Mengen begrenzen oder stornieren. Diese Beschr\u00e4nkungen k\u00f6nnen sich auch auf Bestellungen beziehen, die von demselben Kundenkonto oder mit derselben Kreditkarte aufgegeben wurden, und\/oder auf Bestellungen, die dieselbe Rechnungs- und\/oder Lieferadresse verwenden. Falls wir eine Bestellung \u00e4ndern oder stornieren, werden wir versuchen, Sie \u00fcber die bei der Bestellung angegebene E-Mail-Adresse und\/oder Rechnungsadresse\/Telefonnummer zu informieren. Wir behalten uns das Recht vor, Bestellungen einzuschr\u00e4nken oder zu verbieten, die nach unserem alleinigen Urteil von H\u00e4ndlern, Wiederverk\u00e4ufern oder Distributoren aufgegeben zu werden scheinen.    <\/p>\n<p>Sie erkl\u00e4ren sich damit einverstanden, aktuelle, vollst\u00e4ndige und genaue Kauf- und Kontoinformationen f\u00fcr alle in unserem Shop get\u00e4tigten K\u00e4ufe anzugeben. Sie verpflichten sich, Ihre Konto- und sonstigen Informationen, einschlie\u00dflich Ihrer E-Mail-Adresse, Ihrer Kreditkartennummer und des Ablaufdatums, umgehend zu aktualisieren, damit wir Ihre Transaktionen abschlie\u00dfen und Sie bei Bedarf kontaktieren k\u00f6nnen. <\/p>\n<p>F\u00fcr weitere Details lesen Sie bitte unsere R\u00fcckgabebedingungen.<\/p>\n<p><strong>ABSCHNITT 7 - OPTIONALE TOOLS<\/strong><br>Wir k\u00f6nnen Ihnen den Zugang zu Tools von Drittanbietern erm\u00f6glichen, die wir weder \u00fcberwachen noch kontrollieren oder auf die wir Einfluss haben.<br>Sie erkennen an und erkl\u00e4ren sich damit einverstanden, dass wir den Zugang zu solchen Tools &#8222;wie besehen&#8220; und &#8222;wie verf\u00fcgbar&#8220; ohne jegliche Garantien, Zusicherungen oder Bedingungen und ohne jegliche Billigung zur Verf\u00fcgung stellen. Wir \u00fcbernehmen keinerlei Haftung, die sich aus Ihrer Nutzung von optionalen Tools Dritter ergibt oder damit zusammenh\u00e4ngt.<br>Die Nutzung von optionalen Tools, die \u00fcber die Website angeboten werden, erfolgt ausschlie\u00dflich auf Ihr eigenes Risiko und nach Ihrem eigenen Ermessen, und Sie sollten sicherstellen, dass Sie die Bedingungen, zu denen die Tools von den jeweiligen Drittanbietern zur Verf\u00fcgung gestellt werden, kennen und akzeptieren.<br>Wir k\u00f6nnen auch in Zukunft neue Dienste und\/oder Funktionen \u00fcber die Website anbieten (einschlie\u00dflich der Ver\u00f6ffentlichung neuer Tools und Ressourcen). Solche neuen Funktionen und\/oder Dienste unterliegen ebenfalls diesen Nutzungsbedingungen.  <\/p>\n<p><strong>ABSCHNITT 8 - LINKS VON DRITTEN<\/strong><br>Bestimmte Inhalte, Produkte und Dienstleistungen, die \u00fcber unseren Service verf\u00fcgbar sind, k\u00f6nnen Materialien von Dritten enthalten.<br>Links von Dritten auf dieser Website k\u00f6nnen Sie zu Websites Dritter f\u00fchren, die nicht mit uns verbunden sind. Wir sind nicht daf\u00fcr verantwortlich, den Inhalt oder die Richtigkeit zu pr\u00fcfen oder zu bewerten, und wir \u00fcbernehmen keine Garantie und keine Haftung oder Verantwortung f\u00fcr Materialien oder Websites Dritter oder f\u00fcr andere Materialien, Produkte oder Dienstleistungen Dritter.<br>Wir haften nicht f\u00fcr Sch\u00e4den im Zusammenhang mit dem Kauf oder der Nutzung von Waren, Dienstleistungen, Ressourcen, Inhalten oder anderen Transaktionen, die in Verbindung mit Websites Dritter erfolgen. Bitte lesen Sie die Richtlinien und Praktiken der Drittanbieter sorgf\u00e4ltig durch und vergewissern Sie sich, dass Sie diese verstehen, bevor Sie eine Transaktion durchf\u00fchren. Beschwerden, Anspr\u00fcche, Bedenken oder Fragen zu Produkten von Drittanbietern sollten an den jeweiligen Anbieter gerichtet werden.   <\/p>\n<p><strong>ABSCHNITT 9 - BENUTZERKOMMEN, FEEDBACK UND ANDERE EINGABEN<\/strong><br>Wenn Sie auf unsere Aufforderung hin bestimmte Beitr\u00e4ge (z. B. Wettbewerbsbeitr\u00e4ge) oder ohne unsere Aufforderung kreative Ideen, Vorschl\u00e4ge, Anregungen, Pl\u00e4ne oder andere Materialien online, per E-Mail, per Post oder auf andere Weise (zusammenfassend als &#8222;Kommentare&#8220; bezeichnet) einsenden, erkl\u00e4ren Sie sich damit einverstanden, dass wir Kommentare, die Sie uns \u00fcbermitteln, jederzeit und ohne Einschr\u00e4nkung bearbeiten, kopieren, ver\u00f6ffentlichen, verbreiten, \u00fcbersetzen und auf andere Weise in einem beliebigen Medium verwenden d\u00fcrfen. Wir sind nicht verpflichtet, (1) Kommentare vertraulich zu behandeln, (2) eine Entsch\u00e4digung f\u00fcr Kommentare zu zahlen oder (3) auf Kommentare zu antworten.<br>Wir k\u00f6nnen, sind aber nicht verpflichtet, Inhalte zu \u00fcberwachen, zu bearbeiten oder zu entfernen, die nach unserem alleinigen Ermessen ungesetzlich, anst\u00f6\u00dfig, bedrohlich, verleumderisch, diffamierend, pornografisch, obsz\u00f6n oder anderweitig anst\u00f6\u00dfig sind oder das geistige Eigentum einer Partei oder diese Nutzungsbedingungen verletzen.<br>Sie erkl\u00e4ren sich damit einverstanden, dass Ihre Kommentare keine Rechte Dritter verletzen, einschlie\u00dflich Urheber-, Marken-, Datenschutz-, Pers\u00f6nlichkeits- oder andere pers\u00f6nliche oder Eigentumsrechte. Sie verpflichten sich ferner, dass Ihre Kommentare kein verleumderisches oder anderweitig rechtswidriges, beleidigendes oder obsz\u00f6nes Material enthalten und auch keine Computerviren oder andere Malware, die den Betrieb des Dienstes oder einer damit verbundenen Website in irgendeiner Weise beeintr\u00e4chtigen k\u00f6nnten. Sie d\u00fcrfen keine falsche E-Mail-Adresse verwenden, sich nicht als jemand anderes ausgeben oder uns oder Dritte in Bezug auf die Herkunft von Kommentaren in die Irre f\u00fchren. Sie tragen die alleinige Verantwortung f\u00fcr die von Ihnen abgegebenen Kommentare und deren Richtigkeit. Wir \u00fcbernehmen keine Verantwortung und keine Haftung f\u00fcr Kommentare, die von Ihnen oder von Dritten gepostet werden.     <\/p>\n<p><strong>ABSCHNITT 10 - PERS\u00d6NLICHE INFORMATIONEN<\/strong><br>Die \u00dcbermittlung Ihrer pers\u00f6nlichen Daten \u00fcber den Shop unterliegt unseren Datenschutzrichtlinien. Um unsere Datenschutzrichtlinien einzusehen. <\/p>\n<p><strong>ABSCHNITT 11 - FEHLER, UNGENAUIGKEITEN UND AUSLASSUNGEN<\/strong><br>Gelegentlich kann es vorkommen, dass Informationen auf unserer Website oder im Service typografische Fehler, Ungenauigkeiten oder Auslassungen enthalten, die sich auf Produktbeschreibungen, Preise, Werbeaktionen, Angebote, Produktversandkosten, Laufzeiten und Verf\u00fcgbarkeit beziehen. Wir behalten uns das Recht vor, Fehler, Ungenauigkeiten oder Auslassungen zu korrigieren und Informationen zu \u00e4ndern oder zu aktualisieren oder Bestellungen zu stornieren, wenn Informationen im Service oder auf einer damit verbundenen Website ungenau sind, und zwar jederzeit und ohne vorherige Ank\u00fcndigung (auch nachdem Sie Ihre Bestellung aufgegeben haben). <br>Wir sind nicht verpflichtet, Informationen im Service oder auf einer damit verbundenen Website zu aktualisieren, zu \u00e4ndern oder zu verdeutlichen, einschlie\u00dflich, aber nicht beschr\u00e4nkt auf, Preisinformationen, es sei denn, dies ist gesetzlich vorgeschrieben. Kein im Service oder auf einer zugeh\u00f6rigen Website angegebenes Aktualisierungs- oder Auffrischungsdatum sollte als Hinweis darauf verstanden werden, dass alle Informationen im Service oder auf einer zugeh\u00f6rigen Website ge\u00e4ndert oder aktualisiert wurden. <\/p>\n<p><strong>ABSCHNITT 12 - VERBOTENE NUTZUNGEN<\/strong><br>Zus\u00e4tzlich zu den anderen Verboten, die in den Nutzungsbedingungen festgelegt sind, ist es Ihnen untersagt, die Website oder ihren Inhalt zu nutzen: (a) f\u00fcr ungesetzliche Zwecke; (b) um andere zu ungesetzlichen Handlungen aufzufordern oder sich daran zu beteiligen; (c) um gegen internationale, bundesstaatliche, provinzielle oder staatliche Vorschriften, Regeln, Gesetze oder lokale Verordnungen zu versto\u00dfen; (d) um unsere geistigen Eigentumsrechte oder die geistigen Eigentumsrechte anderer zu verletzen oder zu verletzen; (e) zu bel\u00e4stigen, zu missbrauchen, zu beleidigen, zu verletzen, zu diffamieren, zu verleumden, zu verunglimpfen, einzusch\u00fcchtern oder aufgrund von Geschlecht, sexueller Orientierung, Religion, ethnischer Zugeh\u00f6rigkeit, Ethnie, Alter, nationaler Herkunft oder Behinderung zu diskriminieren; (f) falsche oder irref\u00fchrende Informationen zu \u00fcbermitteln; (g) das Hochladen oder \u00dcbertragen von Viren oder jeder anderen Art von b\u00f6sartigem Code, der in irgendeiner Weise die Funktionalit\u00e4t oder den Betrieb des Dienstes oder einer damit verbundenen Website, anderer Websites oder des Internets beeintr\u00e4chtigt oder beeintr\u00e4chtigt werden kann; (h) das Sammeln oder Verfolgen der pers\u00f6nlichen Daten anderer; (i) zum Spammen, Phishing, Pharming, Spidern, Crawlen oder Scrapen; (j) f\u00fcr obsz\u00f6ne oder unmoralische Zwecke; oder (k) um die Sicherheitsfunktionen des Dienstes oder einer zugeh\u00f6rigen Website, anderer Websites oder des Internets zu beeintr\u00e4chtigen oder zu umgehen. Wir behalten uns das Recht vor, Ihre Nutzung des Dienstes oder einer damit verbundenen Website zu beenden, wenn Sie eine der verbotenen Nutzungen verletzen.            <\/p>\n<p><strong>ABSCHNITT 13 - GEW\u00c4HRLEISTUNGSAUSSCHLUSS; HAFTUNGSBESCHR\u00c4NKUNG<\/strong><br>Wir garantieren, vertreten oder gew\u00e4hrleisten nicht, dass die Nutzung unseres Dienstes ohne Unterbrechung, zeitgerecht, sicher oder fehlerfrei erfolgt.<br>Wir garantieren nicht, dass die Ergebnisse, die durch die Nutzung des Dienstes erzielt werden k\u00f6nnen, genau oder zuverl\u00e4ssig sind.<br>Sie erkl\u00e4ren sich damit einverstanden, dass wir den Service von Zeit zu Zeit auf unbestimmte Zeit entfernen oder den Service jederzeit und ohne Vorank\u00fcndigung einstellen k\u00f6nnen.<br>Sie erkl\u00e4ren sich ausdr\u00fccklich damit einverstanden, dass die Nutzung des Service oder die Unf\u00e4higkeit, den Service zu nutzen, auf Ihr eigenes Risiko erfolgt. Der Service und alle Produkte und Dienstleistungen, die Ihnen \u00fcber den Service zur Verf\u00fcgung gestellt werden, werden (sofern nicht ausdr\u00fccklich von uns angegeben) &#8222;wie besehen&#8220; und &#8222;wie verf\u00fcgbar&#8220; f\u00fcr Ihre Nutzung bereitgestellt, ohne jegliche Zusicherungen, Garantien oder Bedingungen jeglicher Art, weder ausdr\u00fccklich noch stillschweigend, einschlie\u00dflich aller stillschweigenden Garantien oder Bedingungen der Marktg\u00e4ngigkeit, der handels\u00fcblichen Qualit\u00e4t, der Eignung f\u00fcr einen bestimmten Zweck, der Haltbarkeit, des Eigentums und der Nichtverletzung von Rechten. <br>In keinem Fall sind BBQ All Seasons, unsere Direktoren, leitenden Angestellten, Mitarbeiter, Partner, Vertreter, Auftragnehmer, Praktikanten, Lieferanten, Dienstleister oder Lizenzgeber haftbar f\u00fcr Verletzungen, Verluste, Anspr\u00fcche oder direkte, indirekte, zuf\u00e4llige, strafende, besondere oder Folgesch\u00e4den jeglicher Art, einschlie\u00dflich, aber nicht beschr\u00e4nkt auf entgangenen Gewinn, entgangene Einnahmen, entgangene Einsparungen, Datenverlust, Wiederbeschaffungskosten oder \u00e4hnliche Sch\u00e4den, unabh\u00e4ngig davon, ob diese auf einem Vertrag, einer unerlaubten Handlung (einschlie\u00dflich Fahrl\u00e4ssigkeit) beruhen, verschuldensunabh\u00e4ngige Haftung oder anderweitig, die sich aus der Nutzung des Dienstes oder von Produkten ergeben, die \u00fcber den Dienst beschafft wurden, oder f\u00fcr andere Anspr\u00fcche, die in irgendeiner Weise mit der Nutzung des Dienstes oder eines Produkts zusammenh\u00e4ngen, einschlie\u00dflich, aber nicht beschr\u00e4nkt auf Fehler oder Auslassungen in Inhalten oder Verluste oder Sch\u00e4den jeglicher Art, die sich aus der Nutzung des Dienstes oder von Inhalten (oder Produkten) ergeben, die \u00fcber den Dienst ver\u00f6ffentlicht, \u00fcbertragen oder anderweitig zur Verf\u00fcgung gestellt wurden, selbst wenn auf deren M\u00f6glichkeit hingewiesen wurde. Da einige Staaten oder Gerichtsbarkeiten den Ausschluss oder die Beschr\u00e4nkung der Haftung f\u00fcr Folgesch\u00e4den oder beil\u00e4ufig entstandene Sch\u00e4den nicht zulassen, ist unsere Haftung in diesen Staaten oder Gerichtsbarkeiten auf das gesetzlich zul\u00e4ssige H\u00f6chstma\u00df beschr\u00e4nkt. <\/p>\n<p><strong>ABSCHNITT 14 - ENTSCH\u00c4DIGUNG<\/strong><br>Sie erkl\u00e4ren sich damit einverstanden, BBQ All Seasons und unsere Muttergesellschaft, Tochtergesellschaften, Partner, leitenden Angestellten, Direktoren, Agenten, Auftragnehmer, Lizenzgeber, Dienstleister, Unterauftragnehmer, Lieferanten, Praktikanten und Mitarbeiter zu entsch\u00e4digen, zu verteidigen und schadlos zu halten von jeglichen Anspr\u00fcchen oder Forderungen, einschlie\u00dflich angemessener Anwaltskosten, die von Dritten aufgrund Ihrer Verletzung dieser Nutzungsbedingungen oder der Dokumente, auf die sie Bezug nehmen, oder Ihrer Verletzung eines Gesetzes oder der Rechte Dritter erhoben werden.<\/p>\n<p><strong>ABSCHNITT 15 - WIDERRUFSF\u00c4HIGKEIT<\/strong><br>F\u00fcr den Fall, dass eine Bestimmung dieser Nutzungsbedingungen als rechtswidrig, nichtig oder nicht durchsetzbar eingestuft wird, bleibt diese Bestimmung dennoch im gr\u00f6\u00dftm\u00f6glichen Umfang durchsetzbar, den das geltende Recht zul\u00e4sst, und der nicht durchsetzbare Teil gilt als von diesen Nutzungsbedingungen abgetrennt, wobei eine solche Feststellung die G\u00fcltigkeit und Durchsetzbarkeit der \u00fcbrigen Bestimmungen nicht beeintr\u00e4chtigt.<\/p>\n<p><strong>ABSCHNITT 16 - K\u00dcNDIGUNG<\/strong><br>Die Verpflichtungen und Haftungen der Parteien, die vor dem K\u00fcndigungsdatum eingegangen wurden, \u00fcberdauern die Beendigung dieser Vereinbarung in jeder Hinsicht.<br>Diese Nutzungsbedingungen sind wirksam, sofern und solange sie nicht von Ihnen oder uns gek\u00fcndigt werden. Sie k\u00f6nnen diese Nutzungsbedingungen jederzeit k\u00fcndigen, indem Sie uns mitteilen, dass Sie unsere Dienste nicht mehr nutzen m\u00f6chten, oder wenn Sie die Nutzung unserer Website einstellen.<br>Wenn Sie nach unserem alleinigen Ermessen eine Bedingung oder Bestimmung dieser Nutzungsbedingungen nicht einhalten oder wir den Verdacht haben, dass Sie diese nicht eingehalten haben, k\u00f6nnen wir diese Vereinbarung ebenfalls jederzeit fristlos k\u00fcndigen, und Sie bleiben f\u00fcr alle f\u00e4lligen Betr\u00e4ge bis einschlie\u00dflich des K\u00fcndigungsdatums haftbar; und\/oder wir k\u00f6nnen Ihnen dementsprechend den Zugang zu unseren Diensten (oder einem Teil davon) verweigern. <\/p>\n<p><strong>ABSCHNITT 17 - GESAMTE VEREINBARUNG<\/strong><br>Das Vers\u00e4umnis unsererseits, ein Recht oder eine Bestimmung dieser Nutzungsbedingungen auszu\u00fcben oder durchzusetzen, stellt keinen Verzicht auf ein solches Recht oder eine solche Bestimmung dar.<br>Diese Nutzungsbedingungen und alle Richtlinien oder Betriebsregeln, die von uns auf dieser Website oder in Bezug auf den Dienst ver\u00f6ffentlicht werden, stellen die gesamte Vereinbarung und \u00dcbereinkunft zwischen Ihnen und uns dar und regeln Ihre Nutzung des Dienstes und ersetzen alle fr\u00fcheren oder gleichzeitigen Vereinbarungen, Mitteilungen und Vorschl\u00e4ge, ob m\u00fcndlich oder schriftlich, zwischen Ihnen und uns (einschlie\u00dflich, aber nicht beschr\u00e4nkt auf fr\u00fchere Versionen der Nutzungsbedingungen).<br>Unklarheiten bei der Auslegung dieser Nutzungsbedingungen d\u00fcrfen nicht gegen die Partei ausgelegt werden, die den Text verfasst hat.<\/p>\n<p><strong>ABSCHNITT 18 - GELTENDES RECHT<\/strong><br>Diese Nutzungsbedingungen und alle separaten Vereinbarungen, mit denen wir Ihnen Dienste zur Verf\u00fcgung stellen, unterliegen den Gesetzen Kanadas und werden in \u00dcbereinstimmung mit diesen ausgelegt.<\/p>\n<p><strong>ABSCHNITT 19 - \u00c4NDERUNGEN DER NUTZUNGSBEDINGUNGEN<\/strong><br>Sie k\u00f6nnen die aktuellste Version der Nutzungsbedingungen jederzeit auf dieser Seite einsehen.<br>Wir behalten uns das Recht vor, nach eigenem Ermessen Teile dieser Nutzungsbedingungen zu aktualisieren, zu \u00e4ndern oder zu ersetzen, indem wir Updates und \u00c4nderungen auf unserer Website ver\u00f6ffentlichen. Es liegt in Ihrer Verantwortung, unsere Website regelm\u00e4\u00dfig auf \u00c4nderungen zu \u00fcberpr\u00fcfen. Wenn Sie unsere Website oder den Service nach der Ver\u00f6ffentlichung von \u00c4nderungen an diesen Nutzungsbedingungen weiterhin nutzen oder darauf zugreifen, erkl\u00e4ren Sie sich mit diesen \u00c4nderungen einverstanden.  <\/p>\n<p><strong>ABSCHNITT 20 - KONTAKTINFORMATIONEN<\/strong><br>Fragen zu den Nutzungsbedingungen richten Sie bitte an uns unter<\/p>\n<p>1130 W Pender St #820, Vancouver, BC V6E 4A4<\/p>\n<p><a href=\"mailto:info@argolivingsoils\">info@argographene.com<\/a><\/p>\n<p>+1 (250) 539-0837<\/p>\n<\/div>\n<\/div>\n\n\t\t<\/div>\n\t\t\t\t\t<\/div>\n\n\t\n\n\t<div id=\"col-218428103\" class=\"col medium-1 small-12 large-1\"  >\n\t\t\t\t<div class=\"col-inner\"  >\n\t\t\t\n\t\t\t\n\n\n\t\t<\/div>\n\t\t\t\t\t<\/div>\n\n\t\n\n<\/div>\n\n","protected":false},"excerpt":{"rendered":"","protected":false},"author":7,"featured_media":0,"parent":0,"menu_order":0,"comment_status":"closed","ping_status":"closed","template":"","meta":{"footnotes":""},"class_list":["post-3448","page","type-page","status-publish","hentry"],"_links":{"self":[{"href":"https:\/\/argographene.com\/de\/wp-json\/wp\/v2\/pages\/3448","targetHints":{"allow":["GET"]}}],"collection":[{"href":"https:\/\/argographene.com\/de\/wp-json\/wp\/v2\/pages"}],"about":[{"href":"https:\/\/argographene.com\/de\/wp-json\/wp\/v2\/types\/page"}],"author":[{"embeddable":true,"href":"https:\/\/argographene.com\/de\/wp-json\/wp\/v2\/users\/7"}],"replies":[{"embeddable":true,"href":"https:\/\/argographene.com\/de\/wp-json\/wp\/v2\/comments?post=3448"}],"version-history":[{"count":1,"href":"https:\/\/argographene.com\/de\/wp-json\/wp\/v2\/pages\/3448\/revisions"}],"predecessor-version":[{"id":3538,"href":"https:\/\/argographene.com\/de\/wp-json\/wp\/v2\/pages\/3448\/revisions\/3538"}],"wp:attachment":[{"href":"https:\/\/argographene.com\/de\/wp-json\/wp\/v2\/media?parent=3448"}],"curies":[{"name":"wp","href":"https:\/\/api.w.org\/{rel}","templated":true}]}}