{"id":3381,"date":"2024-05-27T13:55:02","date_gmt":"2024-05-27T20:55:02","guid":{"rendered":"https:\/\/argographene.com\/biokohle-anwendungsfaelle\/zement-und-bauanwendungen\/"},"modified":"2025-05-08T16:06:05","modified_gmt":"2025-05-08T23:06:05","slug":"zement-und-bauanwendungen","status":"publish","type":"page","link":"https:\/\/argographene.com\/de\/biokohle-anwendungsfaelle\/zement-und-bauanwendungen\/","title":{"rendered":"Zement und Bauanwendungen"},"content":{"rendered":"\n\t<section class=\"section\" id=\"section_1805506932\">\n\t\t<div class=\"section-bg fill\" >\n\t\t\t\t\t\t\t\t\t\n\t\t\t\n\n\t\t<\/div>\n\n\t\t\n\n\t\t<div class=\"section-content relative\">\n\t\t\t\n<div class=\"row align-center\"  id=\"row-1097516418\">\n\n\t<div id=\"col-655033208\" class=\"col medium-12 small-12 large-12\"  >\n\t\t\t\t<div class=\"col-inner\"  >\n\t\t\t\n\t\t\t\n\n  <div class=\"banner has-hover\" id=\"banner-146787474\">\n          <div class=\"banner-inner fill\">\n        <div class=\"banner-bg fill\" >\n                                                \n                    <\/div>\n\t\t\n        <div class=\"banner-layers container\">\n            <div class=\"fill banner-link\"><\/div>            \n   <div id=\"text-box-2006852478\" class=\"text-box banner-layer x50 md-x50 lg-x50 y50 md-y50 lg-y50 res-text\">\n                                <div class=\"text-box-content text dark text-shadow-2\">\n              \n              <div class=\"text-inner text-center\">\n                  \n<p class=\"uppercase\">Biokohle f\u00fcr<\/p>\n<h1 class=\"thin-font\">Zement und Bauanwendungen<\/h1>\n              <\/div>\n           <\/div>\n                            \n<style>\n#text-box-2006852478 {\n  width: 100%;\n}\n#text-box-2006852478 .text-box-content {\n  font-size: 100%;\n}\n@media (min-width:550px) {\n  #text-box-2006852478 {\n    width: 100%;\n  }\n}\n@media (min-width:850px) {\n  #text-box-2006852478 {\n    width: 75%;\n  }\n}\n<\/style>\n    <\/div>\n \n        <\/div>\n      <\/div>\n\n            \n<style>\n#banner-146787474 {\n  padding-top: 300px;\n  background-color: rgb(122, 156, 89);\n}\n@media (min-width:550px) {\n  #banner-146787474 {\n    padding-top: 271px;\n  }\n}\n<\/style>\n  <\/div>\n\n\n\t\t<\/div>\n\t\t\t\t\n<style>\n#col-655033208 > .col-inner {\n  padding: 0px 0px 0px 0px;\n  margin: 0px 0px 0px 0px;\n}\n@media (min-width:550px) {\n  #col-655033208 > .col-inner {\n    padding: 30px 30px 0px 30px;\n  }\n}\n<\/style>\n\t<\/div>\n\n\t\n<\/div>\n<div class=\"row row-collapse align-middle align-center\"  id=\"row-1608653373\">\n\n\t<div id=\"col-1511378876\" class=\"col medium-6 small-6 large-6\"  >\n\t\t\t\t<div class=\"col-inner\"  >\n\t\t\t\n\t\t\t\n\t<div id=\"gap-1182229147\" class=\"gap-element clearfix\" style=\"display:block; height:auto;\">\n\t\t\n<style>\n#gap-1182229147 {\n  padding-top: 50px;\n}\n@media (min-width:550px) {\n  #gap-1182229147 {\n    padding-top: 90px;\n  }\n}\n<\/style>\n\t<\/div>\n\t\n\t\t<\/div>\n\t\t\t\t\t<\/div>\n\n\t\n\n\t<div id=\"col-1753578824\" class=\"col medium-6 small-6 large-6\"  >\n\t\t\t\t<div class=\"col-inner\"  >\n\t\t\t\n\t<div class=\"is-border\"\n\t\tstyle=\"border-color:rgb(39, 54, 71);border-width:0px 0px 0px 3px;\">\n\t<\/div>\n\t\t\t\n\t<div id=\"gap-1001779722\" class=\"gap-element clearfix\" style=\"display:block; height:auto;\">\n\t\t\n<style>\n#gap-1001779722 {\n  padding-top: 150px;\n}\n<\/style>\n\t<\/div>\n\t\n\t\t<\/div>\n\t\t\t\t\n<style>\n#col-1753578824 > .col-inner {\n  margin: -85px 0px 0px 0px;\n}\n<\/style>\n\t<\/div>\n\n\t\n<\/div>\n\t\t<\/div>\n\n\t\t\n<style>\n#section_1805506932 {\n  padding-top: 30px;\n  padding-bottom: 30px;\n  background-color: rgb(255,255,255);\n}\n<\/style>\n\t<\/section>\n\t\n\n\t<section class=\"section\" id=\"section_1109053820\">\n\t\t<div class=\"section-bg fill\" >\n\t\t\t\t\t\t\t\t\t\n\t\t\t\n\n\t\t<\/div>\n\n\t\t\n\n\t\t<div class=\"section-content relative\">\n\t\t\t\n<div class=\"row row-full-width align-middle align-center\"  id=\"row-1164544929\">\n\n\t<div id=\"col-405261104\" class=\"col medium-10 small-12 large-10\"  >\n\t\t\t\t<div class=\"col-inner text-center\"  >\n\t\t\t\n\t\t\t\n\t<div id=\"text-2357429702\" class=\"text\">\n\t\t\n<p>Etwas Konkreteres<\/p>\n\t\t\n<style>\n#text-2357429702 {\n  font-size: 2.65rem;\n}\n<\/style>\n\t<\/div>\n\t\n\t<div class=\"img has-hover x md-x lg-x y md-y lg-y\" id=\"image_1907420428\">\n\t\t\t\t\t\t\t\t<div class=\"img-inner dark\" >\n\t\t\t<img loading=\"lazy\" decoding=\"async\" width=\"1020\" height=\"680\" src=\"https:\/\/argographene.com\/wp-content\/uploads\/2024\/05\/carbon-dioxide-emissions-title-1200x800-1.jpg\" class=\"attachment-large size-large\" alt=\"\" srcset=\"https:\/\/argographene.com\/wp-content\/uploads\/2024\/05\/carbon-dioxide-emissions-title-1200x800-1.jpg 1200w, https:\/\/argographene.com\/wp-content\/uploads\/2024\/05\/carbon-dioxide-emissions-title-1200x800-1-600x400.jpg 600w, https:\/\/argographene.com\/wp-content\/uploads\/2024\/05\/carbon-dioxide-emissions-title-1200x800-1-768x512.jpg 768w, https:\/\/argographene.com\/wp-content\/uploads\/2024\/05\/carbon-dioxide-emissions-title-1200x800-1-510x340.jpg 510w\" sizes=\"auto, (max-width: 1020px) 100vw, 1020px\" \/>\t\t\t\t\t\t\n\t\t\t\t\t<\/div>\n\t\t\t\t\t\t\t\t\n<style>\n#image_1907420428 {\n  width: 100%;\n}\n@media (min-width:550px) {\n  #image_1907420428 {\n    width: 56%;\n  }\n}\n<\/style>\n\t<\/div>\n\t\n\t<div id=\"gap-875854304\" class=\"gap-element clearfix\" style=\"display:block; height:auto;\">\n\t\t\n<style>\n#gap-875854304 {\n  padding-top: 30px;\n}\n<\/style>\n\t<\/div>\n\t\n\t<div id=\"text-1131144174\" class=\"text\">\n\t\t\n<p>Die globalen Temperaturen steigen aufgrund der CO2-Emissionen verschiedener Industriezweige, wobei der Bausektor erheblich zum Kohlenstoff-Fu\u00dfabdruck beitr\u00e4gt.  <\/p>\n<p>Wenn Biokohle zu Zement und Beton hinzugef\u00fcgt wird, absorbiert sie mehr als das Doppelte ihres Eigengewichts an CO und wirkt so als Kohlenstoffsenke\/Kohlenstoffabscheider, der das C02 aus der Atmosph\u00e4re fernh\u00e4lt, w\u00e4hrend Stahl und Beton dies nicht tun.<\/p>\n<p>Biokohle verbessert auch die Qualit\u00e4t von Belagsmaterialien wie Asphalt beim Stra\u00dfenbau. Die Verwendung von Biokohle als Bindemittel erh\u00f6ht die Hochtemperatureigenschaften von Asphalt um bis zu 35%, so dass der Belag bei w\u00e4rmeren Temperaturen stabiler ist und besser zusammenh\u00e4lt. <\/p>\n<p>All dies l\u00e4sst auf eine klimabewusstere Vielfalt von Zement und zement\u00e4hnlichen Baumaterialien in der Zukunft hoffen.<\/p>\n\t\t\n<style>\n#text-1131144174 {\n  font-size: 1.2rem;\n  text-align: left;\n}\n<\/style>\n\t<\/div>\n\t\n\t<div id=\"gap-1962713492\" class=\"gap-element clearfix hide-for-small\" style=\"display:block; height:auto;\">\n\t\t\n<style>\n#gap-1962713492 {\n  padding-top: 50px;\n}\n<\/style>\n\t<\/div>\n\t\n\t\t<\/div>\n\t\t\t\t\t<\/div>\n\n\t\n<\/div>\n\t<div id=\"gap-1606180618\" class=\"gap-element clearfix\" style=\"display:block; height:auto;\">\n\t\t\n<style>\n#gap-1606180618 {\n  padding-top: 40px;\n}\n<\/style>\n\t<\/div>\n\t\n\t\t<\/div>\n\n\t\t\n<style>\n#section_1109053820 {\n  padding-top: 30px;\n  padding-bottom: 30px;\n}\n<\/style>\n\t<\/section>\n\t\n\n\t<section class=\"section\" id=\"section_735512411\">\n\t\t<div class=\"section-bg fill\" >\n\t\t\t\t\t\t\t\t\t\n\t\t\t\n\n\t\t<\/div>\n\n\t\t\n\n\t\t<div class=\"section-content relative\">\n\t\t\t\n<div class=\"row align-middle align-center\"  id=\"row-519599742\">\n\n\t<div id=\"col-130349629\" class=\"col small-12 large-12\"  >\n\t\t\t\t<div class=\"col-inner\"  >\n\t\t\t\n\t\t\t\n<div class=\"message-box relative dark\" style=\"padding-top:67px;padding-bottom:67px;\"><div class=\"message-box-bg-image bg-fill fill\" ><\/div><div class=\"message-box-bg-overlay bg-fill fill\" style=\"background-color:rgb(122, 156, 89);\"><\/div><div class=\"container relative\"><div class=\"inner last-reset\">\n<div class=\"row align-middle align-center\"  id=\"row-1653067067\">\n\n\t<div id=\"col-957433122\" class=\"col medium-12 small-12 large-10\"  >\n\t\t\t\t<div class=\"col-inner\"  >\n\t\t\t\n\t\t\t\n\t<div id=\"text-2297909729\" class=\"text\">\n\t\t\n<p><strong><span style=\"font-size: 160%;\">Wichtige Punkte<\/span><\/strong><\/p>\n<ul>\n<li>Baumaterialien aus Biokohle k\u00f6nnen mehr als das Doppelte ihres Eigengewichts an CO2 absorbieren und wirken so als Kohlenstoffsenke, w\u00e4hrend Stahl und Beton keinen Einfluss auf die Kohlenstoffbindung haben.\n<\/li>\n<li>Biokohle verbessert nachweislich die Hochtemperatureigenschaften von Stra\u00dfenbel\u00e4gen, wie z.B. Asphalt, um bis zu 35%.\n<\/li>\n<\/ul>\n\t\t\n<style>\n#text-2297909729 {\n  font-size: 1.2rem;\n  text-align: left;\n}\n<\/style>\n\t<\/div>\n\t\n\t\t<\/div>\n\t\t\t\t\t<\/div>\n\n\t\n<\/div>\n<\/div><\/div><\/div>\n<div class=\"row row-collapse\"  id=\"row-1386890921\">\n\n\t<div id=\"col-369175127\" class=\"col medium-6 small-6 large-6\"  >\n\t\t\t\t<div class=\"col-inner\"  >\n\t\t\t\n\t\t\t\n\t<div id=\"gap-217646358\" class=\"gap-element clearfix\" style=\"display:block; height:auto;\">\n\t\t\n<style>\n#gap-217646358 {\n  padding-top: 50px;\n}\n@media (min-width:550px) {\n  #gap-217646358 {\n    padding-top: 100px;\n  }\n}\n<\/style>\n\t<\/div>\n\t\n\t\t<\/div>\n\t\t\t\t\n<style>\n#col-369175127 > .col-inner {\n  padding: 0px 0px 0px 0px;\n  margin: 0px 0px 0px 0px;\n}\n<\/style>\n\t<\/div>\n\n\t\n\n\t<div id=\"col-1913994806\" class=\"col medium-6 small-6 large-6\"  >\n\t\t\t\t<div class=\"col-inner\"  >\n\t\t\t\n\t<div class=\"is-border\"\n\t\tstyle=\"border-color:rgb(39, 54, 71);border-width:0px 0px 0px 3px;\">\n\t<\/div>\n\t\t\t\n\t<div id=\"gap-733933935\" class=\"gap-element clearfix\" style=\"display:block; height:auto;\">\n\t\t\n<style>\n#gap-733933935 {\n  padding-top: 150px;\n}\n<\/style>\n\t<\/div>\n\t\n\t\t<\/div>\n\t\t\t\t\n<style>\n#col-1913994806 > .col-inner {\n  margin: -800px 0px 0px 0px;\n}\n@media (min-width:550px) {\n  #col-1913994806 > .col-inner {\n    margin: -430px 0px 0px 0px;\n  }\n}\n<\/style>\n\t<\/div>\n\n\t\n<\/div>\n\t\t<\/div>\n\t\t\t\t\t<\/div>\n\n\t\n<\/div>\n\t\t<\/div>\n\n\t\t\n<style>\n#section_735512411 {\n  padding-top: 30px;\n  padding-bottom: 30px;\n}\n<\/style>\n\t<\/section>\n\t\n","protected":false},"excerpt":{"rendered":"","protected":false},"author":7,"featured_media":0,"parent":3372,"menu_order":0,"comment_status":"closed","ping_status":"closed","template":"","meta":{"footnotes":""},"class_list":["post-3381","page","type-page","status-publish","hentry"],"_links":{"self":[{"href":"https:\/\/argographene.com\/de\/wp-json\/wp\/v2\/pages\/3381","targetHints":{"allow":["GET"]}}],"collection":[{"href":"https:\/\/argographene.com\/de\/wp-json\/wp\/v2\/pages"}],"about":[{"href":"https:\/\/argographene.com\/de\/wp-json\/wp\/v2\/types\/page"}],"author":[{"embeddable":true,"href":"https:\/\/argographene.com\/de\/wp-json\/wp\/v2\/users\/7"}],"replies":[{"embeddable":true,"href":"https:\/\/argographene.com\/de\/wp-json\/wp\/v2\/comments?post=3381"}],"version-history":[{"count":4,"href":"https:\/\/argographene.com\/de\/wp-json\/wp\/v2\/pages\/3381\/revisions"}],"predecessor-version":[{"id":3529,"href":"https:\/\/argographene.com\/de\/wp-json\/wp\/v2\/pages\/3381\/revisions\/3529"}],"up":[{"embeddable":true,"href":"https:\/\/argographene.com\/de\/wp-json\/wp\/v2\/pages\/3372"}],"wp:attachment":[{"href":"https:\/\/argographene.com\/de\/wp-json\/wp\/v2\/media?parent=3381"}],"curies":[{"name":"wp","href":"https:\/\/api.w.org\/{rel}","templated":true}]}}