{"id":3336,"date":"2024-05-27T14:01:40","date_gmt":"2024-05-27T21:01:40","guid":{"rendered":"https:\/\/argographene.com\/wasserstoffspeicher\/"},"modified":"2025-05-08T16:06:13","modified_gmt":"2025-05-08T23:06:13","slug":"wasserstoffspeicher","status":"publish","type":"page","link":"https:\/\/argographene.com\/de\/biokohle-anwendungsfaelle\/wasserstoffspeicher\/","title":{"rendered":"Wasserstoffspeicher"},"content":{"rendered":"\n\t<section class=\"section\" id=\"section_377659839\">\n\t\t<div class=\"section-bg fill\" >\n\t\t\t\t\t\t\t\t\t\n\t\t\t\n\n\t\t<\/div>\n\n\t\t\n\n\t\t<div class=\"section-content relative\">\n\t\t\t\n<div class=\"row align-center\"  id=\"row-553192546\">\n\n\t<div id=\"col-1109475283\" class=\"col medium-12 small-12 large-12\"  >\n\t\t\t\t<div class=\"col-inner\"  >\n\t\t\t\n\t\t\t\n\n  <div class=\"banner has-hover\" id=\"banner-341112196\">\n          <div class=\"banner-inner fill\">\n        <div class=\"banner-bg fill\" >\n                                                \n                    <\/div>\n\t\t\n        <div class=\"banner-layers container\">\n            <div class=\"fill banner-link\"><\/div>            \n   <div id=\"text-box-1050811945\" class=\"text-box banner-layer x50 md-x50 lg-x50 y50 md-y50 lg-y50 res-text\">\n                                <div class=\"text-box-content text dark text-shadow-2\">\n              \n              <div class=\"text-inner text-center\">\n                  \n<p class=\"uppercase\">Biokohle f\u00fcr<\/p>\n<h1 class=\"thin-font\">Ru\u00df-Ersatzstoff<br \/><\/h1>\n              <\/div>\n           <\/div>\n                            \n<style>\n#text-box-1050811945 {\n  width: 100%;\n}\n#text-box-1050811945 .text-box-content {\n  font-size: 100%;\n}\n@media (min-width:550px) {\n  #text-box-1050811945 {\n    width: 75%;\n  }\n}\n<\/style>\n    <\/div>\n \n        <\/div>\n      <\/div>\n\n            \n<style>\n#banner-341112196 {\n  padding-top: 300px;\n  background-color: rgb(122, 156, 89);\n}\n@media (min-width:550px) {\n  #banner-341112196 {\n    padding-top: 271px;\n  }\n}\n<\/style>\n  <\/div>\n\n\n\t\t<\/div>\n\t\t\t\t\n<style>\n#col-1109475283 > .col-inner {\n  padding: 0px 10px 0px 10px;\n  margin: 0px 0px 0px 0px;\n}\n@media (min-width:550px) {\n  #col-1109475283 > .col-inner {\n    padding: 30px 30px 0px 30px;\n  }\n}\n<\/style>\n\t<\/div>\n\n\t\n<\/div>\n<div class=\"row row-collapse align-middle align-center\"  id=\"row-1003968277\">\n\n\t<div id=\"col-948427874\" class=\"col medium-6 small-6 large-6\"  >\n\t\t\t\t<div class=\"col-inner\"  >\n\t\t\t\n\t\t\t\n\t<div id=\"gap-440564447\" class=\"gap-element clearfix\" style=\"display:block; height:auto;\">\n\t\t\n<style>\n#gap-440564447 {\n  padding-top: 50px;\n}\n@media (min-width:550px) {\n  #gap-440564447 {\n    padding-top: 90px;\n  }\n}\n<\/style>\n\t<\/div>\n\t\n\t\t<\/div>\n\t\t\t\t\t<\/div>\n\n\t\n\n\t<div id=\"col-1160912555\" class=\"col medium-6 small-6 large-6\"  >\n\t\t\t\t<div class=\"col-inner\"  >\n\t\t\t\n\t<div class=\"is-border\"\n\t\tstyle=\"border-color:rgb(39, 54, 71);border-width:0px 0px 0px 3px;\">\n\t<\/div>\n\t\t\t\n\t<div id=\"gap-60846654\" class=\"gap-element clearfix\" style=\"display:block; height:auto;\">\n\t\t\n<style>\n#gap-60846654 {\n  padding-top: 150px;\n}\n<\/style>\n\t<\/div>\n\t\n\t\t<\/div>\n\t\t\t\t\n<style>\n#col-1160912555 > .col-inner {\n  margin: -85px 0px 0px 0px;\n}\n<\/style>\n\t<\/div>\n\n\t\n<\/div>\n\t\t<\/div>\n\n\t\t\n<style>\n#section_377659839 {\n  padding-top: 30px;\n  padding-bottom: 30px;\n  background-color: rgb(255,255,255);\n}\n<\/style>\n\t<\/section>\n\t\n\n\t<section class=\"section\" id=\"section_1097971564\">\n\t\t<div class=\"section-bg fill\" >\n\t\t\t\t\t\t\t\t\t\n\t\t\t\n\n\t\t<\/div>\n\n\t\t\n\n\t\t<div class=\"section-content relative\">\n\t\t\t\n<div class=\"row row-full-width align-middle align-center\"  id=\"row-626440731\">\n\n\t<div id=\"col-1006707555\" class=\"col medium-10 small-12 large-10\"  >\n\t\t\t\t<div class=\"col-inner text-center\"  >\n\t\t\t\n\t\t\t\n\t<div id=\"text-3290088163\" class=\"text\">\n\t\t\n<p>Eine Alternative zu herk\u00f6mmlichen Methoden der Energiespeicherung<\/p>\n\t\t\n<style>\n#text-3290088163 {\n  font-size: 2.65rem;\n}\n<\/style>\n\t<\/div>\n\t\n\t<div class=\"img has-hover x md-x lg-x y md-y lg-y\" id=\"image_797776525\">\n\t\t\t\t\t\t\t\t<div class=\"img-inner dark\" >\n\t\t\t<img loading=\"lazy\" decoding=\"async\" width=\"1020\" height=\"680\" src=\"https:\/\/argographene.com\/wp-content\/uploads\/2022\/05\/Beneficial-Insects-1200x800.jpg\" class=\"attachment-large size-large\" alt=\"greenhouse\" srcset=\"https:\/\/argographene.com\/wp-content\/uploads\/2022\/05\/Beneficial-Insects-1200x800.jpg 1200w, https:\/\/argographene.com\/wp-content\/uploads\/2022\/05\/Beneficial-Insects-510x340.jpg 510w, https:\/\/argographene.com\/wp-content\/uploads\/2022\/05\/Beneficial-Insects-600x400.jpg 600w, https:\/\/argographene.com\/wp-content\/uploads\/2022\/05\/Beneficial-Insects-768x512.jpg 768w, https:\/\/argographene.com\/wp-content\/uploads\/2022\/05\/Beneficial-Insects-1536x1024.jpg 1536w, https:\/\/argographene.com\/wp-content\/uploads\/2022\/05\/Beneficial-Insects-2048x1366.jpg 2048w\" sizes=\"auto, (max-width: 1020px) 100vw, 1020px\" \/>\t\t\t\t\t\t\n\t\t\t\t\t<\/div>\n\t\t\t\t\t\t\t\t\n<style>\n#image_797776525 {\n  width: 100%;\n}\n@media (min-width:550px) {\n  #image_797776525 {\n    width: 74%;\n  }\n}\n@media (min-width:850px) {\n  #image_797776525 {\n    width: 40%;\n  }\n}\n<\/style>\n\t<\/div>\n\t\n\t<div id=\"gap-85253459\" class=\"gap-element clearfix\" style=\"display:block; height:auto;\">\n\t\t\n<style>\n#gap-85253459 {\n  padding-top: 30px;\n}\n<\/style>\n\t<\/div>\n\t\n\t<div id=\"text-150898799\" class=\"text\">\n\t\t\n<p>Biokohle hat eine por\u00f6se Struktur mit einer gro\u00dfen Oberfl\u00e4che, die sie zu einem hervorragenden Material f\u00fcr die Adsorption und Speicherung von Wasserstoffgas macht. Dies bietet eine nachhaltige Alternative zu herk\u00f6mmlichen Speichermethoden.   <\/p>\n<p>Insbesondere die Biokohle aus Pappelholzsp\u00e4nen ist chemisch stabil und gew\u00e4hrleistet eine sichere und effiziente Wasserstoffspeicherung. Unter optimalen Bedingungen kann sie bis zu 3 Gew.-% ihres Eigengewichts an Wasserstoff speichern.   <\/p>\n<p>Die Skalierbarkeit und Kosteneffizienz von Biokohle im Vergleich zu anderen Speichermaterialien machen sie wirtschaftlich attraktiv. Au\u00dferdem minimiert die F\u00e4higkeit von Biokohle, sich nach der Freisetzung von Wasserstoff zu regenerieren, gleichzeitig die Abfallmenge. Nach einer k\u00fcrzlich in China durchgef\u00fchrten Analyse des wirtschaftlichen Nutzens liegt der interne Zinsfu\u00df f\u00fcr Biokohle, die zur Wasserstoffspeicherung verwendet wird, bei etwa 22 %.  <\/p>\n\t\t\n<style>\n#text-150898799 {\n  font-size: 1.2rem;\n  text-align: left;\n}\n<\/style>\n\t<\/div>\n\t\n\t<div id=\"gap-789884767\" class=\"gap-element clearfix hide-for-small\" style=\"display:block; height:auto;\">\n\t\t\n<style>\n#gap-789884767 {\n  padding-top: 50px;\n}\n<\/style>\n\t<\/div>\n\t\n\t\t<\/div>\n\t\t\t\t\t<\/div>\n\n\t\n<\/div>\n\t<div id=\"gap-697969109\" class=\"gap-element clearfix\" style=\"display:block; height:auto;\">\n\t\t\n<style>\n#gap-697969109 {\n  padding-top: 40px;\n}\n<\/style>\n\t<\/div>\n\t\n\t\t<\/div>\n\n\t\t\n<style>\n#section_1097971564 {\n  padding-top: 20px;\n  padding-bottom: 20px;\n}\n@media (min-width:550px) {\n  #section_1097971564 {\n    padding-top: 30px;\n    padding-bottom: 30px;\n  }\n}\n<\/style>\n\t<\/section>\n\t\n\n\t<section class=\"section\" id=\"section_645842246\">\n\t\t<div class=\"section-bg fill\" >\n\t\t\t\t\t\t\t\t\t\n\t\t\t\n\n\t\t<\/div>\n\n\t\t\n\n\t\t<div class=\"section-content relative\">\n\t\t\t\n<div class=\"row align-middle align-center\"  id=\"row-193908069\">\n\n\t<div id=\"col-2079011452\" class=\"col small-12 large-12\"  >\n\t\t\t\t<div class=\"col-inner\"  >\n\t\t\t\n\t\t\t\n<div class=\"message-box relative dark\" style=\"padding-top:67px;padding-bottom:67px;\"><div class=\"message-box-bg-image bg-fill fill\" ><\/div><div class=\"message-box-bg-overlay bg-fill fill\" style=\"background-color:rgb(122, 156, 89);\"><\/div><div class=\"container relative\"><div class=\"inner last-reset\">\n<div class=\"row align-middle align-center\"  id=\"row-1885611293\">\n\n\t<div id=\"col-398504346\" class=\"col medium-12 small-12 large-10\"  >\n\t\t\t\t<div class=\"col-inner\"  >\n\t\t\t\n\t\t\t\n\t<div id=\"text-1741862580\" class=\"text\">\n\t\t\n<p><strong><span style=\"font-size: 160%;\">Wichtige Punkte<\/span><\/strong><\/p>\n<ul>\n<li>Insbesondere die Biokohle aus Pappelholzsp\u00e4nen ist chemisch stabil und gew\u00e4hrleistet eine sichere und effiziente Wasserstoffspeicherung. Unter optimalen Bedingungen kann sie bis zu 3 Gew.-% ihres Eigengewichts an Wasserstoff speichern.\n<\/li>\n<li>Laut einer in China durchgef\u00fchrten Analyse des wirtschaftlichen Nutzens haben Wasserstoffspeicherl\u00f6sungen auf der Basis von Biokohle einen internen Zinsfu\u00df von 22%.<\/li>\n<\/ul>\n\t\t\n<style>\n#text-1741862580 {\n  font-size: 1.2rem;\n  text-align: left;\n}\n<\/style>\n\t<\/div>\n\t\n\t\t<\/div>\n\t\t\t\t\t<\/div>\n\n\t\n<\/div>\n<\/div><\/div><\/div>\n<div class=\"row row-collapse\"  id=\"row-660949556\">\n\n\t<div id=\"col-1555031542\" class=\"col medium-6 small-6 large-6\"  >\n\t\t\t\t<div class=\"col-inner\"  >\n\t\t\t\n\t\t\t\n\t<div id=\"gap-1367683499\" class=\"gap-element clearfix\" style=\"display:block; height:auto;\">\n\t\t\n<style>\n#gap-1367683499 {\n  padding-top: 50px;\n}\n@media (min-width:550px) {\n  #gap-1367683499 {\n    padding-top: 100px;\n  }\n}\n<\/style>\n\t<\/div>\n\t\n\t\t<\/div>\n\t\t\t\t\n<style>\n#col-1555031542 > .col-inner {\n  padding: 0px 0px 0px 0px;\n  margin: 0px 0px 0px 0px;\n}\n<\/style>\n\t<\/div>\n\n\t\n\n\t<div id=\"col-1924396455\" class=\"col medium-6 small-6 large-6\"  >\n\t\t\t\t<div class=\"col-inner\"  >\n\t\t\t\n\t<div class=\"is-border\"\n\t\tstyle=\"border-color:rgb(39, 54, 71);border-width:0px 0px 0px 3px;\">\n\t<\/div>\n\t\t\t\n\t<div id=\"gap-1476850086\" class=\"gap-element clearfix\" style=\"display:block; height:auto;\">\n\t\t\n<style>\n#gap-1476850086 {\n  padding-top: 150px;\n}\n<\/style>\n\t<\/div>\n\t\n\t\t<\/div>\n\t\t\t\t\n<style>\n#col-1924396455 > .col-inner {\n  margin: -760px 0px 0px 0px;\n}\n@media (min-width:550px) {\n  #col-1924396455 > .col-inner {\n    margin: -400px 0px 0px 0px;\n  }\n}\n<\/style>\n\t<\/div>\n\n\t\n<\/div>\n\t\t<\/div>\n\t\t\t\t\t<\/div>\n\n\t\n<\/div>\n\t\t<\/div>\n\n\t\t\n<style>\n#section_645842246 {\n  padding-top: 30px;\n  padding-bottom: 30px;\n}\n<\/style>\n\t<\/section>\n\t\n","protected":false},"excerpt":{"rendered":"","protected":false},"author":7,"featured_media":0,"parent":3372,"menu_order":0,"comment_status":"closed","ping_status":"closed","template":"","meta":{"footnotes":""},"class_list":["post-3336","page","type-page","status-publish","hentry"],"_links":{"self":[{"href":"https:\/\/argographene.com\/de\/wp-json\/wp\/v2\/pages\/3336","targetHints":{"allow":["GET"]}}],"collection":[{"href":"https:\/\/argographene.com\/de\/wp-json\/wp\/v2\/pages"}],"about":[{"href":"https:\/\/argographene.com\/de\/wp-json\/wp\/v2\/types\/page"}],"author":[{"embeddable":true,"href":"https:\/\/argographene.com\/de\/wp-json\/wp\/v2\/users\/7"}],"replies":[{"embeddable":true,"href":"https:\/\/argographene.com\/de\/wp-json\/wp\/v2\/comments?post=3336"}],"version-history":[{"count":5,"href":"https:\/\/argographene.com\/de\/wp-json\/wp\/v2\/pages\/3336\/revisions"}],"predecessor-version":[{"id":3531,"href":"https:\/\/argographene.com\/de\/wp-json\/wp\/v2\/pages\/3336\/revisions\/3531"}],"up":[{"embeddable":true,"href":"https:\/\/argographene.com\/de\/wp-json\/wp\/v2\/pages\/3372"}],"wp:attachment":[{"href":"https:\/\/argographene.com\/de\/wp-json\/wp\/v2\/media?parent=3336"}],"curies":[{"name":"wp","href":"https:\/\/api.w.org\/{rel}","templated":true}]}}