{"id":3321,"date":"2024-10-15T11:59:34","date_gmt":"2024-10-15T18:59:34","guid":{"rendered":"https:\/\/argographene.com\/haftungsausschluesse\/"},"modified":"2025-08-14T09:00:00","modified_gmt":"2025-08-14T16:00:00","slug":"haftungsausschluesse","status":"publish","type":"page","link":"https:\/\/argographene.com\/de\/haftungsausschluesse\/","title":{"rendered":"Haftungsausschl\u00fcsse"},"content":{"rendered":"<h2><span style=\"font-size: 75%;\"><strong>Haftungsausschl\u00fcsse:<\/strong><\/span><\/h2>\n<p><span style=\"font-size: 75%;\">Diese Webseite stellt weder ein Angebot oder eine Aufforderung zum Verkauf oder zur Ausgabe von Wertpapieren der Argo Living Soils Corp. (&#8222;<strong>Argo<\/strong>&#8220; oder das &#8222;<strong>Unternehmen<\/strong>&#8222;) dar, noch ist sie Teil eines solchen Angebots oder einer solchen Aufforderung, noch darf sie oder die Tatsache ihrer \u00dcbermittlung die Grundlage f\u00fcr einen Vertrag oder eine Verpflichtung in Bezug auf solche Wertpapiere bilden oder als Anreiz f\u00fcr einen solchen Vertrag oder eine solche Verpflichtung dienen. Die \u00dcbermittlung dieser Webseite in oder an Personen in bestimmten Rechtsordnungen kann gesetzlich eingeschr\u00e4nkt sein, und Personen, die auf diese Webseite zugreifen, sollten sich \u00fcber solche Einschr\u00e4nkungen informieren und diese beachten. Keine Wertpapierb\u00f6rse und kein angeschlossener Dienstleister hat die Angemessenheit oder Richtigkeit des Inhalts dieser Webseite \u00fcberpr\u00fcft oder \u00fcbernimmt die Verantwortung daf\u00fcr.  <\/span><\/p>\n<p><span style=\"font-size: 75%;\">Das auf dieser Webseite enthaltene Material dient ausschlie\u00dflich Ihrer allgemeinen Information und ist nicht als umfassender \u00dcberblick \u00fcber alle Angelegenheiten und Entwicklungen im Zusammenhang mit Argo oder den von Argo entwickelten Biokohle- und landwirtschaftlichen Anwendungen gedacht. Argo hat bei der Beschaffung und\/oder Erstellung der auf dieser Webseite enthaltenen Informationen alle angemessene Sorgfalt walten lassen. Wenn Informationen aus einer fremden Quelle stammen, sind sie als solche gekennzeichnet. Argo kann keine Gew\u00e4hr f\u00fcr die Vollst\u00e4ndigkeit oder Richtigkeit von Informationen Dritter \u00fcbernehmen und \u00fcbernimmt keine Verantwortung f\u00fcr Fehler in den Informationen Dritter. Die auf dieser Webseite enthaltenen Informationen k\u00f6nnen technische oder andere Ungenauigkeiten, Auslassungen oder typographische Fehler enthalten, f\u00fcr die Argo keine Verantwortung \u00fcbernimmt. Argo gibt keine Zusicherungen oder Garantien ab und \u00fcbernimmt keine Verantwortung f\u00fcr die Verwendung, G\u00fcltigkeit, Genauigkeit, Vollst\u00e4ndigkeit, Zuverl\u00e4ssigkeit oder Aktualit\u00e4t von Behauptungen, Aussagen oder Informationen auf dieser Webseite.    <\/span><\/p>\n<\/p>\n<h2><span style=\"font-size: 75%;\"><strong>Zukunftsgerichtete Aussagen<\/strong><\/span><\/h2>\n<p><span style=\"font-size: 75%;\">Diese Webseite enth\u00e4lt Aussagen und Informationen, die, soweit sie keine historischen Tatsachen sind, &#8222;zukunftsgerichtete Informationen&#8220; im Sinne der geltenden Wertpapiergesetze darstellen k\u00f6nnen. Zukunftsgerichtete Informationen k\u00f6nnen finanzielle und andere Prognosen sowie Aussagen \u00fcber zuk\u00fcnftige Pl\u00e4ne, Ziele oder wirtschaftliche Leistungen oder die diesen zugrunde liegenden Annahmen beinhalten. In einigen F\u00e4llen sind zukunftsgerichtete Aussagen an Begriffen wie &#8222;kann&#8220;, &#8222;w\u00fcrde&#8220;, &#8222;k\u00f6nnte&#8220;, &#8222;wird&#8220;, &#8222;wird sein&#8220;, &#8222;anstreben&#8220;, &#8222;zielt&#8220;, &#8222;wahrscheinlich&#8220;, &#8222;au\u00dfer&#8220;, &#8222;antizipieren&#8220;, &#8222;glauben&#8220;, &#8222;beabsichtigen&#8220;, &#8222;planen&#8220;, &#8222;prognostizieren&#8220;, &#8222;projizieren&#8220;, &#8222;sch\u00e4tzen&#8220;, &#8222;Ausblick&#8220; oder deren Verneinung oder anderen \u00e4hnlichen Ausdr\u00fccken zu erkennen, die sich auf Sachverhalte beziehen, die keine historischen Fakten sind. Beispiele f\u00fcr solche Aussagen sind u.a. Aussagen \u00fcber die Ver\u00e4nderung und Umwandlung von W\u00fcste in Ackerland, die Revolutionierung landwirtschaftlicher Praktiken durch Argo, die Verbesserung der Bodenfruchtbarkeit durch die Produkte von Argo, die Steigerung der Ernteertr\u00e4ge und die Verringerung des Bedarfs an chemischen D\u00fcngemitteln, die Expansion von Argo in die M\u00e4rkte S\u00fcdostasiens und des Nahen Ostens, die kontinuierliche Innovation durch Argo und die Weiterentwicklung von Biokohleanwendungen, die weltweite Ausbreitung von Biokohleanwendungen, die wichtigsten Vorteile der von Argo entwickelten Biokohleanwendung und der strategische Plan von Argo.   <\/span><\/p>\n<p><span style=\"font-size: 75%;\">Zukunftsgerichtete Informationen beruhen auf den Annahmen, Sch\u00e4tzungen, Analysen und Meinungen des Managements, die vor dem Hintergrund seiner Erfahrung und seiner Wahrnehmung von Trends, aktuellen Bedingungen und erwarteten Entwicklungen sowie anderen Faktoren getroffen wurden, die das Management zum Zeitpunkt der Abgabe dieser Aussagen f\u00fcr relevant und angemessen h\u00e4lt, die sich jedoch als falsch erweisen k\u00f6nnen. Zu den wesentlichen Faktoren und Annahmen, die f\u00fcr die Entwicklung der hierin enthaltenen zukunftsgerichteten Informationen herangezogen wurden, geh\u00f6ren unter anderem, dass Schl\u00fcsselpersonal und qualifizierte Mitarbeiter ihr Engagement f\u00fcr das Unternehmen fortsetzen; dass das Unternehmen Biokohle und organische landwirtschaftliche Produkte und L\u00f6sungen erfolgreich und zeitnah entwickelt und vermarktet; dass ausreichende Produktionskapazit\u00e4ten f\u00fcr die Herstellung von Biokohle und organischen landwirtschaftlichen Produkten und L\u00f6sungen zur Verf\u00fcgung stehen; dass aktuelle und zuk\u00fcnftige Probleme in der globalen Lieferkette keine wesentlichen negativen Auswirkungen auf die Produktion und Herstellung von Biokohle und organischen landwirtschaftlichen Produkten und L\u00f6sungen haben; die F\u00e4higkeit des Unternehmens, bei Bedarf zus\u00e4tzliche Finanzmittel zu angemessenen Bedingungen zu beschaffen; die Wettbewerbsbedingungen in den Branchen, in denen das Unternehmen t\u00e4tig ist, die sich nicht wesentlich versch\u00e4rfen; eine anhaltende Nachfrage nach Biokohle und biologischen landwirtschaftlichen Produkten und L\u00f6sungen in gro\u00dfem Ma\u00dfstab und deren Akzeptanz; eine kontinuierliche Zusammenarbeit zwischen dem Unternehmen und seinen Forschungs- und Entwicklungspartnern und keine \u00c4nderungen der f\u00fcr das Unternehmen geltenden Gesetze, die sich wesentlich nachteilig auf das Unternehmen auswirken w\u00fcrden. <\/span><\/p>\n<p><span style=\"font-size: 75%;\">Zukunftsgerichtete Informationen beinhalten bekannte und unbekannte Risiken, Ungewissheiten und andere Faktoren, die dazu f\u00fchren k\u00f6nnen, dass die tats\u00e4chlichen Ergebnisse, Leistungen oder Errungenschaften des Unternehmens erheblich von den in den zukunftsgerichteten Informationen ausgedr\u00fcckten oder implizierten Ergebnissen, Leistungen oder Errungenschaften abweichen, einschlie\u00dflich, ohne Einschr\u00e4nkung, Risiken in Bezug auf die zuk\u00fcnftigen Gesch\u00e4ftspl\u00e4ne des Unternehmens; Risiken, dass das Unternehmen nicht in der Lage sein wird, sein Schl\u00fcsselpersonal zu halten; Risiken, dass das Unternehmen nicht in der Lage sein wird, Biokohle und organische landwirtschaftliche Produkte und L\u00f6sungen \u00fcberhaupt erfolgreich zu entwickeln und zu vermarkten; Risiken, dass das Unternehmen nicht in der Lage sein wird, ausreichende Produktionskapazit\u00e4ten zu schaffen oder zu sichern, um die Menge an Biokohle und organischen landwirtschaftlichen Produkten und L\u00f6sungen zu produzieren; Risiken, dass gegenw\u00e4rtige und zuk\u00fcnftige Probleme in der globalen Lieferkette die Entwicklung von Biokohle und organischen landwirtschaftlichen Produkten und L\u00f6sungen verz\u00f6gern werden; Risiken, dass das Unternehmen nicht in der Lage sein wird, die erforderliche Finanzierung zu angemessenen Bedingungen oder \u00fcberhaupt zu sichern; Risiken in Bezug auf die Umsetzung von Gesetzen und Vorschriften, die dem Produktangebot des Unternehmens im Nahen Osten und\/oder in S\u00fcdostasien Beschr\u00e4nkungen auferlegen k\u00f6nnten; sowie alle anderen Risiken, die in der kontinuierlichen Offenlegungsakte des Unternehmens beschrieben sind. Dementsprechend sollten sich die Leser nicht in unangemessener Weise auf solche zukunftsgerichteten Informationen verlassen. Dar\u00fcber hinaus beziehen sich alle zukunftsgerichteten Informationen nur auf das Datum, an dem sie gemacht werden. Von Zeit zu Zeit treten neue Faktoren auf, und es ist dem Management des Unternehmens nicht m\u00f6glich, alle diese Faktoren vorherzusehen und die Auswirkungen jedes einzelnen dieser Faktoren auf das Gesch\u00e4ft des Unternehmens oder das Ausma\u00df, in dem ein Faktor oder eine Kombination von Faktoren dazu f\u00fchren kann, dass die tats\u00e4chlichen Ergebnisse wesentlich von den in den zukunftsgerichteten Informationen enthaltenen abweichen, im Voraus zu beurteilen. Das Unternehmen ist nicht verpflichtet, zukunftsgerichtete Informationen zu aktualisieren, um sie an Informationen oder Ereignisse nach dem Datum, an dem sie gemacht wurden, anzupassen oder um das Eintreten unvorhergesehener Ereignisse zu ber\u00fccksichtigen, es sei denn, dies ist gesetzlich vorgeschrieben, einschlie\u00dflich der Wertpapiergesetze.    <\/span><\/p><\/p>\n","protected":false},"excerpt":{"rendered":"<p>Haftungsausschl\u00fcsse: Diese Webseite stellt weder ein Angebot oder eine Aufforderung zum Verkauf oder zur Ausgabe von Wertpapieren der Argo Living Soils Corp. (&#8222;Argo&#8220; oder das &#8222;Unternehmen&#8222;) dar, noch ist sie Teil eines solchen Angebots oder einer solchen Aufforderung, noch darf sie oder die Tatsache ihrer \u00dcbermittlung die Grundlage f\u00fcr einen Vertrag oder eine Verpflichtung in [&#8230;]\n","protected":false},"author":19,"featured_media":0,"parent":0,"menu_order":0,"comment_status":"closed","ping_status":"closed","template":"","meta":{"footnotes":""},"class_list":["post-3321","page","type-page","status-publish","hentry"],"_links":{"self":[{"href":"https:\/\/argographene.com\/de\/wp-json\/wp\/v2\/pages\/3321","targetHints":{"allow":["GET"]}}],"collection":[{"href":"https:\/\/argographene.com\/de\/wp-json\/wp\/v2\/pages"}],"about":[{"href":"https:\/\/argographene.com\/de\/wp-json\/wp\/v2\/types\/page"}],"author":[{"embeddable":true,"href":"https:\/\/argographene.com\/de\/wp-json\/wp\/v2\/users\/19"}],"replies":[{"embeddable":true,"href":"https:\/\/argographene.com\/de\/wp-json\/wp\/v2\/comments?post=3321"}],"version-history":[{"count":1,"href":"https:\/\/argographene.com\/de\/wp-json\/wp\/v2\/pages\/3321\/revisions"}],"predecessor-version":[{"id":3322,"href":"https:\/\/argographene.com\/de\/wp-json\/wp\/v2\/pages\/3321\/revisions\/3322"}],"wp:attachment":[{"href":"https:\/\/argographene.com\/de\/wp-json\/wp\/v2\/media?parent=3321"}],"curies":[{"name":"wp","href":"https:\/\/api.w.org\/{rel}","templated":true}]}}